{"id":12456,"date":"2023-07-21T15:41:10","date_gmt":"2023-07-21T15:41:10","guid":{"rendered":"https:\/\/www.valadascoriel.com\/?page_id=12456"},"modified":"2024-12-27T10:25:12","modified_gmt":"2024-12-27T10:25:12","slug":"in-memory-of-paulino-brilhante-santos","status":"publish","type":"page","link":"https:\/\/www.valadascoriel.com\/pt-pt\/in-memory-of-paulino-brilhante-santos\/","title":{"rendered":"Em mem\u00f3ria de Paulino Brilhante Santos"},"content":{"rendered":"<div class=\"wp-bootstrap-blocks-row row\">\n\t\n\n<div class=\"col-12 col-md-4\">\n\t\t\t\n\n<figure class=\"wp-block-image size-large\"><img loading=\"lazy\" decoding=\"async\" width=\"1024\" height=\"1024\" src=\"https:\/\/www.valadascoriel.com\/wp-content\/uploads\/2023\/07\/PBS-1024x1024.jpg\" alt=\"\" class=\"wp-image-12457\" srcset=\"https:\/\/www.valadascoriel.com\/wp-content\/uploads\/2023\/07\/PBS-1024x1024.jpg 1024w, https:\/\/www.valadascoriel.com\/wp-content\/uploads\/2023\/07\/PBS-300x300.jpg 300w, https:\/\/www.valadascoriel.com\/wp-content\/uploads\/2023\/07\/PBS-150x150.jpg 150w, https:\/\/www.valadascoriel.com\/wp-content\/uploads\/2023\/07\/PBS-768x768.jpg 768w, https:\/\/www.valadascoriel.com\/wp-content\/uploads\/2023\/07\/PBS-1536x1536.jpg 1536w, https:\/\/www.valadascoriel.com\/wp-content\/uploads\/2023\/07\/PBS-2048x2048.jpg 2048w, https:\/\/www.valadascoriel.com\/wp-content\/uploads\/2023\/07\/PBS-180x180.jpg 180w, https:\/\/www.valadascoriel.com\/wp-content\/uploads\/2023\/07\/PBS-380x380.jpg 380w, https:\/\/www.valadascoriel.com\/wp-content\/uploads\/2023\/07\/PBS-600x600.jpg 600w\" sizes=\"auto, (max-width: 1024px) 100vw, 1024px\" \/><\/figure>\n\n\n\n<p class=\"has-text-align-left has-primary-color has-text-color\">1961 &#8211; 2022<\/p>\n\n\t<\/div>\n\n\n\n<div class=\"col-12 col-md-8\">\n\t\t\t\n\n<h2 class=\"wp-block-heading has-primary-color has-text-color\">Paulino Brilhante Santos<\/h2>\n\n\n\n<p>Paulino Brilhante Santos foi S\u00f3cio da VCA desde 2011 at\u00e9 ao seu falecimento prematuro, aos 61 anos, em janeiro de 2022. Licenciado em Direito pela Faculdade de Direito da Universidade Cl\u00e1ssica de Lisboa e advogado Especialista em Direito Fiscal, era Coordenador do Departamento Fiscal, Energia e Projetos Internacionais da VCA, tendo estado envolvido em v\u00e1rios projetos com a Comiss\u00e3o Europeia atrav\u00e9s da network Grimaldi Alliance. Estagiou com o Dr. Medina Carreira, ingressou na Arthur Andersen, teve escrit\u00f3rio pr\u00f3prio com o tamb\u00e9m malogrado V\u00edtor F\u00e9lix, integrou o Grupo Legal Portugu\u00eas, precursor dos grandes escrit\u00f3rios de advocacia portugueses, trabalhou na miss\u00e3o das Na\u00e7\u00f5es Unidas no Kosovo, na Barros Sobral Gomes e Associados e na Miranda &amp; Associados. Foi dos primeiros advogados a quem foi reconhecido o grau de especialista em Direito Fiscal e foi \u00e1rbitro no CAAD.<\/p>\n\n\n\n<p>Paulino assessorou governos e grandes empresas em opera\u00e7\u00f5es de privatiza\u00e7\u00e3o, parcerias p\u00fablico-privadas e concess\u00f5es. Adquiriu experi\u00eancia relevante em projetos de reforma legal, institucional e fiscal de v\u00e1rios pa\u00edses, tendo trabalhado em pa\u00edses como Angola, Brasil, Jord\u00e2nia, Lib\u00e9ria, Mo\u00e7ambique, Nicar\u00e1gua, Kosovo, R\u00fassia e Ucr\u00e2nia. <\/p>\n\n\n\n<p>Sportinguista ferrenho, conhecido pela sua irrever\u00eancia e personalidade indom\u00e1vel, Paulino Brilhante Santos deixou uma marca indel\u00e9vel na advocacia portuguesa e internacional. Paulino fazia jus ao seu nome: era verdadeiramente Brilhante. Polemista, dono de uma cultura enciclop\u00e9dica, era das pessoas mais interessantes que alguma vez passou por todos n\u00f3s. \u00cdntegro, obstinado, irreverente, extremamente inteligente e de uma generosidade incomensur\u00e1vel, Paulino era tamb\u00e9m, e acima de tudo, um amigo do seu amigo e um Ser com um cora\u00e7\u00e3o gigante.<\/p>\n\n\t<\/div>\n\n<\/div>\n","protected":false},"excerpt":{"rendered":"","protected":false},"author":3,"featured_media":0,"parent":0,"menu_order":0,"comment_status":"closed","ping_status":"closed","template":"","meta":{"content-type":"","footnotes":""},"class_list":["post-12456","page","type-page","status-publish","hentry"],"yoast_head":"<!-- This site is optimized with the Yoast SEO Premium plugin v21.3 (Yoast SEO v26.1.1) - https:\/\/yoast.com\/wordpress\/plugins\/seo\/ -->\n<title>Em mem\u00f3ria de Paulino Brilhante Santos - VCA - Valadas Coriel e Associados<\/title>\n<meta name=\"robots\" content=\"index, follow, max-snippet:-1, max-image-preview:large, max-video-preview:-1\" \/>\n<link rel=\"canonical\" href=\"https:\/\/www.valadascoriel.com\/pt-pt\/in-memory-of-paulino-brilhante-santos\/\" \/>\n<meta property=\"og:locale\" content=\"pt_PT\" \/>\n<meta property=\"og:type\" content=\"article\" \/>\n<meta property=\"og:title\" content=\"Em mem\u00f3ria de Paulino Brilhante Santos\" \/>\n<meta property=\"og:url\" content=\"https:\/\/www.valadascoriel.com\/pt-pt\/in-memory-of-paulino-brilhante-santos\/\" \/>\n<meta property=\"og:site_name\" content=\"VCA - Valadas Coriel e Associados\" \/>\n<meta property=\"article:publisher\" content=\"https:\/\/www.facebook.com\/ValadasCoriel\/\" \/>\n<meta property=\"article:modified_time\" content=\"2024-12-27T10:25:12+00:00\" \/>\n<meta property=\"og:image\" content=\"https:\/\/www.valadascoriel.com\/wp-content\/uploads\/2023\/07\/PBS-scaled.jpg\" \/>\n\t<meta property=\"og:image:width\" content=\"2560\" \/>\n\t<meta property=\"og:image:height\" content=\"2560\" \/>\n\t<meta property=\"og:image:type\" content=\"image\/jpeg\" \/>\n<meta name=\"twitter:card\" content=\"summary_large_image\" \/>\n<meta name=\"twitter:site\" content=\"@valadascoriel\" \/>\n<meta name=\"twitter:label1\" content=\"Tempo estimado de leitura\" \/>\n\t<meta name=\"twitter:data1\" content=\"2 minutos\" \/>\n<script type=\"application\/ld+json\" class=\"yoast-schema-graph\">{\"@context\":\"https:\/\/schema.org\",\"@graph\":[{\"@type\":\"WebPage\",\"@id\":\"https:\/\/www.valadascoriel.com\/pt-pt\/in-memory-of-paulino-brilhante-santos\/\",\"url\":\"https:\/\/www.valadascoriel.com\/pt-pt\/in-memory-of-paulino-brilhante-santos\/\",\"name\":\"Em mem\u00f3ria de Paulino Brilhante Santos - VCA - Valadas Coriel e Associados\",\"isPartOf\":{\"@id\":\"https:\/\/www.valadascoriel.com\/#website\"},\"primaryImageOfPage\":{\"@id\":\"https:\/\/www.valadascoriel.com\/pt-pt\/in-memory-of-paulino-brilhante-santos\/#primaryimage\"},\"image\":{\"@id\":\"https:\/\/www.valadascoriel.com\/pt-pt\/in-memory-of-paulino-brilhante-santos\/#primaryimage\"},\"thumbnailUrl\":\"https:\/\/www.valadascoriel.com\/wp-content\/uploads\/2023\/07\/PBS-1024x1024.jpg\",\"datePublished\":\"2023-07-21T15:41:10+00:00\",\"dateModified\":\"2024-12-27T10:25:12+00:00\",\"breadcrumb\":{\"@id\":\"https:\/\/www.valadascoriel.com\/pt-pt\/in-memory-of-paulino-brilhante-santos\/#breadcrumb\"},\"inLanguage\":\"pt-PT\",\"potentialAction\":[{\"@type\":\"ReadAction\",\"target\":[\"https:\/\/www.valadascoriel.com\/pt-pt\/in-memory-of-paulino-brilhante-santos\/\"]}]},{\"@type\":\"ImageObject\",\"inLanguage\":\"pt-PT\",\"@id\":\"https:\/\/www.valadascoriel.com\/pt-pt\/in-memory-of-paulino-brilhante-santos\/#primaryimage\",\"url\":\"https:\/\/www.valadascoriel.com\/wp-content\/uploads\/2023\/07\/PBS-1024x1024.jpg\",\"contentUrl\":\"https:\/\/www.valadascoriel.com\/wp-content\/uploads\/2023\/07\/PBS-1024x1024.jpg\"},{\"@type\":\"BreadcrumbList\",\"@id\":\"https:\/\/www.valadascoriel.com\/pt-pt\/in-memory-of-paulino-brilhante-santos\/#breadcrumb\",\"itemListElement\":[{\"@type\":\"ListItem\",\"position\":1,\"name\":\"In\u00edcio\",\"item\":\"https:\/\/www.valadascoriel.com\/pt-pt\/\"},{\"@type\":\"ListItem\",\"position\":2,\"name\":\"Em mem\u00f3ria de Paulino Brilhante Santos\"}]},{\"@type\":\"WebSite\",\"@id\":\"https:\/\/www.valadascoriel.com\/#website\",\"url\":\"https:\/\/www.valadascoriel.com\/\",\"name\":\"Valadas Coriel & Associados\",\"description\":\"A versatile legal firm combining experience, expertise &amp; creativity.\",\"publisher\":{\"@id\":\"https:\/\/www.valadascoriel.com\/#organization\"},\"potentialAction\":[{\"@type\":\"SearchAction\",\"target\":{\"@type\":\"EntryPoint\",\"urlTemplate\":\"https:\/\/www.valadascoriel.com\/?s={search_term_string}\"},\"query-input\":{\"@type\":\"PropertyValueSpecification\",\"valueRequired\":true,\"valueName\":\"search_term_string\"}}],\"inLanguage\":\"pt-PT\"},{\"@type\":\"Organization\",\"@id\":\"https:\/\/www.valadascoriel.com\/#organization\",\"name\":\"Valadas Coriel & Associados\",\"alternateName\":\"VCA\",\"url\":\"https:\/\/www.valadascoriel.com\/\",\"logo\":{\"@type\":\"ImageObject\",\"inLanguage\":\"pt-PT\",\"@id\":\"https:\/\/www.valadascoriel.com\/#\/schema\/logo\/image\/\",\"url\":\"https:\/\/www.valadascoriel.com\/wp-content\/uploads\/2023\/03\/cropped-favicon-1.png\",\"contentUrl\":\"https:\/\/www.valadascoriel.com\/wp-content\/uploads\/2023\/03\/cropped-favicon-1.png\",\"width\":512,\"height\":512,\"caption\":\"Valadas Coriel & Associados\"},\"image\":{\"@id\":\"https:\/\/www.valadascoriel.com\/#\/schema\/logo\/image\/\"},\"sameAs\":[\"https:\/\/www.facebook.com\/ValadasCoriel\/\",\"https:\/\/x.com\/valadascoriel\",\"https:\/\/pt.linkedin.com\/company\/vca-valadas-coriel-associados\",\"https:\/\/www.youtube.com\/channel\/UCic8dCFjoTtH5u890aEcW5Q\"]}]}<\/script>\n<!-- \/ Yoast SEO Premium plugin. -->","yoast_head_json":{"title":"Em mem\u00f3ria de Paulino Brilhante Santos - VCA - Valadas Coriel e Associados","robots":{"index":"index","follow":"follow","max-snippet":"max-snippet:-1","max-image-preview":"max-image-preview:large","max-video-preview":"max-video-preview:-1"},"canonical":"https:\/\/www.valadascoriel.com\/pt-pt\/in-memory-of-paulino-brilhante-santos\/","og_locale":"pt_PT","og_type":"article","og_title":"Em mem\u00f3ria de Paulino Brilhante Santos","og_url":"https:\/\/www.valadascoriel.com\/pt-pt\/in-memory-of-paulino-brilhante-santos\/","og_site_name":"VCA - Valadas Coriel e Associados","article_publisher":"https:\/\/www.facebook.com\/ValadasCoriel\/","article_modified_time":"2024-12-27T10:25:12+00:00","og_image":[{"width":2560,"height":2560,"url":"https:\/\/www.valadascoriel.com\/wp-content\/uploads\/2023\/07\/PBS-scaled.jpg","type":"image\/jpeg"}],"twitter_card":"summary_large_image","twitter_site":"@valadascoriel","twitter_misc":{"Tempo estimado de leitura":"2 minutos"},"schema":{"@context":"https:\/\/schema.org","@graph":[{"@type":"WebPage","@id":"https:\/\/www.valadascoriel.com\/pt-pt\/in-memory-of-paulino-brilhante-santos\/","url":"https:\/\/www.valadascoriel.com\/pt-pt\/in-memory-of-paulino-brilhante-santos\/","name":"Em mem\u00f3ria de Paulino Brilhante Santos - VCA - Valadas Coriel e Associados","isPartOf":{"@id":"https:\/\/www.valadascoriel.com\/#website"},"primaryImageOfPage":{"@id":"https:\/\/www.valadascoriel.com\/pt-pt\/in-memory-of-paulino-brilhante-santos\/#primaryimage"},"image":{"@id":"https:\/\/www.valadascoriel.com\/pt-pt\/in-memory-of-paulino-brilhante-santos\/#primaryimage"},"thumbnailUrl":"https:\/\/www.valadascoriel.com\/wp-content\/uploads\/2023\/07\/PBS-1024x1024.jpg","datePublished":"2023-07-21T15:41:10+00:00","dateModified":"2024-12-27T10:25:12+00:00","breadcrumb":{"@id":"https:\/\/www.valadascoriel.com\/pt-pt\/in-memory-of-paulino-brilhante-santos\/#breadcrumb"},"inLanguage":"pt-PT","potentialAction":[{"@type":"ReadAction","target":["https:\/\/www.valadascoriel.com\/pt-pt\/in-memory-of-paulino-brilhante-santos\/"]}]},{"@type":"ImageObject","inLanguage":"pt-PT","@id":"https:\/\/www.valadascoriel.com\/pt-pt\/in-memory-of-paulino-brilhante-santos\/#primaryimage","url":"https:\/\/www.valadascoriel.com\/wp-content\/uploads\/2023\/07\/PBS-1024x1024.jpg","contentUrl":"https:\/\/www.valadascoriel.com\/wp-content\/uploads\/2023\/07\/PBS-1024x1024.jpg"},{"@type":"BreadcrumbList","@id":"https:\/\/www.valadascoriel.com\/pt-pt\/in-memory-of-paulino-brilhante-santos\/#breadcrumb","itemListElement":[{"@type":"ListItem","position":1,"name":"In\u00edcio","item":"https:\/\/www.valadascoriel.com\/pt-pt\/"},{"@type":"ListItem","position":2,"name":"Em mem\u00f3ria de Paulino Brilhante Santos"}]},{"@type":"WebSite","@id":"https:\/\/www.valadascoriel.com\/#website","url":"https:\/\/www.valadascoriel.com\/","name":"Valadas Coriel & Associados","description":"A versatile legal firm combining experience, expertise &amp; creativity.","publisher":{"@id":"https:\/\/www.valadascoriel.com\/#organization"},"potentialAction":[{"@type":"SearchAction","target":{"@type":"EntryPoint","urlTemplate":"https:\/\/www.valadascoriel.com\/?s={search_term_string}"},"query-input":{"@type":"PropertyValueSpecification","valueRequired":true,"valueName":"search_term_string"}}],"inLanguage":"pt-PT"},{"@type":"Organization","@id":"https:\/\/www.valadascoriel.com\/#organization","name":"Valadas Coriel & Associados","alternateName":"VCA","url":"https:\/\/www.valadascoriel.com\/","logo":{"@type":"ImageObject","inLanguage":"pt-PT","@id":"https:\/\/www.valadascoriel.com\/#\/schema\/logo\/image\/","url":"https:\/\/www.valadascoriel.com\/wp-content\/uploads\/2023\/03\/cropped-favicon-1.png","contentUrl":"https:\/\/www.valadascoriel.com\/wp-content\/uploads\/2023\/03\/cropped-favicon-1.png","width":512,"height":512,"caption":"Valadas Coriel & Associados"},"image":{"@id":"https:\/\/www.valadascoriel.com\/#\/schema\/logo\/image\/"},"sameAs":["https:\/\/www.facebook.com\/ValadasCoriel\/","https:\/\/x.com\/valadascoriel","https:\/\/pt.linkedin.com\/company\/vca-valadas-coriel-associados","https:\/\/www.youtube.com\/channel\/UCic8dCFjoTtH5u890aEcW5Q"]}]}},"_links":{"self":[{"href":"https:\/\/www.valadascoriel.com\/pt-pt\/wp-json\/wp\/v2\/pages\/12456","targetHints":{"allow":["GET"]}}],"collection":[{"href":"https:\/\/www.valadascoriel.com\/pt-pt\/wp-json\/wp\/v2\/pages"}],"about":[{"href":"https:\/\/www.valadascoriel.com\/pt-pt\/wp-json\/wp\/v2\/types\/page"}],"author":[{"embeddable":true,"href":"https:\/\/www.valadascoriel.com\/pt-pt\/wp-json\/wp\/v2\/users\/3"}],"replies":[{"embeddable":true,"href":"https:\/\/www.valadascoriel.com\/pt-pt\/wp-json\/wp\/v2\/comments?post=12456"}],"version-history":[{"count":8,"href":"https:\/\/www.valadascoriel.com\/pt-pt\/wp-json\/wp\/v2\/pages\/12456\/revisions"}],"predecessor-version":[{"id":16629,"href":"https:\/\/www.valadascoriel.com\/pt-pt\/wp-json\/wp\/v2\/pages\/12456\/revisions\/16629"}],"wp:attachment":[{"href":"https:\/\/www.valadascoriel.com\/pt-pt\/wp-json\/wp\/v2\/media?parent=12456"}],"curies":[{"name":"wp","href":"https:\/\/api.w.org\/{rel}","templated":true}]}}