{"id":14720,"date":"2023-11-27T13:14:15","date_gmt":"2023-11-27T13:14:15","guid":{"rendered":"https:\/\/www.valadascoriel.com\/?page_id=14720"},"modified":"2025-01-29T14:39:23","modified_gmt":"2025-01-29T14:39:23","slug":"mariana-lacueva-barradas","status":"publish","type":"page","link":"https:\/\/www.valadascoriel.com\/pt-pt\/sociedade\/equipa\/mariana-lacueva-barradas\/","title":{"rendered":"Mariana Lacueva Barradas"},"content":{"rendered":"<div class=\"wp-bootstrap-blocks-row row\">\n\t\n\n<div class=\"col-12 col-md-3\">\n\t\t\t\n\n<p><strong>Contacto<\/strong><br \/><a href=\"mailto:mariana.barradas@valadascoriel.com\" target=\"_blank\" rel=\"noreferrer noopener\">mariana.barradas@valadascoriel.com<\/a><\/p>\n\n\n\n<div class=\"wp-block-outermost-icon-block\"><a class=\"icon-container has-icon-color has-dark-color\" href=\"https:\/\/www.linkedin.com\/in\/mariana-barradas-4a632887\/\" target=\"_blank\" rel=\"noreferrer noopener\" style=\"color:#1f1f1f;width:2em;transform:rotate(0deg) scaleX(1) scaleY(1)\"><svg xmlns=\"http:\/\/www.w3.org\/2000\/svg\" viewBox=\"0 0 24 24\" aria-hidden=\"true\"><path d=\"M19.7,3H4.3C3.582,3,3,3.582,3,4.3v15.4C3,20.418,3.582,21,4.3,21h15.4c0.718,0,1.3-0.582,1.3-1.3V4.3 C21,3.582,20.418,3,19.7,3z M8.339,18.338H5.667v-8.59h2.672V18.338z M7.004,8.574c-0.857,0-1.549-0.694-1.549-1.548 c0-0.855,0.691-1.548,1.549-1.548c0.854,0,1.547,0.694,1.547,1.548C8.551,7.881,7.858,8.574,7.004,8.574z M18.339,18.338h-2.669 v-4.177c0-0.996-0.017-2.278-1.387-2.278c-1.389,0-1.601,1.086-1.601,2.206v4.249h-2.667v-8.59h2.559v1.174h0.037 c0.356-0.675,1.227-1.387,2.526-1.387c2.703,0,3.203,1.779,3.203,4.092V18.338z\"><\/path><\/svg><\/a><\/div>\n\n\n\n<div style=\"height:40px\" aria-hidden=\"true\" class=\"wp-block-spacer\"><\/div>\n\n\t<\/div>\n\n\n\n<div class=\"col-12 col-md-8\">\n\t\t\t\n\n<p>Mariana Barradas, apresenta um s\u00f3lido percurso na \u00e1rea jur\u00eddica, tanto acad\u00e9mica como profissionalmente. Completou a sua Licenciatura em Direito na Faculdade de Direito da Universidade de Lisboa, em 2013. Posteriormente, prosseguiu com especializa\u00e7\u00e3o, obtendo uma P\u00f3s-Gradua\u00e7\u00e3o em Direito dos Animais, na mesma universidade, e um Mestrado em Direito de Empresas, com especializa\u00e7\u00e3o em Direito Laboral, no ISCTE \u2013 Instituto Universit\u00e1rio de Lisboa, em 2018.<br \/>Profissionalmente, a sua carreira iniciou-se na Pereira Mouta Mendes &amp; Associados onde completou o seu est\u00e1gio \u00e0 Ordem, evoluindo, posteriormente, para a fun\u00e7\u00e3o de advogada. Aqui, a Mariana focou-se em Insolv\u00eancias e Recupera\u00e7\u00e3o de Cr\u00e9dito, envolvendo a elabora\u00e7\u00e3o e gest\u00e3o de Processos de Insolv\u00eancias (singular e coletiva), Processos Especiais para Acordo de Pagamentos (PEAP), Processos Especiais de Revitaliza\u00e7\u00e3o de empresas (PER), negocia\u00e7\u00e3o de d\u00edvida, recupera\u00e7\u00e3o de cr\u00e9ditos, Processo Executivo, e Execu\u00e7\u00f5es Fiscais, al\u00e9m da gest\u00e3o de equipa. Em 2022, transitou para a ASA Advogados, onde praticou em diversas \u00e1reas jur\u00eddicas, tanto parte da firma como em pr\u00e1tica individual, at\u00e9 2023. No inicio de 2023 trabalhou na Enes Cabral &amp; Associados, com foco em Direito Laboral. <br \/>Em novembro de 2023 junta-se \u00e0 VCA, integrando o departamento de Contencioso, onde contribui para as \u00e1reas de contencioso civil, recupera\u00e7\u00e3o de cr\u00e9ditos e processos de insolv\u00eancia.&nbsp;<\/p>\n\n\n\n<div style=\"height:10px\" aria-hidden=\"true\" class=\"wp-block-spacer\"><\/div>\n\n\n\n<h6 class=\"wp-block-heading has-primary-color has-text-color\" id=\"h-ares-de-atividade\"><strong>\u00c1reas de Atividade<\/strong><\/h6>\n\n\n\n<p>Contencioso e Laboral<\/p>\n\n\n\n<div style=\"height:10px\" aria-hidden=\"true\" class=\"wp-block-spacer\"><\/div>\n\n\n\n<h6 class=\"wp-block-heading has-primary-color has-text-color\" id=\"h-formacao-academica\"><strong>Forma\u00e7\u00e3o Acad\u00e9mica<\/strong><\/h6>\n\n\n\n<p>Licenciatura em Direito &#8211; Faculdade de Direito, Universidade de Lisboa (2008 &#8211; 2013)<br \/>P\u00f3s-Gradua\u00e7\u00e3o em Direito dos Animais &#8211; Faculdade de Direito, Universidade de Lisboa (2018)<br \/>Mestrado em Direito das Empresas &#8211; ISCTE IUL (2018)<\/p>\n\n\n\n<div style=\"height:10px\" aria-hidden=\"true\" class=\"wp-block-spacer\"><\/div>\n\n\n\n<h6 class=\"wp-block-heading has-primary-color has-text-color\" id=\"h-associacoes-profissionais\"><strong>Associa\u00e7\u00f5es Profissionais<\/strong><\/h6>\n\n\n\n<p>Ordem dos Advogados<\/p>\n\n\n\n<div style=\"height:10px\" aria-hidden=\"true\" class=\"wp-block-spacer\"><\/div>\n\n\n\n<h6 class=\"wp-block-heading has-primary-color has-text-color\" id=\"h-linguas\"><strong>L\u00ednguas<\/strong><\/h6>\n\n\n\n<p>Portugu\u00eas, Ingl\u00eas, e Espanhol<\/p>\n\n\t<\/div>\n\n<\/div>\n","protected":false},"excerpt":{"rendered":"","protected":false},"author":3,"featured_media":14807,"parent":410,"menu_order":0,"comment_status":"closed","ping_status":"closed","template":"","meta":{"content-type":"","footnotes":""},"class_list":["post-14720","page","type-page","status-publish","has-post-thumbnail","hentry"],"yoast_head":"<!-- This site is optimized with the Yoast SEO Premium plugin v21.3 (Yoast SEO v26.1.1) - https:\/\/yoast.com\/wordpress\/plugins\/seo\/ -->\n<title>Mariana Lacueva Barradas - VCA - Valadas Coriel e Associados<\/title>\n<meta name=\"robots\" content=\"index, follow, max-snippet:-1, max-image-preview:large, max-video-preview:-1\" \/>\n<link rel=\"canonical\" href=\"https:\/\/www.valadascoriel.com\/pt-pt\/sociedade\/equipa\/mariana-lacueva-barradas\/\" \/>\n<meta property=\"og:locale\" content=\"pt_PT\" \/>\n<meta property=\"og:type\" content=\"article\" \/>\n<meta property=\"og:title\" content=\"Mariana Lacueva Barradas\" \/>\n<meta property=\"og:url\" content=\"https:\/\/www.valadascoriel.com\/pt-pt\/sociedade\/equipa\/mariana-lacueva-barradas\/\" \/>\n<meta property=\"og:site_name\" content=\"VCA - Valadas Coriel e Associados\" \/>\n<meta property=\"article:publisher\" content=\"https:\/\/www.facebook.com\/ValadasCoriel\/\" \/>\n<meta property=\"article:modified_time\" content=\"2025-01-29T14:39:23+00:00\" \/>\n<meta property=\"og:image\" content=\"https:\/\/www.valadascoriel.com\/wp-content\/uploads\/2023\/12\/MLB_HEADER-scaled.jpg\" \/>\n\t<meta property=\"og:image:width\" content=\"2560\" \/>\n\t<meta property=\"og:image:height\" content=\"1280\" \/>\n\t<meta property=\"og:image:type\" content=\"image\/jpeg\" \/>\n<meta name=\"twitter:card\" content=\"summary_large_image\" \/>\n<meta name=\"twitter:site\" content=\"@valadascoriel\" \/>\n<meta name=\"twitter:label1\" content=\"Tempo estimado de leitura\" \/>\n\t<meta name=\"twitter:data1\" content=\"2 minutos\" \/>\n<script type=\"application\/ld+json\" class=\"yoast-schema-graph\">{\"@context\":\"https:\/\/schema.org\",\"@graph\":[{\"@type\":\"WebPage\",\"@id\":\"https:\/\/www.valadascoriel.com\/pt-pt\/sociedade\/equipa\/mariana-lacueva-barradas\/\",\"url\":\"https:\/\/www.valadascoriel.com\/pt-pt\/sociedade\/equipa\/mariana-lacueva-barradas\/\",\"name\":\"Mariana Lacueva Barradas - VCA - Valadas Coriel e Associados\",\"isPartOf\":{\"@id\":\"https:\/\/www.valadascoriel.com\/#website\"},\"primaryImageOfPage\":{\"@id\":\"https:\/\/www.valadascoriel.com\/pt-pt\/sociedade\/equipa\/mariana-lacueva-barradas\/#primaryimage\"},\"image\":{\"@id\":\"https:\/\/www.valadascoriel.com\/pt-pt\/sociedade\/equipa\/mariana-lacueva-barradas\/#primaryimage\"},\"thumbnailUrl\":\"https:\/\/www.valadascoriel.com\/wp-content\/uploads\/2023\/12\/MLB_HEADER-scaled.jpg\",\"datePublished\":\"2023-11-27T13:14:15+00:00\",\"dateModified\":\"2025-01-29T14:39:23+00:00\",\"breadcrumb\":{\"@id\":\"https:\/\/www.valadascoriel.com\/pt-pt\/sociedade\/equipa\/mariana-lacueva-barradas\/#breadcrumb\"},\"inLanguage\":\"pt-PT\",\"potentialAction\":[{\"@type\":\"ReadAction\",\"target\":[\"https:\/\/www.valadascoriel.com\/pt-pt\/sociedade\/equipa\/mariana-lacueva-barradas\/\"]}]},{\"@type\":\"ImageObject\",\"inLanguage\":\"pt-PT\",\"@id\":\"https:\/\/www.valadascoriel.com\/pt-pt\/sociedade\/equipa\/mariana-lacueva-barradas\/#primaryimage\",\"url\":\"https:\/\/www.valadascoriel.com\/wp-content\/uploads\/2023\/12\/MLB_HEADER-scaled.jpg\",\"contentUrl\":\"https:\/\/www.valadascoriel.com\/wp-content\/uploads\/2023\/12\/MLB_HEADER-scaled.jpg\",\"width\":2560,\"height\":1280},{\"@type\":\"BreadcrumbList\",\"@id\":\"https:\/\/www.valadascoriel.com\/pt-pt\/sociedade\/equipa\/mariana-lacueva-barradas\/#breadcrumb\",\"itemListElement\":[{\"@type\":\"ListItem\",\"position\":1,\"name\":\"In\u00edcio\",\"item\":\"https:\/\/www.valadascoriel.com\/pt-pt\/\"},{\"@type\":\"ListItem\",\"position\":2,\"name\":\"A Sociedade\",\"item\":\"https:\/\/www.valadascoriel.com\/pt-pt\/sociedade\/\"},{\"@type\":\"ListItem\",\"position\":3,\"name\":\"Equipa\",\"item\":\"https:\/\/www.valadascoriel.com\/pt-pt\/sociedade\/equipa\/\"},{\"@type\":\"ListItem\",\"position\":4,\"name\":\"Mariana Lacueva Barradas\"}]},{\"@type\":\"WebSite\",\"@id\":\"https:\/\/www.valadascoriel.com\/#website\",\"url\":\"https:\/\/www.valadascoriel.com\/\",\"name\":\"Valadas Coriel & Associados\",\"description\":\"A versatile legal firm combining experience, expertise &amp; creativity.\",\"publisher\":{\"@id\":\"https:\/\/www.valadascoriel.com\/#organization\"},\"potentialAction\":[{\"@type\":\"SearchAction\",\"target\":{\"@type\":\"EntryPoint\",\"urlTemplate\":\"https:\/\/www.valadascoriel.com\/?s={search_term_string}\"},\"query-input\":{\"@type\":\"PropertyValueSpecification\",\"valueRequired\":true,\"valueName\":\"search_term_string\"}}],\"inLanguage\":\"pt-PT\"},{\"@type\":\"Organization\",\"@id\":\"https:\/\/www.valadascoriel.com\/#organization\",\"name\":\"Valadas Coriel & Associados\",\"alternateName\":\"VCA\",\"url\":\"https:\/\/www.valadascoriel.com\/\",\"logo\":{\"@type\":\"ImageObject\",\"inLanguage\":\"pt-PT\",\"@id\":\"https:\/\/www.valadascoriel.com\/#\/schema\/logo\/image\/\",\"url\":\"https:\/\/www.valadascoriel.com\/wp-content\/uploads\/2023\/03\/cropped-favicon-1.png\",\"contentUrl\":\"https:\/\/www.valadascoriel.com\/wp-content\/uploads\/2023\/03\/cropped-favicon-1.png\",\"width\":512,\"height\":512,\"caption\":\"Valadas Coriel & Associados\"},\"image\":{\"@id\":\"https:\/\/www.valadascoriel.com\/#\/schema\/logo\/image\/\"},\"sameAs\":[\"https:\/\/www.facebook.com\/ValadasCoriel\/\",\"https:\/\/x.com\/valadascoriel\",\"https:\/\/pt.linkedin.com\/company\/vca-valadas-coriel-associados\",\"https:\/\/www.youtube.com\/channel\/UCic8dCFjoTtH5u890aEcW5Q\"]}]}<\/script>\n<!-- \/ Yoast SEO Premium plugin. -->","yoast_head_json":{"title":"Mariana Lacueva Barradas - VCA - Valadas Coriel e Associados","robots":{"index":"index","follow":"follow","max-snippet":"max-snippet:-1","max-image-preview":"max-image-preview:large","max-video-preview":"max-video-preview:-1"},"canonical":"https:\/\/www.valadascoriel.com\/pt-pt\/sociedade\/equipa\/mariana-lacueva-barradas\/","og_locale":"pt_PT","og_type":"article","og_title":"Mariana Lacueva Barradas","og_url":"https:\/\/www.valadascoriel.com\/pt-pt\/sociedade\/equipa\/mariana-lacueva-barradas\/","og_site_name":"VCA - Valadas Coriel e Associados","article_publisher":"https:\/\/www.facebook.com\/ValadasCoriel\/","article_modified_time":"2025-01-29T14:39:23+00:00","og_image":[{"width":2560,"height":1280,"url":"https:\/\/www.valadascoriel.com\/wp-content\/uploads\/2023\/12\/MLB_HEADER-scaled.jpg","type":"image\/jpeg"}],"twitter_card":"summary_large_image","twitter_site":"@valadascoriel","twitter_misc":{"Tempo estimado de leitura":"2 minutos"},"schema":{"@context":"https:\/\/schema.org","@graph":[{"@type":"WebPage","@id":"https:\/\/www.valadascoriel.com\/pt-pt\/sociedade\/equipa\/mariana-lacueva-barradas\/","url":"https:\/\/www.valadascoriel.com\/pt-pt\/sociedade\/equipa\/mariana-lacueva-barradas\/","name":"Mariana Lacueva Barradas - VCA - Valadas Coriel e Associados","isPartOf":{"@id":"https:\/\/www.valadascoriel.com\/#website"},"primaryImageOfPage":{"@id":"https:\/\/www.valadascoriel.com\/pt-pt\/sociedade\/equipa\/mariana-lacueva-barradas\/#primaryimage"},"image":{"@id":"https:\/\/www.valadascoriel.com\/pt-pt\/sociedade\/equipa\/mariana-lacueva-barradas\/#primaryimage"},"thumbnailUrl":"https:\/\/www.valadascoriel.com\/wp-content\/uploads\/2023\/12\/MLB_HEADER-scaled.jpg","datePublished":"2023-11-27T13:14:15+00:00","dateModified":"2025-01-29T14:39:23+00:00","breadcrumb":{"@id":"https:\/\/www.valadascoriel.com\/pt-pt\/sociedade\/equipa\/mariana-lacueva-barradas\/#breadcrumb"},"inLanguage":"pt-PT","potentialAction":[{"@type":"ReadAction","target":["https:\/\/www.valadascoriel.com\/pt-pt\/sociedade\/equipa\/mariana-lacueva-barradas\/"]}]},{"@type":"ImageObject","inLanguage":"pt-PT","@id":"https:\/\/www.valadascoriel.com\/pt-pt\/sociedade\/equipa\/mariana-lacueva-barradas\/#primaryimage","url":"https:\/\/www.valadascoriel.com\/wp-content\/uploads\/2023\/12\/MLB_HEADER-scaled.jpg","contentUrl":"https:\/\/www.valadascoriel.com\/wp-content\/uploads\/2023\/12\/MLB_HEADER-scaled.jpg","width":2560,"height":1280},{"@type":"BreadcrumbList","@id":"https:\/\/www.valadascoriel.com\/pt-pt\/sociedade\/equipa\/mariana-lacueva-barradas\/#breadcrumb","itemListElement":[{"@type":"ListItem","position":1,"name":"In\u00edcio","item":"https:\/\/www.valadascoriel.com\/pt-pt\/"},{"@type":"ListItem","position":2,"name":"A Sociedade","item":"https:\/\/www.valadascoriel.com\/pt-pt\/sociedade\/"},{"@type":"ListItem","position":3,"name":"Equipa","item":"https:\/\/www.valadascoriel.com\/pt-pt\/sociedade\/equipa\/"},{"@type":"ListItem","position":4,"name":"Mariana Lacueva Barradas"}]},{"@type":"WebSite","@id":"https:\/\/www.valadascoriel.com\/#website","url":"https:\/\/www.valadascoriel.com\/","name":"Valadas Coriel & Associados","description":"A versatile legal firm combining experience, expertise &amp; creativity.","publisher":{"@id":"https:\/\/www.valadascoriel.com\/#organization"},"potentialAction":[{"@type":"SearchAction","target":{"@type":"EntryPoint","urlTemplate":"https:\/\/www.valadascoriel.com\/?s={search_term_string}"},"query-input":{"@type":"PropertyValueSpecification","valueRequired":true,"valueName":"search_term_string"}}],"inLanguage":"pt-PT"},{"@type":"Organization","@id":"https:\/\/www.valadascoriel.com\/#organization","name":"Valadas Coriel & Associados","alternateName":"VCA","url":"https:\/\/www.valadascoriel.com\/","logo":{"@type":"ImageObject","inLanguage":"pt-PT","@id":"https:\/\/www.valadascoriel.com\/#\/schema\/logo\/image\/","url":"https:\/\/www.valadascoriel.com\/wp-content\/uploads\/2023\/03\/cropped-favicon-1.png","contentUrl":"https:\/\/www.valadascoriel.com\/wp-content\/uploads\/2023\/03\/cropped-favicon-1.png","width":512,"height":512,"caption":"Valadas Coriel & Associados"},"image":{"@id":"https:\/\/www.valadascoriel.com\/#\/schema\/logo\/image\/"},"sameAs":["https:\/\/www.facebook.com\/ValadasCoriel\/","https:\/\/x.com\/valadascoriel","https:\/\/pt.linkedin.com\/company\/vca-valadas-coriel-associados","https:\/\/www.youtube.com\/channel\/UCic8dCFjoTtH5u890aEcW5Q"]}]}},"_links":{"self":[{"href":"https:\/\/www.valadascoriel.com\/pt-pt\/wp-json\/wp\/v2\/pages\/14720","targetHints":{"allow":["GET"]}}],"collection":[{"href":"https:\/\/www.valadascoriel.com\/pt-pt\/wp-json\/wp\/v2\/pages"}],"about":[{"href":"https:\/\/www.valadascoriel.com\/pt-pt\/wp-json\/wp\/v2\/types\/page"}],"author":[{"embeddable":true,"href":"https:\/\/www.valadascoriel.com\/pt-pt\/wp-json\/wp\/v2\/users\/3"}],"replies":[{"embeddable":true,"href":"https:\/\/www.valadascoriel.com\/pt-pt\/wp-json\/wp\/v2\/comments?post=14720"}],"version-history":[{"count":2,"href":"https:\/\/www.valadascoriel.com\/pt-pt\/wp-json\/wp\/v2\/pages\/14720\/revisions"}],"predecessor-version":[{"id":16721,"href":"https:\/\/www.valadascoriel.com\/pt-pt\/wp-json\/wp\/v2\/pages\/14720\/revisions\/16721"}],"up":[{"embeddable":true,"href":"https:\/\/www.valadascoriel.com\/pt-pt\/wp-json\/wp\/v2\/pages\/410"}],"wp:featuredmedia":[{"embeddable":true,"href":"https:\/\/www.valadascoriel.com\/pt-pt\/wp-json\/wp\/v2\/media\/14807"}],"wp:attachment":[{"href":"https:\/\/www.valadascoriel.com\/pt-pt\/wp-json\/wp\/v2\/media?parent=14720"}],"curies":[{"name":"wp","href":"https:\/\/api.w.org\/{rel}","templated":true}]}}