{"id":14967,"date":"2024-01-17T13:39:12","date_gmt":"2024-01-17T13:39:12","guid":{"rendered":"https:\/\/www.valadascoriel.com\/?page_id=14967"},"modified":"2025-07-23T15:10:31","modified_gmt":"2025-07-23T15:10:31","slug":"insolvencia-per-e-peap","status":"publish","type":"page","link":"https:\/\/www.valadascoriel.com\/pt-pt\/areas-de-pratica\/insolvencia-per-e-peap\/","title":{"rendered":"Insolv\u00eancia, PER e PEAP"},"content":{"rendered":"\n<div id=\"mb-block-c285c006-2ebb-4f1f-a501-5413cf3bea6f\" class=\"odin-group odin-pt odin-pb bg-white alignfull\">\n\t<div class=\"container-fluid\">\n\t\t<div class=\"row justify-content-center\">\n\t\t\t<div class=\"col-12\">\n\t\t\t\t\n<div class=\"wp-bootstrap-blocks-row row\">\n\t\n\n<div class=\"col-10 col-md-7\">\n\t\t\t\n\n<p>A nossa equipa de Insolv\u00eancia e Recupera\u00e7\u00e3o reconhece as complexidades inerentes aos processos de insolv\u00eancia, tanto a <a href=\"https:\/\/www.valadascoriel.com\/pt-pt\/insolvencia-ou-peap-devedor-singular-em-situacao-de-dificuldade-financeira-liquidacao-ou-negociacao\/\">n\u00edvel pessoal<\/a> como <a href=\"https:\/\/www.valadascoriel.com\/pt-pt\/insolvencia-ou-per-solucoes-para-empresas-em-dificuldades-financeiras-liquidacao-ou-recuperacao\/\">coletivo<\/a>, bem como os desafios associados \u00e0 recupera\u00e7\u00e3o de empresas, no \u00e2mbito dos processos especiais de revitaliza\u00e7\u00e3o (<a href=\"https:\/\/www.valadascoriel.com\/pt-pt\/insolvencia-ou-per-solucoes-para-empresas-em-dificuldades-financeiras-liquidacao-ou-recuperacao\/\">PER<\/a>) e de pessoas singulares, no \u00e2mbito dos processos especiais para acordo de pagamento (<a href=\"https:\/\/www.valadascoriel.com\/pt-pt\/insolvencia-ou-peap-devedor-singular-em-situacao-de-dificuldade-financeira-liquidacao-ou-negociacao\/\">PEAP<\/a>)<\/p>\n\n\n\n<p>Assumimos o compromisso de fornecer uma orienta\u00e7\u00e3o jur\u00eddica s\u00f3lida e solu\u00e7\u00f5es estrat\u00e9gicas para assegurar a gest\u00e3o eficaz destas quest\u00f5es, sempre em estreita comunica\u00e7\u00e3o com o cliente.<\/p>\n\n\n\n<p>A nossa equipa apresenta vasta experi\u00eancia de representa\u00e7\u00e3o de clientes neste tipo de processos, quer em representa\u00e7\u00e3o dos devedores, quer em representa\u00e7\u00e3o dos credores.<\/p>\n\n\n\n<p>No \u00e2mbito dos processos de insolv\u00eancia, oferecemos aconselhamento jur\u00eddico especializado para particulares e empresas em situa\u00e7\u00e3o econ\u00f3mica dif\u00edcil, com foco na an\u00e1lise meticulosa do caso concreto e na implementa\u00e7\u00e3o de estrat\u00e9gias adaptadas \u00e0s circunst\u00e2ncias espec\u00edficas de cada cliente.<\/p>\n\n\n\n<p>Comprometemo-nos a gui\u00e1-los ao longo de todas as fases do processo, desde a avalia\u00e7\u00e3o inicial at\u00e9 \u00e0 sua conclus\u00e3o, bem como na intermedia\u00e7\u00e3o dos contactos com os Administradores Judiciais e acompanhamento da liquida\u00e7\u00e3o do patrim\u00f3nio e da <a href=\"https:\/\/www.valadascoriel.com\/pt-pt\/insolvencia-ou-peap-devedor-singular-em-situacao-de-dificuldade-financeira-liquidacao-ou-negociacao\/exoneracao-do-passivo-restante-o-perdao-de-dividas\/\">exonera\u00e7\u00e3o do passivo restante (perd\u00e3o de d\u00edvidas)<\/a>.<\/p>\n\n\n\n<p>No que concerne \u00e0 recupera\u00e7\u00e3o, trabalhamos em estreita colabora\u00e7\u00e3o com empresas em dificuldades, implementando estrat\u00e9gias jur\u00eddicas para a sua reestrutura\u00e7\u00e3o e recupera\u00e7\u00e3o financeira, bem como com os devedores singulares pass\u00edveis de recupera\u00e7\u00e3o e que pretendem evitar a declara\u00e7\u00e3o da sua insolv\u00eancia.<\/p>\n\n\n\n<p>Por parte dos credores, asseguramos a sua representa\u00e7\u00e3o com o objetivo de serem ressarcidos dos seus cr\u00e9ditos perante os devedores, independentemente da dimens\u00e3o da empresa.&nbsp;<\/p>\n\n\t<\/div>\n\n\n\n<div class=\"col-12 col-md-5\">\n\t\t\t\n\n<h3 class=\"wp-block-heading\" id=\"h-principais-servicos\">Principais Servi\u00e7os<\/h3>\n\n\n\n<ul class=\"wp-block-list\">\n<li>Elabora\u00e7\u00e3o e acompanhamento de processos de insolv\u00eancia pessoal e coletiva<\/li>\n\n\n\n<li>Elabora\u00e7\u00e3o e acompanhamento de PER \u2013 processo especial de revitaliza\u00e7\u00e3o<\/li>\n\n\n\n<li>Elabora\u00e7\u00e3o e acompanhamento de PEAP \u2013 processo especial para acordo de pagamento<\/li>\n\n\n\n<li>Reclama\u00e7\u00e3o de cr\u00e9ditos<\/li>\n\n\n\n<li>Estrat\u00e9gias de recupera\u00e7\u00e3o em fase pr\u00e9-judicial<\/li>\n<\/ul>\n\n\n\n<div style=\"height:10px\" aria-hidden=\"true\" class=\"wp-block-spacer\"><\/div>\n\n\n<div class=\"odin-buttons justify-content-start\">\n\t<a href=\"https:\/\/www.valadascoriel.com\/pt-pt\/insolvencia-ou-peap-devedor-singular-em-situacao-de-dificuldade-financeira-liquidacao-ou-negociacao\/\" class=\"odin-button odin-button-primary\">\n\t<span>\n\t\t<span class=\"odin-button-anchor\">Devedor singular em situa\u00e7\u00e3o de dificuldade financeira<\/span>\n\t<\/span>\n<\/a><\/div>\n\n<div class=\"odin-buttons justify-content-start\">\n\t<a href=\"https:\/\/www.valadascoriel.com\/pt-pt\/insolvencia-ou-per-solucoes-para-empresas-em-dificuldades-financeiras-liquidacao-ou-recuperacao\/\" class=\"odin-button odin-button-primary\">\n\t<span>\n\t\t<span class=\"odin-button-anchor\">Empresas em dificuldades financeiras<\/span>\n\t<\/span>\n<\/a><\/div>\n\t<\/div>\n\n<\/div>\n\n\n\t\t\t<\/div>\n\t\t<\/div>\n\t<\/div>\n<\/div>\n\n\n<div id=\"mb-block-eda835cd-0f07-4d82-9a57-b12a109ca711\" class=\"odin-group odin-pb bg-white alignfull\">\n\t<div class=\"container-fluid\">\n\t\t<div class=\"row justify-content-center\">\n\t\t\t<div class=\"col-12\">\n\t\t\t\t\n<div class=\"wp-bootstrap-blocks-row row mb-4\">\n\t\n\n<div class=\"col-12 col-md-8\">\n\t\t\t<div class=\"h-100 d-flex flex-column justify-content-center\">\n\t\t\t\n\n<h2 class=\"wp-block-heading mb-3 mb-lg-0 has-primary-color has-text-color\" id=\"h-principais-contactos\">Principais Contactos<\/h2>\n\n\t\t<\/div>\n\t<\/div>\n\n\n\n<div class=\"col-12 col-md-4\">\n\t\t\t<div class=\"h-100 d-flex flex-column justify-content-center\">\n\t\t\t\n<div class=\"odin-buttons justify-content-end\">\n\t<a href=\"https:\/\/www.valadascoriel.com\/pt-pt\/contato\/\" class=\"odin-button odin-button-link\">\n\t<span>\n\t\t<span class=\"odin-button-anchor\">Contacte a nossa equipa<\/span>\n\t\t<span class=\"odin-icon odin-icon--font-awesome\"><svg xmlns=\"http:\/\/www.w3.org\/2000\/svg\" viewBox=\"0 0 448 512\"><!--! Font Awesome Pro 6.2.0 by @fontawesome - https:\/\/fontawesome.com License - https:\/\/fontawesome.com\/license (Commercial License) Copyright 2022 Fonticons, Inc. --><path d=\"M438.6 278.6c12.5-12.5 12.5-32.8 0-45.3l-160-160c-12.5-12.5-32.8-12.5-45.3 0s-12.5 32.8 0 45.3L338.8 224 32 224c-17.7 0-32 14.3-32 32s14.3 32 32 32l306.7 0L233.4 393.4c-12.5 12.5-12.5 32.8 0 45.3s32.8 12.5 45.3 0l160-160z\"><\/path><\/svg><\/span>\t<\/span>\n<\/a><\/div>\n\t\t<\/div>\n\t<\/div>\n\n<\/div>\n\n\n<div class=\"wp-bootstrap-blocks-row row\">\n\t\n\n<div class=\"col-12 col-md-12\">\n\t\t\t\n<div class=\"wp-bootstrap-blocks-row row\">\n\t\n\n<div class=\"col-12 col-md-4\">\n\t\t\t\n<div class=\"odin-card odin-card-person-default\">\n\t<div class=\"odin-card-image\">\n\t\t<img loading=\"lazy\" decoding=\"async\" width=\"600\" height=\"600\" src=\"https:\/\/www.valadascoriel.com\/wp-content\/uploads\/2023\/08\/HMB_HUGO-MARTINS-BRAZ-1_2023-600x600.png\" class=\"attachment-odin_large_square size-odin_large_square\" alt=\"Hugo Martins Braz\" srcset=\"https:\/\/www.valadascoriel.com\/wp-content\/uploads\/2023\/08\/HMB_HUGO-MARTINS-BRAZ-1_2023-600x600.png 600w, https:\/\/www.valadascoriel.com\/wp-content\/uploads\/2023\/08\/HMB_HUGO-MARTINS-BRAZ-1_2023-300x300.png 300w, https:\/\/www.valadascoriel.com\/wp-content\/uploads\/2023\/08\/HMB_HUGO-MARTINS-BRAZ-1_2023-1024x1024.png 1024w, https:\/\/www.valadascoriel.com\/wp-content\/uploads\/2023\/08\/HMB_HUGO-MARTINS-BRAZ-1_2023-150x150.png 150w, https:\/\/www.valadascoriel.com\/wp-content\/uploads\/2023\/08\/HMB_HUGO-MARTINS-BRAZ-1_2023-768x768.png 768w, https:\/\/www.valadascoriel.com\/wp-content\/uploads\/2023\/08\/HMB_HUGO-MARTINS-BRAZ-1_2023-180x180.png 180w, https:\/\/www.valadascoriel.com\/wp-content\/uploads\/2023\/08\/HMB_HUGO-MARTINS-BRAZ-1_2023-380x380.png 380w, https:\/\/www.valadascoriel.com\/wp-content\/uploads\/2023\/08\/HMB_HUGO-MARTINS-BRAZ-1_2023.png 1200w\" sizes=\"auto, (max-width: 600px) 100vw, 600px\" \/>\t<\/div>\n\t<div class=\"odin-card-body\">\n\t\t\t\t<p class=\"role\">S\u00f3cio<\/p>\t\t\t\t<h3>\n\t\t\t<a class=\"stretched-link\" href=\"https:\/\/www.valadascoriel.com\/sociedade\/equipa\/hugo-martins-braz\/\">Hugo Martins Braz<\/a>\n\t\t<\/h3>\n\t\t\t<\/div>\n<\/div>\n\t<\/div>\n\n\n\n<div class=\"col-12 col-md-4\">\n\t\t\t\n<div class=\"odin-card odin-card-person-default\">\n\t<div class=\"odin-card-image\">\n\t\t<img loading=\"lazy\" decoding=\"async\" width=\"600\" height=\"600\" src=\"https:\/\/www.valadascoriel.com\/wp-content\/uploads\/2023\/08\/RM_RITA-MAIA_2023-600x600.png\" class=\"attachment-odin_large_square size-odin_large_square\" alt=\"Rita Cortes Maia\" srcset=\"https:\/\/www.valadascoriel.com\/wp-content\/uploads\/2023\/08\/RM_RITA-MAIA_2023-600x600.png 600w, https:\/\/www.valadascoriel.com\/wp-content\/uploads\/2023\/08\/RM_RITA-MAIA_2023-300x300.png 300w, https:\/\/www.valadascoriel.com\/wp-content\/uploads\/2023\/08\/RM_RITA-MAIA_2023-1024x1024.png 1024w, https:\/\/www.valadascoriel.com\/wp-content\/uploads\/2023\/08\/RM_RITA-MAIA_2023-150x150.png 150w, https:\/\/www.valadascoriel.com\/wp-content\/uploads\/2023\/08\/RM_RITA-MAIA_2023-768x768.png 768w, https:\/\/www.valadascoriel.com\/wp-content\/uploads\/2023\/08\/RM_RITA-MAIA_2023-180x180.png 180w, https:\/\/www.valadascoriel.com\/wp-content\/uploads\/2023\/08\/RM_RITA-MAIA_2023-380x380.png 380w, https:\/\/www.valadascoriel.com\/wp-content\/uploads\/2023\/08\/RM_RITA-MAIA_2023.png 1200w\" sizes=\"auto, (max-width: 600px) 100vw, 600px\" \/>\t<\/div>\n\t<div class=\"odin-card-body\">\n\t\t\t\t<p class=\"role\">Associada<\/p>\t\t\t\t<h3>\n\t\t\t<a class=\"stretched-link\" href=\"https:\/\/www.valadascoriel.com\/pt-pt\/rita-cortes-maia\/\">Rita Cortes Maia<\/a>\n\t\t<\/h3>\n\t\t\t<\/div>\n<\/div>\n\t<\/div>\n\n\n\n<div class=\"col-12 col-md-4\">\n\t\t\t\n<div class=\"odin-card odin-card-person-default\">\n\t<div class=\"odin-card-image\">\n\t\t<img loading=\"lazy\" decoding=\"async\" width=\"600\" height=\"600\" src=\"https:\/\/www.valadascoriel.com\/wp-content\/uploads\/2023\/12\/MLB_MARIANA-LACUEVA-BARRADAS_2023-600x600.png\" class=\"attachment-odin_large_square size-odin_large_square\" alt=\"Mariana Lacueva Barradas\" srcset=\"https:\/\/www.valadascoriel.com\/wp-content\/uploads\/2023\/12\/MLB_MARIANA-LACUEVA-BARRADAS_2023-600x600.png 600w, https:\/\/www.valadascoriel.com\/wp-content\/uploads\/2023\/12\/MLB_MARIANA-LACUEVA-BARRADAS_2023-300x300.png 300w, https:\/\/www.valadascoriel.com\/wp-content\/uploads\/2023\/12\/MLB_MARIANA-LACUEVA-BARRADAS_2023-1024x1024.png 1024w, https:\/\/www.valadascoriel.com\/wp-content\/uploads\/2023\/12\/MLB_MARIANA-LACUEVA-BARRADAS_2023-150x150.png 150w, https:\/\/www.valadascoriel.com\/wp-content\/uploads\/2023\/12\/MLB_MARIANA-LACUEVA-BARRADAS_2023-768x768.png 768w, https:\/\/www.valadascoriel.com\/wp-content\/uploads\/2023\/12\/MLB_MARIANA-LACUEVA-BARRADAS_2023-180x180.png 180w, https:\/\/www.valadascoriel.com\/wp-content\/uploads\/2023\/12\/MLB_MARIANA-LACUEVA-BARRADAS_2023-380x380.png 380w, https:\/\/www.valadascoriel.com\/wp-content\/uploads\/2023\/12\/MLB_MARIANA-LACUEVA-BARRADAS_2023.png 1200w\" sizes=\"auto, (max-width: 600px) 100vw, 600px\" \/>\t<\/div>\n\t<div class=\"odin-card-body\">\n\t\t\t\t<p class=\"role\">Associada<\/p>\t\t\t\t<h3>\n\t\t\t<a class=\"stretched-link\" href=\"https:\/\/www.valadascoriel.com\/pt-pt\/mariana-lacueva-barradas\/\">Mariana Lacueva Barradas<\/a>\n\t\t<\/h3>\n\t\t\t<\/div>\n<\/div>\n\t<\/div>\n\n<\/div>\n\n\t<\/div>\n\n<\/div>\n\n\n\t\t\t<\/div>\n\t\t<\/div>\n\t<\/div>\n<\/div>","protected":false},"excerpt":{"rendered":"","protected":false},"author":3,"featured_media":17117,"parent":401,"menu_order":7,"comment_status":"closed","ping_status":"closed","template":"","meta":{"content-type":"","footnotes":""},"class_list":["post-14967","page","type-page","status-publish","has-post-thumbnail","hentry"],"yoast_head":"<!-- This site is optimized with the Yoast SEO Premium plugin v21.3 (Yoast SEO v26.1.1) - https:\/\/yoast.com\/wordpress\/plugins\/seo\/ -->\n<title>Insolv\u00eancia, PER e PEAP - VCA - Valadas Coriel e Associados<\/title>\n<meta name=\"robots\" content=\"index, follow, max-snippet:-1, max-image-preview:large, max-video-preview:-1\" \/>\n<link rel=\"canonical\" href=\"https:\/\/www.valadascoriel.com\/pt-pt\/areas-de-pratica\/insolvencia-per-e-peap\/\" \/>\n<meta property=\"og:locale\" content=\"pt_PT\" \/>\n<meta property=\"og:type\" content=\"article\" \/>\n<meta property=\"og:title\" content=\"Insolv\u00eancia, PER e PEAP\" \/>\n<meta property=\"og:url\" content=\"https:\/\/www.valadascoriel.com\/pt-pt\/areas-de-pratica\/insolvencia-per-e-peap\/\" \/>\n<meta property=\"og:site_name\" content=\"VCA - Valadas Coriel e Associados\" \/>\n<meta property=\"article:publisher\" content=\"https:\/\/www.facebook.com\/ValadasCoriel\/\" \/>\n<meta property=\"article:modified_time\" content=\"2025-07-23T15:10:31+00:00\" \/>\n<meta property=\"og:image\" content=\"https:\/\/www.valadascoriel.com\/wp-content\/uploads\/2025\/07\/VCA-Insolvency-PEAR-PEAP-1-1024x576.png\" \/>\n\t<meta property=\"og:image:width\" content=\"1024\" \/>\n\t<meta property=\"og:image:height\" content=\"576\" \/>\n\t<meta property=\"og:image:type\" content=\"image\/png\" \/>\n<meta name=\"twitter:card\" content=\"summary_large_image\" \/>\n<meta name=\"twitter:site\" content=\"@valadascoriel\" \/>\n<meta name=\"twitter:label1\" content=\"Tempo estimado de leitura\" \/>\n\t<meta name=\"twitter:data1\" content=\"2 minutos\" \/>\n<script type=\"application\/ld+json\" class=\"yoast-schema-graph\">{\"@context\":\"https:\/\/schema.org\",\"@graph\":[{\"@type\":\"WebPage\",\"@id\":\"https:\/\/www.valadascoriel.com\/pt-pt\/areas-de-pratica\/insolvencia-per-e-peap\/\",\"url\":\"https:\/\/www.valadascoriel.com\/pt-pt\/areas-de-pratica\/insolvencia-per-e-peap\/\",\"name\":\"Insolv\u00eancia, PER e PEAP - VCA - Valadas Coriel e Associados\",\"isPartOf\":{\"@id\":\"https:\/\/www.valadascoriel.com\/#website\"},\"primaryImageOfPage\":{\"@id\":\"https:\/\/www.valadascoriel.com\/pt-pt\/areas-de-pratica\/insolvencia-per-e-peap\/#primaryimage\"},\"image\":{\"@id\":\"https:\/\/www.valadascoriel.com\/pt-pt\/areas-de-pratica\/insolvencia-per-e-peap\/#primaryimage\"},\"thumbnailUrl\":\"https:\/\/www.valadascoriel.com\/wp-content\/uploads\/2025\/07\/VCA-Insolvency-PEAR-PEAP-1.png\",\"datePublished\":\"2024-01-17T13:39:12+00:00\",\"dateModified\":\"2025-07-23T15:10:31+00:00\",\"breadcrumb\":{\"@id\":\"https:\/\/www.valadascoriel.com\/pt-pt\/areas-de-pratica\/insolvencia-per-e-peap\/#breadcrumb\"},\"inLanguage\":\"pt-PT\",\"potentialAction\":[{\"@type\":\"ReadAction\",\"target\":[\"https:\/\/www.valadascoriel.com\/pt-pt\/areas-de-pratica\/insolvencia-per-e-peap\/\"]}]},{\"@type\":\"ImageObject\",\"inLanguage\":\"pt-PT\",\"@id\":\"https:\/\/www.valadascoriel.com\/pt-pt\/areas-de-pratica\/insolvencia-per-e-peap\/#primaryimage\",\"url\":\"https:\/\/www.valadascoriel.com\/wp-content\/uploads\/2025\/07\/VCA-Insolvency-PEAR-PEAP-1.png\",\"contentUrl\":\"https:\/\/www.valadascoriel.com\/wp-content\/uploads\/2025\/07\/VCA-Insolvency-PEAR-PEAP-1.png\",\"width\":2240,\"height\":1260},{\"@type\":\"BreadcrumbList\",\"@id\":\"https:\/\/www.valadascoriel.com\/pt-pt\/areas-de-pratica\/insolvencia-per-e-peap\/#breadcrumb\",\"itemListElement\":[{\"@type\":\"ListItem\",\"position\":1,\"name\":\"In\u00edcio\",\"item\":\"https:\/\/www.valadascoriel.com\/pt-pt\/\"},{\"@type\":\"ListItem\",\"position\":2,\"name\":\"\u00c1reas de Pr\u00e1tica\",\"item\":\"https:\/\/www.valadascoriel.com\/pt-pt\/areas-de-pratica\/\"},{\"@type\":\"ListItem\",\"position\":3,\"name\":\"Insolv\u00eancia, PER e PEAP\"}]},{\"@type\":\"WebSite\",\"@id\":\"https:\/\/www.valadascoriel.com\/#website\",\"url\":\"https:\/\/www.valadascoriel.com\/\",\"name\":\"Valadas Coriel & Associados\",\"description\":\"A versatile legal firm combining experience, expertise &amp; creativity.\",\"publisher\":{\"@id\":\"https:\/\/www.valadascoriel.com\/#organization\"},\"potentialAction\":[{\"@type\":\"SearchAction\",\"target\":{\"@type\":\"EntryPoint\",\"urlTemplate\":\"https:\/\/www.valadascoriel.com\/?s={search_term_string}\"},\"query-input\":{\"@type\":\"PropertyValueSpecification\",\"valueRequired\":true,\"valueName\":\"search_term_string\"}}],\"inLanguage\":\"pt-PT\"},{\"@type\":\"Organization\",\"@id\":\"https:\/\/www.valadascoriel.com\/#organization\",\"name\":\"Valadas Coriel & Associados\",\"alternateName\":\"VCA\",\"url\":\"https:\/\/www.valadascoriel.com\/\",\"logo\":{\"@type\":\"ImageObject\",\"inLanguage\":\"pt-PT\",\"@id\":\"https:\/\/www.valadascoriel.com\/#\/schema\/logo\/image\/\",\"url\":\"https:\/\/www.valadascoriel.com\/wp-content\/uploads\/2023\/03\/cropped-favicon-1.png\",\"contentUrl\":\"https:\/\/www.valadascoriel.com\/wp-content\/uploads\/2023\/03\/cropped-favicon-1.png\",\"width\":512,\"height\":512,\"caption\":\"Valadas Coriel & Associados\"},\"image\":{\"@id\":\"https:\/\/www.valadascoriel.com\/#\/schema\/logo\/image\/\"},\"sameAs\":[\"https:\/\/www.facebook.com\/ValadasCoriel\/\",\"https:\/\/x.com\/valadascoriel\",\"https:\/\/pt.linkedin.com\/company\/vca-valadas-coriel-associados\",\"https:\/\/www.youtube.com\/channel\/UCic8dCFjoTtH5u890aEcW5Q\"]}]}<\/script>\n<!-- \/ Yoast SEO Premium plugin. -->","yoast_head_json":{"title":"Insolv\u00eancia, PER e PEAP - VCA - Valadas Coriel e Associados","robots":{"index":"index","follow":"follow","max-snippet":"max-snippet:-1","max-image-preview":"max-image-preview:large","max-video-preview":"max-video-preview:-1"},"canonical":"https:\/\/www.valadascoriel.com\/pt-pt\/areas-de-pratica\/insolvencia-per-e-peap\/","og_locale":"pt_PT","og_type":"article","og_title":"Insolv\u00eancia, PER e PEAP","og_url":"https:\/\/www.valadascoriel.com\/pt-pt\/areas-de-pratica\/insolvencia-per-e-peap\/","og_site_name":"VCA - Valadas Coriel e Associados","article_publisher":"https:\/\/www.facebook.com\/ValadasCoriel\/","article_modified_time":"2025-07-23T15:10:31+00:00","og_image":[{"width":1024,"height":576,"url":"https:\/\/www.valadascoriel.com\/wp-content\/uploads\/2025\/07\/VCA-Insolvency-PEAR-PEAP-1-1024x576.png","type":"image\/png"}],"twitter_card":"summary_large_image","twitter_site":"@valadascoriel","twitter_misc":{"Tempo estimado de leitura":"2 minutos"},"schema":{"@context":"https:\/\/schema.org","@graph":[{"@type":"WebPage","@id":"https:\/\/www.valadascoriel.com\/pt-pt\/areas-de-pratica\/insolvencia-per-e-peap\/","url":"https:\/\/www.valadascoriel.com\/pt-pt\/areas-de-pratica\/insolvencia-per-e-peap\/","name":"Insolv\u00eancia, PER e PEAP - VCA - Valadas Coriel e Associados","isPartOf":{"@id":"https:\/\/www.valadascoriel.com\/#website"},"primaryImageOfPage":{"@id":"https:\/\/www.valadascoriel.com\/pt-pt\/areas-de-pratica\/insolvencia-per-e-peap\/#primaryimage"},"image":{"@id":"https:\/\/www.valadascoriel.com\/pt-pt\/areas-de-pratica\/insolvencia-per-e-peap\/#primaryimage"},"thumbnailUrl":"https:\/\/www.valadascoriel.com\/wp-content\/uploads\/2025\/07\/VCA-Insolvency-PEAR-PEAP-1.png","datePublished":"2024-01-17T13:39:12+00:00","dateModified":"2025-07-23T15:10:31+00:00","breadcrumb":{"@id":"https:\/\/www.valadascoriel.com\/pt-pt\/areas-de-pratica\/insolvencia-per-e-peap\/#breadcrumb"},"inLanguage":"pt-PT","potentialAction":[{"@type":"ReadAction","target":["https:\/\/www.valadascoriel.com\/pt-pt\/areas-de-pratica\/insolvencia-per-e-peap\/"]}]},{"@type":"ImageObject","inLanguage":"pt-PT","@id":"https:\/\/www.valadascoriel.com\/pt-pt\/areas-de-pratica\/insolvencia-per-e-peap\/#primaryimage","url":"https:\/\/www.valadascoriel.com\/wp-content\/uploads\/2025\/07\/VCA-Insolvency-PEAR-PEAP-1.png","contentUrl":"https:\/\/www.valadascoriel.com\/wp-content\/uploads\/2025\/07\/VCA-Insolvency-PEAR-PEAP-1.png","width":2240,"height":1260},{"@type":"BreadcrumbList","@id":"https:\/\/www.valadascoriel.com\/pt-pt\/areas-de-pratica\/insolvencia-per-e-peap\/#breadcrumb","itemListElement":[{"@type":"ListItem","position":1,"name":"In\u00edcio","item":"https:\/\/www.valadascoriel.com\/pt-pt\/"},{"@type":"ListItem","position":2,"name":"\u00c1reas de Pr\u00e1tica","item":"https:\/\/www.valadascoriel.com\/pt-pt\/areas-de-pratica\/"},{"@type":"ListItem","position":3,"name":"Insolv\u00eancia, PER e PEAP"}]},{"@type":"WebSite","@id":"https:\/\/www.valadascoriel.com\/#website","url":"https:\/\/www.valadascoriel.com\/","name":"Valadas Coriel & Associados","description":"A versatile legal firm combining experience, expertise &amp; creativity.","publisher":{"@id":"https:\/\/www.valadascoriel.com\/#organization"},"potentialAction":[{"@type":"SearchAction","target":{"@type":"EntryPoint","urlTemplate":"https:\/\/www.valadascoriel.com\/?s={search_term_string}"},"query-input":{"@type":"PropertyValueSpecification","valueRequired":true,"valueName":"search_term_string"}}],"inLanguage":"pt-PT"},{"@type":"Organization","@id":"https:\/\/www.valadascoriel.com\/#organization","name":"Valadas Coriel & Associados","alternateName":"VCA","url":"https:\/\/www.valadascoriel.com\/","logo":{"@type":"ImageObject","inLanguage":"pt-PT","@id":"https:\/\/www.valadascoriel.com\/#\/schema\/logo\/image\/","url":"https:\/\/www.valadascoriel.com\/wp-content\/uploads\/2023\/03\/cropped-favicon-1.png","contentUrl":"https:\/\/www.valadascoriel.com\/wp-content\/uploads\/2023\/03\/cropped-favicon-1.png","width":512,"height":512,"caption":"Valadas Coriel & Associados"},"image":{"@id":"https:\/\/www.valadascoriel.com\/#\/schema\/logo\/image\/"},"sameAs":["https:\/\/www.facebook.com\/ValadasCoriel\/","https:\/\/x.com\/valadascoriel","https:\/\/pt.linkedin.com\/company\/vca-valadas-coriel-associados","https:\/\/www.youtube.com\/channel\/UCic8dCFjoTtH5u890aEcW5Q"]}]}},"_links":{"self":[{"href":"https:\/\/www.valadascoriel.com\/pt-pt\/wp-json\/wp\/v2\/pages\/14967","targetHints":{"allow":["GET"]}}],"collection":[{"href":"https:\/\/www.valadascoriel.com\/pt-pt\/wp-json\/wp\/v2\/pages"}],"about":[{"href":"https:\/\/www.valadascoriel.com\/pt-pt\/wp-json\/wp\/v2\/types\/page"}],"author":[{"embeddable":true,"href":"https:\/\/www.valadascoriel.com\/pt-pt\/wp-json\/wp\/v2\/users\/3"}],"replies":[{"embeddable":true,"href":"https:\/\/www.valadascoriel.com\/pt-pt\/wp-json\/wp\/v2\/comments?post=14967"}],"version-history":[{"count":20,"href":"https:\/\/www.valadascoriel.com\/pt-pt\/wp-json\/wp\/v2\/pages\/14967\/revisions"}],"predecessor-version":[{"id":15705,"href":"https:\/\/www.valadascoriel.com\/pt-pt\/wp-json\/wp\/v2\/pages\/14967\/revisions\/15705"}],"up":[{"embeddable":true,"href":"https:\/\/www.valadascoriel.com\/pt-pt\/wp-json\/wp\/v2\/pages\/401"}],"wp:featuredmedia":[{"embeddable":true,"href":"https:\/\/www.valadascoriel.com\/pt-pt\/wp-json\/wp\/v2\/media\/17117"}],"wp:attachment":[{"href":"https:\/\/www.valadascoriel.com\/pt-pt\/wp-json\/wp\/v2\/media?parent=14967"}],"curies":[{"name":"wp","href":"https:\/\/api.w.org\/{rel}","templated":true}]}}