{"id":15667,"date":"2024-03-04T12:33:00","date_gmt":"2024-03-04T12:33:00","guid":{"rendered":"https:\/\/www.valadascoriel.com\/?page_id=15667"},"modified":"2025-01-29T14:48:35","modified_gmt":"2025-01-29T14:48:35","slug":"apresentacao-a-insolvencia-o-dever-de-apresentacao-e-o-poder-dos-credores-de-requerer-a-insolvencia-do-devedor","status":"publish","type":"page","link":"https:\/\/www.valadascoriel.com\/pt-pt\/areas-de-pratica\/insolvencia-per-e-peap\/apresentacao-a-insolvencia-o-dever-de-apresentacao-e-o-poder-dos-credores-de-requerer-a-insolvencia-do-devedor\/","title":{"rendered":"Apresenta\u00e7\u00e3o \u00e0 insolv\u00eancia \u2013 o dever de apresenta\u00e7\u00e3o, e o poder dos credores de requerer a insolv\u00eancia do devedor"},"content":{"rendered":"\n<h3 class=\"wp-block-heading has-primary-color has-text-color has-link-color wp-elements-c65ff6d4a6e39a2eb4eafef95709c96c\" id=\"h-apenas-as-pessoas-colectivas-tem-um-efectivo-dever-de-se-apresentar-a-insolvencia-e-devem-faze-lo-dentro-dos-30-dias-seguintes-a-data-do-conhecimento-dessa-situacao\">Apenas as pessoas colectivas t\u00eam um efectivo dever de se apresentar \u00e0 insolv\u00eancia, e devem faz\u00ea-lo dentro dos 30 dias seguintes \u00e0 data do conhecimento dessa situa\u00e7\u00e3o.<\/h3>\n\n\n\n<p>A lei faz presumir o conhecimento da situa\u00e7\u00e3o de insolv\u00eancia em certos casos, tais como quando se verifica por parte da empresa um incumprimento generalizado de d\u00edvidas \u00e0s finan\u00e7as e seguran\u00e7a social.<\/p>\n\n\n\n<p>O dever de apresenta\u00e7\u00e3o \u00e0 insolv\u00eancia para as pessoas colectivas encontra motiva\u00e7\u00e3o na protec\u00e7\u00e3o das expectativas dos credores, bem como na de potenciais parceiros negociais das empresas em situa\u00e7\u00e3o econ\u00f3mica dif\u00edcil.<\/p>\n\n\n\n<p>Uma das consequ\u00eancias do incumprimento deste dever poder\u00e1 ser a qualifica\u00e7\u00e3o da insolv\u00eancia como culposa.<\/p>\n\n\n\n<p>Em caso de qualifica\u00e7\u00e3o da insolv\u00eancia como culposa, os gerentes\/administradores da empresa insolvente poder\u00e3o ser condenados a indemnizar os credores, e serem declarados inibidos para o exerc\u00edcio do com\u00e9rcio, por um per\u00edodo entre 2 e 10 anos.<\/p>\n\n\n\n<p>Para as pessoas singulares n\u00e3o existe um verdadeiro dever de apresenta\u00e7\u00e3o \u00e0 insolv\u00eancia, excepto se forem titulares de uma empresa; isto \u00e9, uma pessoa que apenas obtenha os seus rendimentos por via de trabalho dependente, n\u00e3o est\u00e1 obrigada a apresentar-se \u00e0 insolv\u00eancia.<\/p>\n\n\n\n<p>Mesmo n\u00e3o existindo esse dever, a apresenta\u00e7\u00e3o atempada das pessoas singulares \u00e0 insolv\u00eancia \u00e9 muito importante, uma vez que a lei prev\u00ea que as pessoas singulares que n\u00e3o se apresentem \u00e0 insolv\u00eancia nos 6 meses seguintes \u00e0 verifica\u00e7\u00e3o daquela situa\u00e7\u00e3o podem ver a exonera\u00e7\u00e3o do passivo restante ser-lhes recusada.<\/p>\n\n\n\n<p>Esta \u00e9 uma consequ\u00eancia da maior relev\u00e2ncia, considerando o desejado efeito do perd\u00e3o de d\u00edvidas que se pode alcan\u00e7ar atrav\u00e9s do <a href=\"https:\/\/www.valadascoriel.com\/pt-pt\/insolvencia-ou-peap-devedor-singular-em-situacao-de-dificuldade-financeira-liquidacao-ou-negociacao\/exoneracao-do-passivo-restante-o-perdao-de-dividas\/\">instituto da exonera\u00e7\u00e3o do passivo restante<\/a>.<\/p>\n\n\n\n<p>Por outro lado, a lei prev\u00ea que os credores podem, em certos casos, independentemente da natureza do seu cr\u00e9dito, requerer a declara\u00e7\u00e3o de insolv\u00eancia dos devedores, quer estes sejam pessoas colectivas, quer sejam pessoas singulares.<\/p>\n\n\n\n<p>\u00c9 o que acontece por exemplo quando ocorre a fuga do titular da empresa, abandono do local da sede ou da principal actividade, ou quando se verifica a dissipa\u00e7\u00e3o ruinosa de bens, com vista a frustrar o pagamento aos credores.<\/p>\n\n\n\n<p>No entanto, quando um credor requer a insolv\u00eancia do devedor, a declara\u00e7\u00e3o de insolv\u00eancia n\u00e3o \u00e9 autom\u00e1tica \u2013 este pode opor-se, mas cabe-lhe a si provar que n\u00e3o se encontra insolvente.<\/p>\n\n\n\n<p>\u00c9 manifesta a import\u00e2ncia de uma apresenta\u00e7\u00e3o atempada \u00e0 insolv\u00eancia, quer por parte das pessoas colectivas, quer por parte das pessoas singulares, ainda que s\u00f3 as primeiras estejam obrigadas a faz\u00ea-lo.<\/p>\n\n\n\n<div style=\"height:20px\" aria-hidden=\"true\" class=\"wp-block-spacer\"><\/div>\n\n\n\n<hr class=\"wp-block-separator has-text-color has-primary-color has-alpha-channel-opacity has-primary-background-color has-background is-style-default\"\/>\n\n\n\n<div id=\"mb-block-447fa871-df1f-41e7-b0c3-0f78144af179\" class=\"odin-group odin-pb alignfull\">\n\t<div class=\"container-fluid\">\n\t\t<div class=\"row justify-content-center\">\n\t\t\t<div class=\"col-12\">\n\t\t\t\t\n\n<div style=\"height:20px\" aria-hidden=\"true\" class=\"wp-block-spacer\"><\/div>\n\n\n\n<h2 class=\"wp-block-heading has-primary-color has-text-color has-link-color wp-elements-941f3d37db68a07e44c060d8f6b8af49\" id=\"h-topicos-relacionados\">T\u00f3picos Relacionados<\/h2>\n\n\n<div class=\"odin-buttons justify-content-start\">\n\t<a href=\"https:\/\/www.valadascoriel.com\/pt-pt\/insolvencia-ou-peap-devedor-singular-em-situacao-de-dificuldade-financeira-liquidacao-ou-negociacao\/\" class=\"odin-button odin-button-link\">\n\t<span>\n\t\t<span class=\"odin-button-anchor\">Insolv\u00eancia ou PEAP &#8211; Devedor singular em situa\u00e7\u00e3o de dificuldade financeira: Liquida\u00e7\u00e3o ou negocia\u00e7\u00e3o?<\/span>\n\t\t<span class=\"odin-icon odin-icon--font-awesome\"><svg xmlns=\"http:\/\/www.w3.org\/2000\/svg\" viewBox=\"0 0 448 512\"><!--! Font Awesome Pro 6.2.0 by @fontawesome - https:\/\/fontawesome.com License - https:\/\/fontawesome.com\/license (Commercial License) Copyright 2022 Fonticons, Inc. --><path d=\"M438.6 278.6c12.5-12.5 12.5-32.8 0-45.3l-160-160c-12.5-12.5-32.8-12.5-45.3 0s-12.5 32.8 0 45.3L338.8 224 32 224c-17.7 0-32 14.3-32 32s14.3 32 32 32l306.7 0L233.4 393.4c-12.5 12.5-12.5 32.8 0 45.3s32.8 12.5 45.3 0l160-160z\"><\/path><\/svg><\/span>\t<\/span>\n<\/a><\/div>\n\n<div class=\"odin-buttons justify-content-start\">\n\t<a href=\"https:\/\/www.valadascoriel.com\/pt-pt\/insolvencia-ou-per-solucoes-para-empresas-em-dificuldades-financeiras-liquidacao-ou-recuperacao\/\" class=\"odin-button odin-button-link\">\n\t<span>\n\t\t<span class=\"odin-button-anchor\">Insolv\u00eancia ou PER &#8211; Solu\u00e7\u00f5es para empresas em dificuldades financeiras: liquida\u00e7\u00e3o ou recupera\u00e7\u00e3o?<\/span>\n\t\t<span class=\"odin-icon odin-icon--font-awesome\"><svg xmlns=\"http:\/\/www.w3.org\/2000\/svg\" viewBox=\"0 0 448 512\"><!--! Font Awesome Pro 6.2.0 by @fontawesome - https:\/\/fontawesome.com License - https:\/\/fontawesome.com\/license (Commercial License) Copyright 2022 Fonticons, Inc. --><path d=\"M438.6 278.6c12.5-12.5 12.5-32.8 0-45.3l-160-160c-12.5-12.5-32.8-12.5-45.3 0s-12.5 32.8 0 45.3L338.8 224 32 224c-17.7 0-32 14.3-32 32s14.3 32 32 32l306.7 0L233.4 393.4c-12.5 12.5-12.5 32.8 0 45.3s32.8 12.5 45.3 0l160-160z\"><\/path><\/svg><\/span>\t<\/span>\n<\/a><\/div>\n\n<div class=\"odin-buttons justify-content-start\">\n\t<a href=\"https:\/\/www.valadascoriel.com\/pt-pt\/insolvencia-ou-peap-devedor-singular-em-situacao-de-dificuldade-financeira-liquidacao-ou-negociacao\/exoneracao-do-passivo-restante-o-perdao-de-dividas\/\" class=\"odin-button odin-button-link\">\n\t<span>\n\t\t<span class=\"odin-button-anchor\">Exonera\u00e7\u00e3o do passivo restante \u2013 O perd\u00e3o de d\u00edvidas<\/span>\n\t\t<span class=\"odin-icon odin-icon--font-awesome\"><svg xmlns=\"http:\/\/www.w3.org\/2000\/svg\" viewBox=\"0 0 448 512\"><!--! Font Awesome Pro 6.2.0 by @fontawesome - https:\/\/fontawesome.com License - https:\/\/fontawesome.com\/license (Commercial License) Copyright 2022 Fonticons, Inc. --><path d=\"M438.6 278.6c12.5-12.5 12.5-32.8 0-45.3l-160-160c-12.5-12.5-32.8-12.5-45.3 0s-12.5 32.8 0 45.3L338.8 224 32 224c-17.7 0-32 14.3-32 32s14.3 32 32 32l306.7 0L233.4 393.4c-12.5 12.5-12.5 32.8 0 45.3s32.8 12.5 45.3 0l160-160z\"><\/path><\/svg><\/span>\t<\/span>\n<\/a><\/div>\n\n<div class=\"odin-buttons justify-content-start\">\n\t<a href=\"https:\/\/www.valadascoriel.com\/pt-pt\/areas-de-pratica\/insolvencia-per-e-peap\/a-possibilidade-de-qualificacao-da-insolvencia-como-culposa-e-suas-consequencias\/\" class=\"odin-button odin-button-link\">\n\t<span>\n\t\t<span class=\"odin-button-anchor\">A possibilidade de qualifica\u00e7\u00e3o da insolv\u00eancia como culposa e suas consequ\u00eancias<\/span>\n\t\t<span class=\"odin-icon odin-icon--font-awesome\"><svg xmlns=\"http:\/\/www.w3.org\/2000\/svg\" viewBox=\"0 0 448 512\"><!--! Font Awesome Pro 6.2.0 by @fontawesome - https:\/\/fontawesome.com License - https:\/\/fontawesome.com\/license (Commercial License) Copyright 2022 Fonticons, Inc. --><path d=\"M438.6 278.6c12.5-12.5 12.5-32.8 0-45.3l-160-160c-12.5-12.5-32.8-12.5-45.3 0s-12.5 32.8 0 45.3L338.8 224 32 224c-17.7 0-32 14.3-32 32s14.3 32 32 32l306.7 0L233.4 393.4c-12.5 12.5-12.5 32.8 0 45.3s32.8 12.5 45.3 0l160-160z\"><\/path><\/svg><\/span>\t<\/span>\n<\/a><\/div>\n\n\t\t\t<\/div>\n\t\t<\/div>\n\t<\/div>\n<\/div>\n\n\n<hr class=\"wp-block-separator has-text-color has-primary-color has-alpha-channel-opacity has-primary-background-color has-background is-style-default\"\/>\n\n\n\n<div id=\"mb-block-532b16d2-0f84-46d1-8bd3-b61df18b980f\" class=\"odin-group odin-pb alignfull\">\n\t<div class=\"container-fluid\">\n\t\t<div class=\"row justify-content-center\">\n\t\t\t<div class=\"col-12\">\n\t\t\t\t\n\n<div style=\"height:20px\" aria-hidden=\"true\" class=\"wp-block-spacer\"><\/div>\n\n\n\n<h3 class=\"wp-block-heading\" id=\"h-assumimos-o-compromisso-de-fornecer-uma-orientacao-juridica-solida-e-solucoes-estrategicas-para-assegurar-a-gestao-eficaz-destas-questoes-sempre-em-estreita-comunicacao-com-o-cliente\">Assumimos o compromisso de fornecer uma orienta\u00e7\u00e3o jur\u00eddica s\u00f3lida e solu\u00e7\u00f5es estrat\u00e9gicas para assegurar a gest\u00e3o eficaz destas quest\u00f5es, sempre em estreita comunica\u00e7\u00e3o com o cliente.<\/h3>\n\n\n\n<div style=\"height:40px\" aria-hidden=\"true\" class=\"wp-block-spacer\"><\/div>\n\n\n<div class=\"wp-bootstrap-blocks-row row\">\n\t\n\n<div class=\"col-12 col-md-4\">\n\t\t\t\n<div class=\"odin-buttons inherit\">\n\t<a href=\"https:\/\/www.valadascoriel.com\/pt-pt\/sociedade\/equipa\/\" class=\"odin-button odin-button-link\">\n\t<span>\n\t\t<span class=\"odin-button-anchor\">Equipa<\/span>\n\t\t<span class=\"odin-icon odin-icon--font-awesome\"><svg xmlns=\"http:\/\/www.w3.org\/2000\/svg\" viewBox=\"0 0 448 512\"><!--! Font Awesome Pro 6.2.0 by @fontawesome - https:\/\/fontawesome.com License - https:\/\/fontawesome.com\/license (Commercial License) Copyright 2022 Fonticons, Inc. --><path d=\"M438.6 278.6c12.5-12.5 12.5-32.8 0-45.3l-160-160c-12.5-12.5-32.8-12.5-45.3 0s-12.5 32.8 0 45.3L338.8 224 32 224c-17.7 0-32 14.3-32 32s14.3 32 32 32l306.7 0L233.4 393.4c-12.5 12.5-12.5 32.8 0 45.3s32.8 12.5 45.3 0l160-160z\"><\/path><\/svg><\/span>\t<\/span>\n<\/a><\/div>\n\t<\/div>\n\n\n\n<div class=\"col-12 col-md-4\">\n\t\t\t\n<div class=\"odin-buttons inherit\">\n\t<a href=\"https:\/\/www.valadascoriel.com\/pt-pt\/areas-de-pratica\/insolvencia-per-e-peap\/\" class=\"odin-button odin-button-link\">\n\t<span>\n\t\t<span class=\"odin-button-anchor\">Servi\u00e7os de Insolv\u00eancia e Recupera\u00e7\u00e3o<\/span>\n\t\t<span class=\"odin-icon odin-icon--font-awesome\"><svg xmlns=\"http:\/\/www.w3.org\/2000\/svg\" viewBox=\"0 0 448 512\"><!--! Font Awesome Pro 6.2.0 by @fontawesome - https:\/\/fontawesome.com License - https:\/\/fontawesome.com\/license (Commercial License) Copyright 2022 Fonticons, Inc. --><path d=\"M438.6 278.6c12.5-12.5 12.5-32.8 0-45.3l-160-160c-12.5-12.5-32.8-12.5-45.3 0s-12.5 32.8 0 45.3L338.8 224 32 224c-17.7 0-32 14.3-32 32s14.3 32 32 32l306.7 0L233.4 393.4c-12.5 12.5-12.5 32.8 0 45.3s32.8 12.5 45.3 0l160-160z\"><\/path><\/svg><\/span>\t<\/span>\n<\/a><\/div>\n\t<\/div>\n\n\n\n<div class=\"col-12 col-md-4\">\n\t\t\t\n<div class=\"odin-buttons justify-content-end\">\n\t<a href=\"https:\/\/www.valadascoriel.com\/pt-pt\/contato\/\" class=\"odin-button odin-button-primary\">\n\t<span>\n\t\t<span class=\"odin-button-anchor\">Contacte a nossa equipa<\/span>\n\t<\/span>\n<\/a><\/div>\n\t<\/div>\n\n<\/div>\n\n\n\t\t\t<\/div>\n\t\t<\/div>\n\t<\/div>\n<\/div>","protected":false},"excerpt":{"rendered":"<p>Apenas as pessoas colectivas t\u00eam um efectivo dever de se apresentar \u00e0 insolv\u00eancia, e devem faz\u00ea-lo dentro dos 30 dias seguintes \u00e0 data do conhecimento dessa situa\u00e7\u00e3o. A lei faz presumir o conhecimento da situa\u00e7\u00e3o de insolv\u00eancia em certos casos, tais como quando se verifica por parte da empresa um incumprimento generalizado de d\u00edvidas \u00e0s [&hellip;]<\/p>\n","protected":false},"author":3,"featured_media":0,"parent":14967,"menu_order":0,"comment_status":"closed","ping_status":"closed","template":"","meta":{"content-type":"","footnotes":""},"class_list":["post-15667","page","type-page","status-publish","hentry"],"yoast_head":"<!-- This site is optimized with the Yoast SEO Premium plugin v21.3 (Yoast SEO v26.1.1) - https:\/\/yoast.com\/wordpress\/plugins\/seo\/ -->\n<title>Apresenta\u00e7\u00e3o \u00e0 insolv\u00eancia \u2013 o dever de apresenta\u00e7\u00e3o, e o poder dos credores de requerer a insolv\u00eancia do devedor - VCA - Valadas Coriel e Associados<\/title>\n<meta name=\"robots\" content=\"index, follow, max-snippet:-1, max-image-preview:large, max-video-preview:-1\" \/>\n<link rel=\"canonical\" href=\"https:\/\/www.valadascoriel.com\/pt-pt\/areas-de-pratica\/insolvencia-per-e-peap\/apresentacao-a-insolvencia-o-dever-de-apresentacao-e-o-poder-dos-credores-de-requerer-a-insolvencia-do-devedor\/\" \/>\n<meta property=\"og:locale\" content=\"pt_PT\" \/>\n<meta property=\"og:type\" content=\"article\" \/>\n<meta property=\"og:title\" content=\"Apresenta\u00e7\u00e3o \u00e0 insolv\u00eancia \u2013 o dever de apresenta\u00e7\u00e3o, e o poder dos credores de requerer a insolv\u00eancia do devedor\" \/>\n<meta property=\"og:description\" content=\"Apenas as pessoas colectivas t\u00eam um efectivo dever de se apresentar \u00e0 insolv\u00eancia, e devem faz\u00ea-lo dentro dos 30 dias seguintes \u00e0 data do conhecimento dessa situa\u00e7\u00e3o. A lei faz presumir o conhecimento da situa\u00e7\u00e3o de insolv\u00eancia em certos casos, tais como quando se verifica por parte da empresa um incumprimento generalizado de d\u00edvidas \u00e0s [&hellip;]\" \/>\n<meta property=\"og:url\" content=\"https:\/\/www.valadascoriel.com\/pt-pt\/areas-de-pratica\/insolvencia-per-e-peap\/apresentacao-a-insolvencia-o-dever-de-apresentacao-e-o-poder-dos-credores-de-requerer-a-insolvencia-do-devedor\/\" \/>\n<meta property=\"og:site_name\" content=\"VCA - Valadas Coriel e Associados\" \/>\n<meta property=\"article:publisher\" content=\"https:\/\/www.facebook.com\/ValadasCoriel\/\" \/>\n<meta property=\"article:modified_time\" content=\"2025-01-29T14:48:35+00:00\" \/>\n<meta name=\"twitter:card\" content=\"summary_large_image\" \/>\n<meta name=\"twitter:site\" content=\"@valadascoriel\" \/>\n<meta name=\"twitter:label1\" content=\"Tempo estimado de leitura\" \/>\n\t<meta name=\"twitter:data1\" content=\"2 minutos\" \/>\n<script type=\"application\/ld+json\" class=\"yoast-schema-graph\">{\"@context\":\"https:\/\/schema.org\",\"@graph\":[{\"@type\":\"WebPage\",\"@id\":\"https:\/\/www.valadascoriel.com\/pt-pt\/areas-de-pratica\/insolvencia-per-e-peap\/apresentacao-a-insolvencia-o-dever-de-apresentacao-e-o-poder-dos-credores-de-requerer-a-insolvencia-do-devedor\/\",\"url\":\"https:\/\/www.valadascoriel.com\/pt-pt\/areas-de-pratica\/insolvencia-per-e-peap\/apresentacao-a-insolvencia-o-dever-de-apresentacao-e-o-poder-dos-credores-de-requerer-a-insolvencia-do-devedor\/\",\"name\":\"Apresenta\u00e7\u00e3o \u00e0 insolv\u00eancia \u2013 o dever de apresenta\u00e7\u00e3o, e o poder dos credores de requerer a insolv\u00eancia do devedor - VCA - Valadas Coriel e Associados\",\"isPartOf\":{\"@id\":\"https:\/\/www.valadascoriel.com\/#website\"},\"datePublished\":\"2024-03-04T12:33:00+00:00\",\"dateModified\":\"2025-01-29T14:48:35+00:00\",\"breadcrumb\":{\"@id\":\"https:\/\/www.valadascoriel.com\/pt-pt\/areas-de-pratica\/insolvencia-per-e-peap\/apresentacao-a-insolvencia-o-dever-de-apresentacao-e-o-poder-dos-credores-de-requerer-a-insolvencia-do-devedor\/#breadcrumb\"},\"inLanguage\":\"pt-PT\",\"potentialAction\":[{\"@type\":\"ReadAction\",\"target\":[\"https:\/\/www.valadascoriel.com\/pt-pt\/areas-de-pratica\/insolvencia-per-e-peap\/apresentacao-a-insolvencia-o-dever-de-apresentacao-e-o-poder-dos-credores-de-requerer-a-insolvencia-do-devedor\/\"]}]},{\"@type\":\"BreadcrumbList\",\"@id\":\"https:\/\/www.valadascoriel.com\/pt-pt\/areas-de-pratica\/insolvencia-per-e-peap\/apresentacao-a-insolvencia-o-dever-de-apresentacao-e-o-poder-dos-credores-de-requerer-a-insolvencia-do-devedor\/#breadcrumb\",\"itemListElement\":[{\"@type\":\"ListItem\",\"position\":1,\"name\":\"In\u00edcio\",\"item\":\"https:\/\/www.valadascoriel.com\/pt-pt\/\"},{\"@type\":\"ListItem\",\"position\":2,\"name\":\"\u00c1reas de Pr\u00e1tica\",\"item\":\"https:\/\/www.valadascoriel.com\/pt-pt\/areas-de-pratica\/\"},{\"@type\":\"ListItem\",\"position\":3,\"name\":\"Insolv\u00eancia, PER e PEAP\",\"item\":\"https:\/\/www.valadascoriel.com\/pt-pt\/areas-de-pratica\/insolvencia-per-e-peap\/\"},{\"@type\":\"ListItem\",\"position\":4,\"name\":\"Apresenta\u00e7\u00e3o \u00e0 insolv\u00eancia \u2013 o dever de apresenta\u00e7\u00e3o, e o poder dos credores de requerer a insolv\u00eancia do devedor\"}]},{\"@type\":\"WebSite\",\"@id\":\"https:\/\/www.valadascoriel.com\/#website\",\"url\":\"https:\/\/www.valadascoriel.com\/\",\"name\":\"Valadas Coriel & Associados\",\"description\":\"A versatile legal firm combining experience, expertise &amp; creativity.\",\"publisher\":{\"@id\":\"https:\/\/www.valadascoriel.com\/#organization\"},\"potentialAction\":[{\"@type\":\"SearchAction\",\"target\":{\"@type\":\"EntryPoint\",\"urlTemplate\":\"https:\/\/www.valadascoriel.com\/?s={search_term_string}\"},\"query-input\":{\"@type\":\"PropertyValueSpecification\",\"valueRequired\":true,\"valueName\":\"search_term_string\"}}],\"inLanguage\":\"pt-PT\"},{\"@type\":\"Organization\",\"@id\":\"https:\/\/www.valadascoriel.com\/#organization\",\"name\":\"Valadas Coriel & Associados\",\"alternateName\":\"VCA\",\"url\":\"https:\/\/www.valadascoriel.com\/\",\"logo\":{\"@type\":\"ImageObject\",\"inLanguage\":\"pt-PT\",\"@id\":\"https:\/\/www.valadascoriel.com\/#\/schema\/logo\/image\/\",\"url\":\"https:\/\/www.valadascoriel.com\/wp-content\/uploads\/2023\/03\/cropped-favicon-1.png\",\"contentUrl\":\"https:\/\/www.valadascoriel.com\/wp-content\/uploads\/2023\/03\/cropped-favicon-1.png\",\"width\":512,\"height\":512,\"caption\":\"Valadas Coriel & Associados\"},\"image\":{\"@id\":\"https:\/\/www.valadascoriel.com\/#\/schema\/logo\/image\/\"},\"sameAs\":[\"https:\/\/www.facebook.com\/ValadasCoriel\/\",\"https:\/\/x.com\/valadascoriel\",\"https:\/\/pt.linkedin.com\/company\/vca-valadas-coriel-associados\",\"https:\/\/www.youtube.com\/channel\/UCic8dCFjoTtH5u890aEcW5Q\"]}]}<\/script>\n<!-- \/ Yoast SEO Premium plugin. -->","yoast_head_json":{"title":"Apresenta\u00e7\u00e3o \u00e0 insolv\u00eancia \u2013 o dever de apresenta\u00e7\u00e3o, e o poder dos credores de requerer a insolv\u00eancia do devedor - VCA - Valadas Coriel e Associados","robots":{"index":"index","follow":"follow","max-snippet":"max-snippet:-1","max-image-preview":"max-image-preview:large","max-video-preview":"max-video-preview:-1"},"canonical":"https:\/\/www.valadascoriel.com\/pt-pt\/areas-de-pratica\/insolvencia-per-e-peap\/apresentacao-a-insolvencia-o-dever-de-apresentacao-e-o-poder-dos-credores-de-requerer-a-insolvencia-do-devedor\/","og_locale":"pt_PT","og_type":"article","og_title":"Apresenta\u00e7\u00e3o \u00e0 insolv\u00eancia \u2013 o dever de apresenta\u00e7\u00e3o, e o poder dos credores de requerer a insolv\u00eancia do devedor","og_description":"Apenas as pessoas colectivas t\u00eam um efectivo dever de se apresentar \u00e0 insolv\u00eancia, e devem faz\u00ea-lo dentro dos 30 dias seguintes \u00e0 data do conhecimento dessa situa\u00e7\u00e3o. A lei faz presumir o conhecimento da situa\u00e7\u00e3o de insolv\u00eancia em certos casos, tais como quando se verifica por parte da empresa um incumprimento generalizado de d\u00edvidas \u00e0s [&hellip;]","og_url":"https:\/\/www.valadascoriel.com\/pt-pt\/areas-de-pratica\/insolvencia-per-e-peap\/apresentacao-a-insolvencia-o-dever-de-apresentacao-e-o-poder-dos-credores-de-requerer-a-insolvencia-do-devedor\/","og_site_name":"VCA - Valadas Coriel e Associados","article_publisher":"https:\/\/www.facebook.com\/ValadasCoriel\/","article_modified_time":"2025-01-29T14:48:35+00:00","twitter_card":"summary_large_image","twitter_site":"@valadascoriel","twitter_misc":{"Tempo estimado de leitura":"2 minutos"},"schema":{"@context":"https:\/\/schema.org","@graph":[{"@type":"WebPage","@id":"https:\/\/www.valadascoriel.com\/pt-pt\/areas-de-pratica\/insolvencia-per-e-peap\/apresentacao-a-insolvencia-o-dever-de-apresentacao-e-o-poder-dos-credores-de-requerer-a-insolvencia-do-devedor\/","url":"https:\/\/www.valadascoriel.com\/pt-pt\/areas-de-pratica\/insolvencia-per-e-peap\/apresentacao-a-insolvencia-o-dever-de-apresentacao-e-o-poder-dos-credores-de-requerer-a-insolvencia-do-devedor\/","name":"Apresenta\u00e7\u00e3o \u00e0 insolv\u00eancia \u2013 o dever de apresenta\u00e7\u00e3o, e o poder dos credores de requerer a insolv\u00eancia do devedor - VCA - Valadas Coriel e Associados","isPartOf":{"@id":"https:\/\/www.valadascoriel.com\/#website"},"datePublished":"2024-03-04T12:33:00+00:00","dateModified":"2025-01-29T14:48:35+00:00","breadcrumb":{"@id":"https:\/\/www.valadascoriel.com\/pt-pt\/areas-de-pratica\/insolvencia-per-e-peap\/apresentacao-a-insolvencia-o-dever-de-apresentacao-e-o-poder-dos-credores-de-requerer-a-insolvencia-do-devedor\/#breadcrumb"},"inLanguage":"pt-PT","potentialAction":[{"@type":"ReadAction","target":["https:\/\/www.valadascoriel.com\/pt-pt\/areas-de-pratica\/insolvencia-per-e-peap\/apresentacao-a-insolvencia-o-dever-de-apresentacao-e-o-poder-dos-credores-de-requerer-a-insolvencia-do-devedor\/"]}]},{"@type":"BreadcrumbList","@id":"https:\/\/www.valadascoriel.com\/pt-pt\/areas-de-pratica\/insolvencia-per-e-peap\/apresentacao-a-insolvencia-o-dever-de-apresentacao-e-o-poder-dos-credores-de-requerer-a-insolvencia-do-devedor\/#breadcrumb","itemListElement":[{"@type":"ListItem","position":1,"name":"In\u00edcio","item":"https:\/\/www.valadascoriel.com\/pt-pt\/"},{"@type":"ListItem","position":2,"name":"\u00c1reas de Pr\u00e1tica","item":"https:\/\/www.valadascoriel.com\/pt-pt\/areas-de-pratica\/"},{"@type":"ListItem","position":3,"name":"Insolv\u00eancia, PER e PEAP","item":"https:\/\/www.valadascoriel.com\/pt-pt\/areas-de-pratica\/insolvencia-per-e-peap\/"},{"@type":"ListItem","position":4,"name":"Apresenta\u00e7\u00e3o \u00e0 insolv\u00eancia \u2013 o dever de apresenta\u00e7\u00e3o, e o poder dos credores de requerer a insolv\u00eancia do devedor"}]},{"@type":"WebSite","@id":"https:\/\/www.valadascoriel.com\/#website","url":"https:\/\/www.valadascoriel.com\/","name":"Valadas Coriel & Associados","description":"A versatile legal firm combining experience, expertise &amp; creativity.","publisher":{"@id":"https:\/\/www.valadascoriel.com\/#organization"},"potentialAction":[{"@type":"SearchAction","target":{"@type":"EntryPoint","urlTemplate":"https:\/\/www.valadascoriel.com\/?s={search_term_string}"},"query-input":{"@type":"PropertyValueSpecification","valueRequired":true,"valueName":"search_term_string"}}],"inLanguage":"pt-PT"},{"@type":"Organization","@id":"https:\/\/www.valadascoriel.com\/#organization","name":"Valadas Coriel & Associados","alternateName":"VCA","url":"https:\/\/www.valadascoriel.com\/","logo":{"@type":"ImageObject","inLanguage":"pt-PT","@id":"https:\/\/www.valadascoriel.com\/#\/schema\/logo\/image\/","url":"https:\/\/www.valadascoriel.com\/wp-content\/uploads\/2023\/03\/cropped-favicon-1.png","contentUrl":"https:\/\/www.valadascoriel.com\/wp-content\/uploads\/2023\/03\/cropped-favicon-1.png","width":512,"height":512,"caption":"Valadas Coriel & Associados"},"image":{"@id":"https:\/\/www.valadascoriel.com\/#\/schema\/logo\/image\/"},"sameAs":["https:\/\/www.facebook.com\/ValadasCoriel\/","https:\/\/x.com\/valadascoriel","https:\/\/pt.linkedin.com\/company\/vca-valadas-coriel-associados","https:\/\/www.youtube.com\/channel\/UCic8dCFjoTtH5u890aEcW5Q"]}]}},"_links":{"self":[{"href":"https:\/\/www.valadascoriel.com\/pt-pt\/wp-json\/wp\/v2\/pages\/15667","targetHints":{"allow":["GET"]}}],"collection":[{"href":"https:\/\/www.valadascoriel.com\/pt-pt\/wp-json\/wp\/v2\/pages"}],"about":[{"href":"https:\/\/www.valadascoriel.com\/pt-pt\/wp-json\/wp\/v2\/types\/page"}],"author":[{"embeddable":true,"href":"https:\/\/www.valadascoriel.com\/pt-pt\/wp-json\/wp\/v2\/users\/3"}],"replies":[{"embeddable":true,"href":"https:\/\/www.valadascoriel.com\/pt-pt\/wp-json\/wp\/v2\/comments?post=15667"}],"version-history":[{"count":7,"href":"https:\/\/www.valadascoriel.com\/pt-pt\/wp-json\/wp\/v2\/pages\/15667\/revisions"}],"predecessor-version":[{"id":16730,"href":"https:\/\/www.valadascoriel.com\/pt-pt\/wp-json\/wp\/v2\/pages\/15667\/revisions\/16730"}],"up":[{"embeddable":true,"href":"https:\/\/www.valadascoriel.com\/pt-pt\/wp-json\/wp\/v2\/pages\/14967"}],"wp:attachment":[{"href":"https:\/\/www.valadascoriel.com\/pt-pt\/wp-json\/wp\/v2\/media?parent=15667"}],"curies":[{"name":"wp","href":"https:\/\/api.w.org\/{rel}","templated":true}]}}