{"id":15804,"date":"2024-03-19T15:09:10","date_gmt":"2024-03-19T15:09:10","guid":{"rendered":"https:\/\/www.valadascoriel.com\/?page_id=15804"},"modified":"2024-04-18T14:32:49","modified_gmt":"2024-04-18T14:32:49","slug":"os-efeitos-mais-relevantes-da-declaracao-de-insolvencia-sobre-os-creditos-e-sobre-as-accoes-pendentes","status":"publish","type":"page","link":"https:\/\/www.valadascoriel.com\/pt-pt\/areas-de-pratica\/insolvencia-per-e-peap\/os-efeitos-mais-relevantes-da-declaracao-de-insolvencia-sobre-os-creditos-e-sobre-as-accoes-pendentes\/","title":{"rendered":"Os efeitos mais relevantes da declara\u00e7\u00e3o de insolv\u00eancia sobre os cr\u00e9ditos e sobre as ac\u00e7\u00f5es pendentes"},"content":{"rendered":"<div class=\"wp-bootstrap-blocks-row row\">\n\t\n\n<div class=\"col-12 col-md-6\">\n\t\t\t\n\n<p>A declara\u00e7\u00e3o de insolv\u00eancia acarreta v\u00e1rios efeitos, nomeadamente sobre os cr\u00e9ditos dos credores, e sobre as ac\u00e7\u00f5es judiciais que se encontrem pendentes \u00e0 data dessa declara\u00e7\u00e3o.<\/p>\n\n\n\n<p>Um dos efeitos com maior impacto e mais desejados pelos insolventes, quer se trate de pessoas singulares, quer de colectivas, \u00e9 o da suspens\u00e3o das ac\u00e7\u00f5es executivas.<\/p>\n\n\n\n<p>A declara\u00e7\u00e3o de insolv\u00eancia determina a suspens\u00e3o de dilig\u00eancias executivas ou provid\u00eancias requeridas pelos credores que atinjam os bens integrantes da massa insolvente e que se encontrem em curso, e tamb\u00e9m impede a instaura\u00e7\u00e3o de novas ac\u00e7\u00f5es executivas no decurso do processo de insolv\u00eancia.<\/p>\n\n\n\n<p>No caso das pessoas singulares, e por exemplo, isto significa que se o devedor se encontrar com uma penhora sobre o seu vencimento, a mesma \u00e9 suspensa por efeito da declara\u00e7\u00e3o de insolv\u00eancia.<\/p>\n\n\n\n<p>Tamb\u00e9m, a declara\u00e7\u00e3o de insolv\u00eancia de uma pessoa singular faz suspender, por exemplo, a venda executiva de im\u00f3veis que se encontrem a ser vendidos no \u00e2mbito de uma ac\u00e7\u00e3o executiva \u2013 a venda ser\u00e1 feita por meio do processo de insolv\u00eancia, onde o devedor poder\u00e1 ter um papel mais interventivo.<\/p>\n\n\n\n<p>No caso das pessoas colectivas, a declara\u00e7\u00e3o de insolv\u00eancia faz suspender, por exemplo, penhoras que se encontrem activas sobre as contas banc\u00e1rias da empresa.<\/p>\n\n\n\n<p>Este efeito pode ser bastante relevante no decurso do processo, nomeadamente, no caso de a empresa pretender apresentar um plano de insolv\u00eancia.<\/p>\n\n\t<\/div>\n\n\n\n<div class=\"col-12 col-md-6\">\n\t\t\t\n\n<p>As ac\u00e7\u00f5es executivas s\u00e3o, regra geral, posteriormente extintas quanto aos executados insolventes. No entanto, se houver outros executados n\u00e3o insolventes, a execu\u00e7\u00e3o prossegue contra estes.<\/p>\n\n\n\n<p>Uma vez declarada a insolv\u00eancia, todas as ac\u00e7\u00f5es que digam respeito a bens compreendidos na massa insolvente, e todas as ac\u00e7\u00f5es de natureza exclusivamente patrimonial intentadas pelo devedor, devem ser apensadas ao processo de insolv\u00eancia, bem como as ac\u00e7\u00f5es de pessoas\/empresas especialmente relacionadas com o devedor.<\/p>\n\n\n\n<p>A declara\u00e7\u00e3o de insolv\u00eancia determina o vencimento de todas as obriga\u00e7\u00f5es do insolvente que n\u00e3o estejam subordinadas a uma condi\u00e7\u00e3o suspensiva, e tem regra geral o efeito de \u201cfixar\u201d o valor em d\u00edvida \u00e0 data da declara\u00e7\u00e3o de insolv\u00eancia.<\/p>\n\n\n\n<p>A declara\u00e7\u00e3o de insolv\u00eancia determina igualmente a suspens\u00e3o de todos os prazos de prescri\u00e7\u00e3o e de caducidade opon\u00edveis pelo devedor durante o decurso do processo.<\/p>\n\n\n\n<p>Cumpre neste \u00e2mbito referir que, apenas se suspende o prazo prescricional das d\u00edvidas tribut\u00e1rias quanto ao devedor principal insolvente, e n\u00e3o do respons\u00e1vel subsidi\u00e1rio &#8211; como ser\u00e1 o caso de uma empresa que seja declarada insolvente, sendo o respons\u00e1vel subsidi\u00e1rio o seu s\u00f3cio-gerente.<\/p>\n\n\t<\/div>\n\n<\/div>\n\n\n\n<div style=\"height:40px\" aria-hidden=\"true\" class=\"wp-block-spacer\"><\/div>\n\n\n\n<hr class=\"wp-block-separator has-text-color has-primary-color has-alpha-channel-opacity has-primary-background-color has-background is-style-default\"\/>\n\n\n\n<div id=\"mb-block-6f605a2c-757b-4284-9a32-f6df1dd67c55\" class=\"odin-group odin-pt odin-pb alignfull\">\n\t<div class=\"container-fluid\">\n\t\t<div class=\"row justify-content-center\">\n\t\t\t<div class=\"col-12\">\n\t\t\t\t\n\n<h2 class=\"wp-block-heading has-primary-color has-text-color has-link-color wp-elements-941f3d37db68a07e44c060d8f6b8af49\" id=\"h-topicos-relacionados\">T\u00f3picos Relacionados<\/h2>\n\n\n<div class=\"odin-buttons inherit\">\n\t<a href=\"https:\/\/www.valadascoriel.com\/pt-pt\/insolvencia-ou-peap-devedor-singular-em-situacao-de-dificuldade-financeira-liquidacao-ou-negociacao\/\" class=\"odin-button odin-button-link\">\n\t<span>\n\t\t<span class=\"odin-button-anchor\">Insolv\u00eancia ou PEAP &#8211; Devedor singular em situa\u00e7\u00e3o de dificuldade financeira: Liquida\u00e7\u00e3o ou negocia\u00e7\u00e3o?<\/span>\n\t\t<span class=\"odin-icon odin-icon--font-awesome\"><svg xmlns=\"http:\/\/www.w3.org\/2000\/svg\" viewBox=\"0 0 448 512\"><!--! Font Awesome Pro 6.2.0 by @fontawesome - https:\/\/fontawesome.com License - https:\/\/fontawesome.com\/license (Commercial License) Copyright 2022 Fonticons, Inc. --><path d=\"M438.6 278.6c12.5-12.5 12.5-32.8 0-45.3l-160-160c-12.5-12.5-32.8-12.5-45.3 0s-12.5 32.8 0 45.3L338.8 224 32 224c-17.7 0-32 14.3-32 32s14.3 32 32 32l306.7 0L233.4 393.4c-12.5 12.5-12.5 32.8 0 45.3s32.8 12.5 45.3 0l160-160z\"><\/path><\/svg><\/span>\t<\/span>\n<\/a><\/div>\n\n<div class=\"odin-buttons inherit\">\n\t<a href=\"https:\/\/www.valadascoriel.com\/pt-pt\/insolvencia-ou-per-solucoes-para-empresas-em-dificuldades-financeiras-liquidacao-ou-recuperacao\/\" class=\"odin-button odin-button-link\">\n\t<span>\n\t\t<span class=\"odin-button-anchor\">Insolv\u00eancia ou PER &#8211; Solu\u00e7\u00f5es para empresas em dificuldades financeiras: liquida\u00e7\u00e3o ou recupera\u00e7\u00e3o?<\/span>\n\t\t<span class=\"odin-icon odin-icon--font-awesome\"><svg xmlns=\"http:\/\/www.w3.org\/2000\/svg\" viewBox=\"0 0 448 512\"><!--! Font Awesome Pro 6.2.0 by @fontawesome - https:\/\/fontawesome.com License - https:\/\/fontawesome.com\/license (Commercial License) Copyright 2022 Fonticons, Inc. --><path d=\"M438.6 278.6c12.5-12.5 12.5-32.8 0-45.3l-160-160c-12.5-12.5-32.8-12.5-45.3 0s-12.5 32.8 0 45.3L338.8 224 32 224c-17.7 0-32 14.3-32 32s14.3 32 32 32l306.7 0L233.4 393.4c-12.5 12.5-12.5 32.8 0 45.3s32.8 12.5 45.3 0l160-160z\"><\/path><\/svg><\/span>\t<\/span>\n<\/a><\/div>\n\n<div class=\"odin-buttons inherit\">\n\t<a href=\"https:\/\/www.valadascoriel.com\/pt-pt\/areas-de-pratica\/insolvencia-per-e-peap\/apresentacao-a-insolvencia-o-dever-de-apresentacao-e-o-poder-dos-credores-de-requerer-a-insolvencia-do-devedor\/\" class=\"odin-button odin-button-link\">\n\t<span>\n\t\t<span class=\"odin-button-anchor\">Apresenta\u00e7\u00e3o \u00e0 insolv\u00eancia \u2013 o dever de apresenta\u00e7\u00e3o, e o poder dos credores de requerer a insolv\u00eancia do devedor<\/span>\n\t\t<span class=\"odin-icon odin-icon--font-awesome\"><svg xmlns=\"http:\/\/www.w3.org\/2000\/svg\" viewBox=\"0 0 448 512\"><!--! Font Awesome Pro 6.2.0 by @fontawesome - https:\/\/fontawesome.com License - https:\/\/fontawesome.com\/license (Commercial License) Copyright 2022 Fonticons, Inc. --><path d=\"M438.6 278.6c12.5-12.5 12.5-32.8 0-45.3l-160-160c-12.5-12.5-32.8-12.5-45.3 0s-12.5 32.8 0 45.3L338.8 224 32 224c-17.7 0-32 14.3-32 32s14.3 32 32 32l306.7 0L233.4 393.4c-12.5 12.5-12.5 32.8 0 45.3s32.8 12.5 45.3 0l160-160z\"><\/path><\/svg><\/span>\t<\/span>\n<\/a><\/div>\n\n<div class=\"odin-buttons justify-content-start\">\n\t<a href=\"https:\/\/www.valadascoriel.com\/pt-pt\/areas-de-pratica\/insolvencia-per-e-peap\/a-possibilidade-da-resolucao-de-actos-prejudiciais-a-massa-insolvente\/\" class=\"odin-button odin-button-link\">\n\t<span>\n\t\t<span class=\"odin-button-anchor\">A possibilidade da resolu\u00e7\u00e3o de actos prejudiciais \u00e0 Massa Insolvente<\/span>\n\t\t<span class=\"odin-icon odin-icon--font-awesome\"><svg xmlns=\"http:\/\/www.w3.org\/2000\/svg\" viewBox=\"0 0 448 512\"><!--! Font Awesome Pro 6.2.0 by @fontawesome - https:\/\/fontawesome.com License - https:\/\/fontawesome.com\/license (Commercial License) Copyright 2022 Fonticons, Inc. --><path d=\"M438.6 278.6c12.5-12.5 12.5-32.8 0-45.3l-160-160c-12.5-12.5-32.8-12.5-45.3 0s-12.5 32.8 0 45.3L338.8 224 32 224c-17.7 0-32 14.3-32 32s14.3 32 32 32l306.7 0L233.4 393.4c-12.5 12.5-12.5 32.8 0 45.3s32.8 12.5 45.3 0l160-160z\"><\/path><\/svg><\/span>\t<\/span>\n<\/a><\/div>\n\n\t\t\t<\/div>\n\t\t<\/div>\n\t<\/div>\n<\/div>\n\n\n<hr class=\"wp-block-separator has-text-color has-primary-color has-alpha-channel-opacity has-primary-background-color has-background is-style-default\"\/>\n\n\n\n<div id=\"mb-block-65e2e740-74cd-421e-886e-3dd2b679d27a\" class=\"odin-group odin-pb alignfull\">\n\t<div class=\"container-fluid\">\n\t\t<div class=\"row justify-content-center\">\n\t\t\t<div class=\"col-12\">\n\t\t\t\t\n\n<div style=\"height:20px\" aria-hidden=\"true\" class=\"wp-block-spacer\"><\/div>\n\n\n\n<h3 class=\"wp-block-heading\" id=\"h-assumimos-o-compromisso-de-fornecer-uma-orientacao-juridica-solida-e-solucoes-estrategicas-para-assegurar-a-gestao-eficaz-destas-questoes-sempre-em-estreita-comunicacao-com-o-cliente\">Assumimos o compromisso de fornecer uma orienta\u00e7\u00e3o jur\u00eddica s\u00f3lida e solu\u00e7\u00f5es estrat\u00e9gicas para assegurar a gest\u00e3o eficaz destas quest\u00f5es, sempre em estreita comunica\u00e7\u00e3o com o cliente.<\/h3>\n\n\n\n<div style=\"height:40px\" aria-hidden=\"true\" class=\"wp-block-spacer\"><\/div>\n\n\n<div class=\"wp-bootstrap-blocks-row row\">\n\t\n\n<div class=\"col-12 col-md-4\">\n\t\t\t\n<div class=\"odin-buttons inherit\">\n\t<a href=\"https:\/\/www.valadascoriel.com\/pt-pt\/sociedade\/equipa\/\" class=\"odin-button odin-button-link\">\n\t<span>\n\t\t<span class=\"odin-button-anchor\">Equipa<\/span>\n\t\t<span class=\"odin-icon odin-icon--font-awesome\"><svg xmlns=\"http:\/\/www.w3.org\/2000\/svg\" viewBox=\"0 0 448 512\"><!--! Font Awesome Pro 6.2.0 by @fontawesome - https:\/\/fontawesome.com License - https:\/\/fontawesome.com\/license (Commercial License) Copyright 2022 Fonticons, Inc. --><path d=\"M438.6 278.6c12.5-12.5 12.5-32.8 0-45.3l-160-160c-12.5-12.5-32.8-12.5-45.3 0s-12.5 32.8 0 45.3L338.8 224 32 224c-17.7 0-32 14.3-32 32s14.3 32 32 32l306.7 0L233.4 393.4c-12.5 12.5-12.5 32.8 0 45.3s32.8 12.5 45.3 0l160-160z\"><\/path><\/svg><\/span>\t<\/span>\n<\/a><\/div>\n\t<\/div>\n\n\n\n<div class=\"col-12 col-md-4\">\n\t\t\t\n<div class=\"odin-buttons inherit\">\n\t<a href=\"https:\/\/www.valadascoriel.com\/pt-pt\/areas-de-pratica\/insolvencia-per-e-peap\/\" class=\"odin-button odin-button-link\">\n\t<span>\n\t\t<span class=\"odin-button-anchor\">Servi\u00e7os de Insolv\u00eancia e Recupera\u00e7\u00e3o<\/span>\n\t\t<span class=\"odin-icon odin-icon--font-awesome\"><svg xmlns=\"http:\/\/www.w3.org\/2000\/svg\" viewBox=\"0 0 448 512\"><!--! Font Awesome Pro 6.2.0 by @fontawesome - https:\/\/fontawesome.com License - https:\/\/fontawesome.com\/license (Commercial License) Copyright 2022 Fonticons, Inc. --><path d=\"M438.6 278.6c12.5-12.5 12.5-32.8 0-45.3l-160-160c-12.5-12.5-32.8-12.5-45.3 0s-12.5 32.8 0 45.3L338.8 224 32 224c-17.7 0-32 14.3-32 32s14.3 32 32 32l306.7 0L233.4 393.4c-12.5 12.5-12.5 32.8 0 45.3s32.8 12.5 45.3 0l160-160z\"><\/path><\/svg><\/span>\t<\/span>\n<\/a><\/div>\n\t<\/div>\n\n\n\n<div class=\"col-12 col-md-4\">\n\t\t\t\n<div class=\"odin-buttons justify-content-end\">\n\t<a href=\"https:\/\/www.valadascoriel.com\/pt-pt\/contato\/\" class=\"odin-button odin-button-primary\">\n\t<span>\n\t\t<span class=\"odin-button-anchor\">Contacte a nossa equipa<\/span>\n\t<\/span>\n<\/a><\/div>\n\t<\/div>\n\n<\/div>\n\n\n\t\t\t<\/div>\n\t\t<\/div>\n\t<\/div>\n<\/div>","protected":false},"excerpt":{"rendered":"","protected":false},"author":3,"featured_media":0,"parent":14967,"menu_order":0,"comment_status":"closed","ping_status":"closed","template":"","meta":{"content-type":"","footnotes":""},"class_list":["post-15804","page","type-page","status-publish","hentry"],"yoast_head":"<!-- This site is optimized with the Yoast SEO Premium plugin v21.3 (Yoast SEO v26.1.1) - https:\/\/yoast.com\/wordpress\/plugins\/seo\/ -->\n<title>Os efeitos mais relevantes da declara\u00e7\u00e3o de insolv\u00eancia sobre os cr\u00e9ditos e sobre as ac\u00e7\u00f5es pendentes - VCA - Valadas Coriel e Associados<\/title>\n<meta name=\"robots\" content=\"index, follow, max-snippet:-1, max-image-preview:large, max-video-preview:-1\" \/>\n<link rel=\"canonical\" href=\"https:\/\/www.valadascoriel.com\/pt-pt\/areas-de-pratica\/insolvencia-per-e-peap\/os-efeitos-mais-relevantes-da-declaracao-de-insolvencia-sobre-os-creditos-e-sobre-as-accoes-pendentes\/\" \/>\n<meta property=\"og:locale\" content=\"pt_PT\" \/>\n<meta property=\"og:type\" content=\"article\" \/>\n<meta property=\"og:title\" content=\"Os efeitos mais relevantes da declara\u00e7\u00e3o de insolv\u00eancia sobre os cr\u00e9ditos e sobre as ac\u00e7\u00f5es pendentes\" \/>\n<meta property=\"og:url\" content=\"https:\/\/www.valadascoriel.com\/pt-pt\/areas-de-pratica\/insolvencia-per-e-peap\/os-efeitos-mais-relevantes-da-declaracao-de-insolvencia-sobre-os-creditos-e-sobre-as-accoes-pendentes\/\" \/>\n<meta property=\"og:site_name\" content=\"VCA - Valadas Coriel e Associados\" \/>\n<meta property=\"article:publisher\" content=\"https:\/\/www.facebook.com\/ValadasCoriel\/\" \/>\n<meta property=\"article:modified_time\" content=\"2024-04-18T14:32:49+00:00\" \/>\n<meta name=\"twitter:card\" content=\"summary_large_image\" \/>\n<meta name=\"twitter:site\" content=\"@valadascoriel\" \/>\n<meta name=\"twitter:label1\" content=\"Tempo estimado de leitura\" \/>\n\t<meta name=\"twitter:data1\" content=\"2 minutos\" \/>\n<script type=\"application\/ld+json\" class=\"yoast-schema-graph\">{\"@context\":\"https:\/\/schema.org\",\"@graph\":[{\"@type\":\"WebPage\",\"@id\":\"https:\/\/www.valadascoriel.com\/pt-pt\/areas-de-pratica\/insolvencia-per-e-peap\/os-efeitos-mais-relevantes-da-declaracao-de-insolvencia-sobre-os-creditos-e-sobre-as-accoes-pendentes\/\",\"url\":\"https:\/\/www.valadascoriel.com\/pt-pt\/areas-de-pratica\/insolvencia-per-e-peap\/os-efeitos-mais-relevantes-da-declaracao-de-insolvencia-sobre-os-creditos-e-sobre-as-accoes-pendentes\/\",\"name\":\"Os efeitos mais relevantes da declara\u00e7\u00e3o de insolv\u00eancia sobre os cr\u00e9ditos e sobre as ac\u00e7\u00f5es pendentes - VCA - Valadas Coriel e Associados\",\"isPartOf\":{\"@id\":\"https:\/\/www.valadascoriel.com\/#website\"},\"datePublished\":\"2024-03-19T15:09:10+00:00\",\"dateModified\":\"2024-04-18T14:32:49+00:00\",\"breadcrumb\":{\"@id\":\"https:\/\/www.valadascoriel.com\/pt-pt\/areas-de-pratica\/insolvencia-per-e-peap\/os-efeitos-mais-relevantes-da-declaracao-de-insolvencia-sobre-os-creditos-e-sobre-as-accoes-pendentes\/#breadcrumb\"},\"inLanguage\":\"pt-PT\",\"potentialAction\":[{\"@type\":\"ReadAction\",\"target\":[\"https:\/\/www.valadascoriel.com\/pt-pt\/areas-de-pratica\/insolvencia-per-e-peap\/os-efeitos-mais-relevantes-da-declaracao-de-insolvencia-sobre-os-creditos-e-sobre-as-accoes-pendentes\/\"]}]},{\"@type\":\"BreadcrumbList\",\"@id\":\"https:\/\/www.valadascoriel.com\/pt-pt\/areas-de-pratica\/insolvencia-per-e-peap\/os-efeitos-mais-relevantes-da-declaracao-de-insolvencia-sobre-os-creditos-e-sobre-as-accoes-pendentes\/#breadcrumb\",\"itemListElement\":[{\"@type\":\"ListItem\",\"position\":1,\"name\":\"In\u00edcio\",\"item\":\"https:\/\/www.valadascoriel.com\/pt-pt\/\"},{\"@type\":\"ListItem\",\"position\":2,\"name\":\"\u00c1reas de Pr\u00e1tica\",\"item\":\"https:\/\/www.valadascoriel.com\/pt-pt\/areas-de-pratica\/\"},{\"@type\":\"ListItem\",\"position\":3,\"name\":\"Insolv\u00eancia, PER e PEAP\",\"item\":\"https:\/\/www.valadascoriel.com\/pt-pt\/areas-de-pratica\/insolvencia-per-e-peap\/\"},{\"@type\":\"ListItem\",\"position\":4,\"name\":\"Os efeitos mais relevantes da declara\u00e7\u00e3o de insolv\u00eancia sobre os cr\u00e9ditos e sobre as ac\u00e7\u00f5es pendentes\"}]},{\"@type\":\"WebSite\",\"@id\":\"https:\/\/www.valadascoriel.com\/#website\",\"url\":\"https:\/\/www.valadascoriel.com\/\",\"name\":\"Valadas Coriel & Associados\",\"description\":\"A versatile legal firm combining experience, expertise &amp; creativity.\",\"publisher\":{\"@id\":\"https:\/\/www.valadascoriel.com\/#organization\"},\"potentialAction\":[{\"@type\":\"SearchAction\",\"target\":{\"@type\":\"EntryPoint\",\"urlTemplate\":\"https:\/\/www.valadascoriel.com\/?s={search_term_string}\"},\"query-input\":{\"@type\":\"PropertyValueSpecification\",\"valueRequired\":true,\"valueName\":\"search_term_string\"}}],\"inLanguage\":\"pt-PT\"},{\"@type\":\"Organization\",\"@id\":\"https:\/\/www.valadascoriel.com\/#organization\",\"name\":\"Valadas Coriel & Associados\",\"alternateName\":\"VCA\",\"url\":\"https:\/\/www.valadascoriel.com\/\",\"logo\":{\"@type\":\"ImageObject\",\"inLanguage\":\"pt-PT\",\"@id\":\"https:\/\/www.valadascoriel.com\/#\/schema\/logo\/image\/\",\"url\":\"https:\/\/www.valadascoriel.com\/wp-content\/uploads\/2023\/03\/cropped-favicon-1.png\",\"contentUrl\":\"https:\/\/www.valadascoriel.com\/wp-content\/uploads\/2023\/03\/cropped-favicon-1.png\",\"width\":512,\"height\":512,\"caption\":\"Valadas Coriel & Associados\"},\"image\":{\"@id\":\"https:\/\/www.valadascoriel.com\/#\/schema\/logo\/image\/\"},\"sameAs\":[\"https:\/\/www.facebook.com\/ValadasCoriel\/\",\"https:\/\/x.com\/valadascoriel\",\"https:\/\/pt.linkedin.com\/company\/vca-valadas-coriel-associados\",\"https:\/\/www.youtube.com\/channel\/UCic8dCFjoTtH5u890aEcW5Q\"]}]}<\/script>\n<!-- \/ Yoast SEO Premium plugin. -->","yoast_head_json":{"title":"Os efeitos mais relevantes da declara\u00e7\u00e3o de insolv\u00eancia sobre os cr\u00e9ditos e sobre as ac\u00e7\u00f5es pendentes - VCA - Valadas Coriel e Associados","robots":{"index":"index","follow":"follow","max-snippet":"max-snippet:-1","max-image-preview":"max-image-preview:large","max-video-preview":"max-video-preview:-1"},"canonical":"https:\/\/www.valadascoriel.com\/pt-pt\/areas-de-pratica\/insolvencia-per-e-peap\/os-efeitos-mais-relevantes-da-declaracao-de-insolvencia-sobre-os-creditos-e-sobre-as-accoes-pendentes\/","og_locale":"pt_PT","og_type":"article","og_title":"Os efeitos mais relevantes da declara\u00e7\u00e3o de insolv\u00eancia sobre os cr\u00e9ditos e sobre as ac\u00e7\u00f5es pendentes","og_url":"https:\/\/www.valadascoriel.com\/pt-pt\/areas-de-pratica\/insolvencia-per-e-peap\/os-efeitos-mais-relevantes-da-declaracao-de-insolvencia-sobre-os-creditos-e-sobre-as-accoes-pendentes\/","og_site_name":"VCA - Valadas Coriel e Associados","article_publisher":"https:\/\/www.facebook.com\/ValadasCoriel\/","article_modified_time":"2024-04-18T14:32:49+00:00","twitter_card":"summary_large_image","twitter_site":"@valadascoriel","twitter_misc":{"Tempo estimado de leitura":"2 minutos"},"schema":{"@context":"https:\/\/schema.org","@graph":[{"@type":"WebPage","@id":"https:\/\/www.valadascoriel.com\/pt-pt\/areas-de-pratica\/insolvencia-per-e-peap\/os-efeitos-mais-relevantes-da-declaracao-de-insolvencia-sobre-os-creditos-e-sobre-as-accoes-pendentes\/","url":"https:\/\/www.valadascoriel.com\/pt-pt\/areas-de-pratica\/insolvencia-per-e-peap\/os-efeitos-mais-relevantes-da-declaracao-de-insolvencia-sobre-os-creditos-e-sobre-as-accoes-pendentes\/","name":"Os efeitos mais relevantes da declara\u00e7\u00e3o de insolv\u00eancia sobre os cr\u00e9ditos e sobre as ac\u00e7\u00f5es pendentes - VCA - Valadas Coriel e Associados","isPartOf":{"@id":"https:\/\/www.valadascoriel.com\/#website"},"datePublished":"2024-03-19T15:09:10+00:00","dateModified":"2024-04-18T14:32:49+00:00","breadcrumb":{"@id":"https:\/\/www.valadascoriel.com\/pt-pt\/areas-de-pratica\/insolvencia-per-e-peap\/os-efeitos-mais-relevantes-da-declaracao-de-insolvencia-sobre-os-creditos-e-sobre-as-accoes-pendentes\/#breadcrumb"},"inLanguage":"pt-PT","potentialAction":[{"@type":"ReadAction","target":["https:\/\/www.valadascoriel.com\/pt-pt\/areas-de-pratica\/insolvencia-per-e-peap\/os-efeitos-mais-relevantes-da-declaracao-de-insolvencia-sobre-os-creditos-e-sobre-as-accoes-pendentes\/"]}]},{"@type":"BreadcrumbList","@id":"https:\/\/www.valadascoriel.com\/pt-pt\/areas-de-pratica\/insolvencia-per-e-peap\/os-efeitos-mais-relevantes-da-declaracao-de-insolvencia-sobre-os-creditos-e-sobre-as-accoes-pendentes\/#breadcrumb","itemListElement":[{"@type":"ListItem","position":1,"name":"In\u00edcio","item":"https:\/\/www.valadascoriel.com\/pt-pt\/"},{"@type":"ListItem","position":2,"name":"\u00c1reas de Pr\u00e1tica","item":"https:\/\/www.valadascoriel.com\/pt-pt\/areas-de-pratica\/"},{"@type":"ListItem","position":3,"name":"Insolv\u00eancia, PER e PEAP","item":"https:\/\/www.valadascoriel.com\/pt-pt\/areas-de-pratica\/insolvencia-per-e-peap\/"},{"@type":"ListItem","position":4,"name":"Os efeitos mais relevantes da declara\u00e7\u00e3o de insolv\u00eancia sobre os cr\u00e9ditos e sobre as ac\u00e7\u00f5es pendentes"}]},{"@type":"WebSite","@id":"https:\/\/www.valadascoriel.com\/#website","url":"https:\/\/www.valadascoriel.com\/","name":"Valadas Coriel & Associados","description":"A versatile legal firm combining experience, expertise &amp; creativity.","publisher":{"@id":"https:\/\/www.valadascoriel.com\/#organization"},"potentialAction":[{"@type":"SearchAction","target":{"@type":"EntryPoint","urlTemplate":"https:\/\/www.valadascoriel.com\/?s={search_term_string}"},"query-input":{"@type":"PropertyValueSpecification","valueRequired":true,"valueName":"search_term_string"}}],"inLanguage":"pt-PT"},{"@type":"Organization","@id":"https:\/\/www.valadascoriel.com\/#organization","name":"Valadas Coriel & Associados","alternateName":"VCA","url":"https:\/\/www.valadascoriel.com\/","logo":{"@type":"ImageObject","inLanguage":"pt-PT","@id":"https:\/\/www.valadascoriel.com\/#\/schema\/logo\/image\/","url":"https:\/\/www.valadascoriel.com\/wp-content\/uploads\/2023\/03\/cropped-favicon-1.png","contentUrl":"https:\/\/www.valadascoriel.com\/wp-content\/uploads\/2023\/03\/cropped-favicon-1.png","width":512,"height":512,"caption":"Valadas Coriel & Associados"},"image":{"@id":"https:\/\/www.valadascoriel.com\/#\/schema\/logo\/image\/"},"sameAs":["https:\/\/www.facebook.com\/ValadasCoriel\/","https:\/\/x.com\/valadascoriel","https:\/\/pt.linkedin.com\/company\/vca-valadas-coriel-associados","https:\/\/www.youtube.com\/channel\/UCic8dCFjoTtH5u890aEcW5Q"]}]}},"_links":{"self":[{"href":"https:\/\/www.valadascoriel.com\/pt-pt\/wp-json\/wp\/v2\/pages\/15804","targetHints":{"allow":["GET"]}}],"collection":[{"href":"https:\/\/www.valadascoriel.com\/pt-pt\/wp-json\/wp\/v2\/pages"}],"about":[{"href":"https:\/\/www.valadascoriel.com\/pt-pt\/wp-json\/wp\/v2\/types\/page"}],"author":[{"embeddable":true,"href":"https:\/\/www.valadascoriel.com\/pt-pt\/wp-json\/wp\/v2\/users\/3"}],"replies":[{"embeddable":true,"href":"https:\/\/www.valadascoriel.com\/pt-pt\/wp-json\/wp\/v2\/comments?post=15804"}],"version-history":[{"count":4,"href":"https:\/\/www.valadascoriel.com\/pt-pt\/wp-json\/wp\/v2\/pages\/15804\/revisions"}],"predecessor-version":[{"id":16053,"href":"https:\/\/www.valadascoriel.com\/pt-pt\/wp-json\/wp\/v2\/pages\/15804\/revisions\/16053"}],"up":[{"embeddable":true,"href":"https:\/\/www.valadascoriel.com\/pt-pt\/wp-json\/wp\/v2\/pages\/14967"}],"wp:attachment":[{"href":"https:\/\/www.valadascoriel.com\/pt-pt\/wp-json\/wp\/v2\/media?parent=15804"}],"curies":[{"name":"wp","href":"https:\/\/api.w.org\/{rel}","templated":true}]}}