{"id":16719,"date":"2025-01-29T14:47:23","date_gmt":"2025-01-29T14:47:23","guid":{"rendered":"https:\/\/www.valadascoriel.com\/?page_id=16719"},"modified":"2025-01-29T16:20:59","modified_gmt":"2025-01-29T16:20:59","slug":"a-possibilidade-de-qualificacao-da-insolvencia-como-culposa-e-suas-consequencias","status":"publish","type":"page","link":"https:\/\/www.valadascoriel.com\/pt-pt\/areas-de-pratica\/insolvencia-per-e-peap\/a-possibilidade-de-qualificacao-da-insolvencia-como-culposa-e-suas-consequencias\/","title":{"rendered":"A possibilidade de qualifica\u00e7\u00e3o da insolv\u00eancia como culposa e suas consequ\u00eancias"},"content":{"rendered":"\n<h3 class=\"wp-block-heading has-primary-color has-text-color has-link-color wp-elements-87f1284c1158793c50a8481e9fed8598\">A insolv\u00eancia \u00e9 considerada culposa quando a situa\u00e7\u00e3o de insolv\u00eancia tiver sido criada ou agravada em consequ\u00eancia da atua\u00e7\u00e3o, dolosa ou com culpa grave, do devedor, ou dos seus administradores, de direito ou de facto, nos tr\u00eas anos anteriores ao in\u00edcio do processo de insolv\u00eancia.<\/h3>\n\n\n\n<p>Esta qualifica\u00e7\u00e3o pode abranger quer as pessoas singulares, quer as pessoas coletivas.<\/p>\n\n\n\n<p>Dever\u00e1 considerar-se sempre culposa a insolv\u00eancia quando as pessoas singulares (quando aplic\u00e1vel) ou, no caso das pessoas coletivas, quando os seus administradores, de direito ou de facto, tenham:<\/p>\n\n\n\n<ol style=\"list-style-type:lower-alpha\" class=\"wp-block-list\">\n<li>Destru\u00eddo, danificado, inutilizado, ocultado, ou feito desaparecer, no todo ou em parte consider\u00e1vel, o patrim\u00f3nio do devedor;<\/li>\n\n\n\n<li>Criado ou agravado artificialmente passivos ou preju\u00edzos, ou reduzidos lucros, causando, nomeadamente, a celebra\u00e7\u00e3o pelo devedor de neg\u00f3cios ruinosos em seu proveito ou no de pessoas com eles especialmente relacionadas;<\/li>\n\n\n\n<li>Comprado mercadorias a cr\u00e9dito, revendendo-as ou entregando-as em pagamento por pre\u00e7o sensivelmente inferior ao corrente, antes de satisfeita a obriga\u00e7\u00e3o;<\/li>\n\n\n\n<li>Disposto dos bens do devedor em proveito pessoal ou de terceiros;<\/li>\n\n\n\n<li>Exercido, a coberto da personalidade coletiva da empresa, se for o caso, uma atividade em proveito pessoal ou de terceiros e em preju\u00edzo da empresa;<\/li>\n\n\n\n<li>Feito do cr\u00e9dito ou dos bens do devedor uso contr\u00e1rio ao interesse deste, em proveito pessoal ou de terceiros, designadamente para favorecer outra empresa na qual tenham interesse direto ou indireto;<\/li>\n\n\n\n<li>Prosseguido, no seu interesse pessoal ou de terceiro, uma explora\u00e7\u00e3o deficit\u00e1ria, n\u00e3o obstante saberem ou deverem saber que esta conduziria com grande probabilidade a uma situa\u00e7\u00e3o de insolv\u00eancia;<\/li>\n\n\n\n<li>Incumprido em termos substanciais a obriga\u00e7\u00e3o de manter contabilidade organizada, mantido uma contabilidade fict\u00edcia ou uma dupla contabilidade ou praticado irregularidade com preju\u00edzo relevante para a compreens\u00e3o da situa\u00e7\u00e3o patrimonial e financeira do devedor;<\/li>\n\n\n\n<li>Incumprido, de forma reiterada, os seus deveres de apresenta\u00e7\u00e3o e de colabora\u00e7\u00e3o.<\/li>\n<\/ol>\n\n\n\n<p>A verifica\u00e7\u00e3o de qualquer uma destas situa\u00e7\u00f5es importar\u00e1 a qualifica\u00e7\u00e3o da insolv\u00eancia como culposa, sem admiss\u00e3o de prova em contr\u00e1rio.<\/p>\n\n\n\n<p>Por outro lado, apenas relativamente \u00e0s pessoas coletivas, ou pessoas singulares empres\u00e1rias em nome individual, presume-se, com admiss\u00e3o de prova em contr\u00e1rio, a exist\u00eancia de culpa grave quando aquelas tenham incumprido:<\/p>\n\n\n\n<ol style=\"list-style-type:lower-alpha\" class=\"wp-block-list\">\n<li>O <strong><a href=\"https:\/\/www.valadascoriel.com\/pt-pt\/areas-de-pratica\/insolvencia-per-e-peap\/apresentacao-a-insolvencia-o-dever-de-apresentacao-e-o-poder-dos-credores-de-requerer-a-insolvencia-do-devedor\/\" target=\"_blank\" rel=\"noreferrer noopener\">dever de requerer a declara\u00e7\u00e3o de insolv\u00eancia<\/a><\/strong>; e\/ou<\/li>\n\n\n\n<li>A obriga\u00e7\u00e3o de elaborar as contas anuais, no prazo legal, de submet\u00ea-las \u00e0 devida fiscaliza\u00e7\u00e3o ou de as depositar na conservat\u00f3ria do registo comercial.<\/li>\n<\/ol>\n\n\n\n<p>A qualifica\u00e7\u00e3o da insolv\u00eancia como culposa pode acarretar v\u00e1rias consequ\u00eancias, a saber:<\/p>\n\n\n\n<ul class=\"wp-block-list\">\n<li>A inibi\u00e7\u00e3o para a administra\u00e7\u00e3o de patrim\u00f3nios de terceiros, por um per\u00edodo que poder\u00e1 durar entre 2 a 10 anos;<\/li>\n\n\n\n<li><span style=\"color: initial; font-family: -apple-system, BlinkMacSystemFont, &quot;Segoe UI&quot;, Roboto, Oxygen-Sans, Ubuntu, Cantarell, &quot;Helvetica Neue&quot;, sans-serif;\">A inibi\u00e7\u00e3o para o exerc\u00edcio do com\u00e9rcio durante um per\u00edodo que poder\u00e1 durar entre 2 a 10 anos, bem como para a ocupa\u00e7\u00e3o de qualquer cargo de titular de \u00f3rg\u00e3o de sociedade comercial ou civil, associa\u00e7\u00e3o ou funda\u00e7\u00e3o privada de atividade econ\u00f3mica, empresa p\u00fablica ou cooperativa;<\/span><\/li>\n\n\n\n<li><span style=\"color: initial; font-family: -apple-system, BlinkMacSystemFont, &quot;Segoe UI&quot;, Roboto, Oxygen-Sans, Ubuntu, Cantarell, &quot;Helvetica Neue&quot;, sans-serif;\">A perda de cr\u00e9ditos sobre a insolv\u00eancia ou sobre a massa insolvente e a condena\u00e7\u00e3o na restitui\u00e7\u00e3o dos bens ou direitos j\u00e1 recebidos em pagamento desses cr\u00e9ditos; <\/span><\/li>\n\n\n\n<li>A obriga\u00e7\u00e3o de indemniza\u00e7\u00e3o aos credores do devedor declarado insolvente at\u00e9 ao montante m\u00e1ximo dos cr\u00e9ditos n\u00e3o satisfeitos, considerando as for\u00e7as dos respetivos patrim\u00f3nios.<\/li>\n<\/ul>\n\n\n\n<div style=\"height:20px\" aria-hidden=\"true\" class=\"wp-block-spacer\"><\/div>\n\n\n\n<hr class=\"wp-block-separator has-text-color has-primary-color has-alpha-channel-opacity has-primary-background-color has-background is-style-default\"\/>\n\n\n\n<div id=\"mb-block-c96bb4fd-0ffc-4f3e-bb5c-e3941c9f7534\" class=\"odin-group odin-pb alignfull\">\n\t<div class=\"container-fluid\">\n\t\t<div class=\"row justify-content-center\">\n\t\t\t<div class=\"col-12\">\n\t\t\t\t\n\n<div style=\"height:20px\" aria-hidden=\"true\" class=\"wp-block-spacer\"><\/div>\n\n\n\n<h2 class=\"wp-block-heading has-primary-color has-text-color has-link-color wp-elements-941f3d37db68a07e44c060d8f6b8af49\" id=\"h-topicos-relacionados\">T\u00f3picos Relacionados<\/h2>\n\n\n<div class=\"odin-buttons justify-content-start\">\n\t<a href=\"https:\/\/www.valadascoriel.com\/pt-pt\/areas-de-pratica\/insolvencia-per-e-peap\/apresentacao-a-insolvencia-o-dever-de-apresentacao-e-o-poder-dos-credores-de-requerer-a-insolvencia-do-devedor\/\" class=\"odin-button odin-button-link\">\n\t<span>\n\t\t<span class=\"odin-button-anchor\">Apresenta\u00e7\u00e3o \u00e0 insolv\u00eancia \u2013 o dever de apresenta\u00e7\u00e3o, e o poder dos credores de requerer a insolv\u00eancia do devedor<\/span>\n\t\t<span class=\"odin-icon odin-icon--font-awesome\"><svg xmlns=\"http:\/\/www.w3.org\/2000\/svg\" viewBox=\"0 0 448 512\"><!--! Font Awesome Pro 6.2.0 by @fontawesome - https:\/\/fontawesome.com License - https:\/\/fontawesome.com\/license (Commercial License) Copyright 2022 Fonticons, Inc. --><path d=\"M438.6 278.6c12.5-12.5 12.5-32.8 0-45.3l-160-160c-12.5-12.5-32.8-12.5-45.3 0s-12.5 32.8 0 45.3L338.8 224 32 224c-17.7 0-32 14.3-32 32s14.3 32 32 32l306.7 0L233.4 393.4c-12.5 12.5-12.5 32.8 0 45.3s32.8 12.5 45.3 0l160-160z\"><\/path><\/svg><\/span>\t<\/span>\n<\/a><\/div>\n\n\t\t\t<\/div>\n\t\t<\/div>\n\t<\/div>\n<\/div>\n\n\n<hr class=\"wp-block-separator has-text-color has-primary-color has-alpha-channel-opacity has-primary-background-color has-background is-style-default\"\/>\n\n\n\n<div id=\"mb-block-4ce94869-0ecf-4673-b612-3eaac259392f\" class=\"odin-group odin-pb alignfull\">\n\t<div class=\"container-fluid\">\n\t\t<div class=\"row justify-content-center\">\n\t\t\t<div class=\"col-12\">\n\t\t\t\t\n\n<div style=\"height:20px\" aria-hidden=\"true\" class=\"wp-block-spacer\"><\/div>\n\n\n\n<h3 class=\"wp-block-heading\" id=\"h-assumimos-o-compromisso-de-fornecer-uma-orientacao-juridica-solida-e-solucoes-estrategicas-para-assegurar-a-gestao-eficaz-destas-questoes-sempre-em-estreita-comunicacao-com-o-cliente\">Assumimos o compromisso de fornecer uma orienta\u00e7\u00e3o jur\u00eddica s\u00f3lida e solu\u00e7\u00f5es estrat\u00e9gicas para assegurar a gest\u00e3o eficaz destas quest\u00f5es, sempre em estreita comunica\u00e7\u00e3o com o cliente.<\/h3>\n\n\n\n<div style=\"height:40px\" aria-hidden=\"true\" class=\"wp-block-spacer\"><\/div>\n\n\n<div class=\"wp-bootstrap-blocks-row row\">\n\t\n\n<div class=\"col-12 col-md-4\">\n\t\t\t\n<div class=\"odin-buttons inherit\">\n\t<a href=\"https:\/\/www.valadascoriel.com\/pt-pt\/sociedade\/equipa\/\" class=\"odin-button odin-button-link\">\n\t<span>\n\t\t<span class=\"odin-button-anchor\">Equipa<\/span>\n\t\t<span class=\"odin-icon odin-icon--font-awesome\"><svg xmlns=\"http:\/\/www.w3.org\/2000\/svg\" viewBox=\"0 0 448 512\"><!--! Font Awesome Pro 6.2.0 by @fontawesome - https:\/\/fontawesome.com License - https:\/\/fontawesome.com\/license (Commercial License) Copyright 2022 Fonticons, Inc. --><path d=\"M438.6 278.6c12.5-12.5 12.5-32.8 0-45.3l-160-160c-12.5-12.5-32.8-12.5-45.3 0s-12.5 32.8 0 45.3L338.8 224 32 224c-17.7 0-32 14.3-32 32s14.3 32 32 32l306.7 0L233.4 393.4c-12.5 12.5-12.5 32.8 0 45.3s32.8 12.5 45.3 0l160-160z\"><\/path><\/svg><\/span>\t<\/span>\n<\/a><\/div>\n\t<\/div>\n\n\n\n<div class=\"col-12 col-md-4\">\n\t\t\t\n<div class=\"odin-buttons inherit\">\n\t<a href=\"https:\/\/www.valadascoriel.com\/pt-pt\/areas-de-pratica\/insolvencia-per-e-peap\/\" class=\"odin-button odin-button-link\">\n\t<span>\n\t\t<span class=\"odin-button-anchor\">Servi\u00e7os de Insolv\u00eancia e Recupera\u00e7\u00e3o<\/span>\n\t\t<span class=\"odin-icon odin-icon--font-awesome\"><svg xmlns=\"http:\/\/www.w3.org\/2000\/svg\" viewBox=\"0 0 448 512\"><!--! Font Awesome Pro 6.2.0 by @fontawesome - https:\/\/fontawesome.com License - https:\/\/fontawesome.com\/license (Commercial License) Copyright 2022 Fonticons, Inc. --><path d=\"M438.6 278.6c12.5-12.5 12.5-32.8 0-45.3l-160-160c-12.5-12.5-32.8-12.5-45.3 0s-12.5 32.8 0 45.3L338.8 224 32 224c-17.7 0-32 14.3-32 32s14.3 32 32 32l306.7 0L233.4 393.4c-12.5 12.5-12.5 32.8 0 45.3s32.8 12.5 45.3 0l160-160z\"><\/path><\/svg><\/span>\t<\/span>\n<\/a><\/div>\n\t<\/div>\n\n\n\n<div class=\"col-12 col-md-4\">\n\t\t\t\n<div class=\"odin-buttons justify-content-end\">\n\t<a href=\"https:\/\/www.valadascoriel.com\/pt-pt\/contato\/\" class=\"odin-button odin-button-primary\">\n\t<span>\n\t\t<span class=\"odin-button-anchor\">Contacte a nossa equipa<\/span>\n\t<\/span>\n<\/a><\/div>\n\t<\/div>\n\n<\/div>\n\n\n\t\t\t<\/div>\n\t\t<\/div>\n\t<\/div>\n<\/div>","protected":false},"excerpt":{"rendered":"<p>A insolv\u00eancia \u00e9 considerada culposa quando a situa\u00e7\u00e3o de insolv\u00eancia tiver sido criada ou agravada em consequ\u00eancia da atua\u00e7\u00e3o, dolosa ou com culpa grave, do devedor, ou dos seus administradores, de direito ou de facto, nos tr\u00eas anos anteriores ao in\u00edcio do processo de insolv\u00eancia. Esta qualifica\u00e7\u00e3o pode abranger quer as pessoas singulares, quer as [&hellip;]<\/p>\n","protected":false},"author":3,"featured_media":0,"parent":14967,"menu_order":0,"comment_status":"closed","ping_status":"closed","template":"","meta":{"content-type":"","footnotes":""},"class_list":["post-16719","page","type-page","status-publish","hentry"],"yoast_head":"<!-- This site is optimized with the Yoast SEO Premium plugin v21.3 (Yoast SEO v26.1.1) - https:\/\/yoast.com\/wordpress\/plugins\/seo\/ -->\n<title>A possibilidade de qualifica\u00e7\u00e3o da insolv\u00eancia como culposa e suas consequ\u00eancias - VCA - Valadas Coriel e Associados<\/title>\n<meta name=\"robots\" content=\"index, follow, max-snippet:-1, max-image-preview:large, max-video-preview:-1\" \/>\n<link rel=\"canonical\" href=\"https:\/\/www.valadascoriel.com\/pt-pt\/areas-de-pratica\/insolvencia-per-e-peap\/a-possibilidade-de-qualificacao-da-insolvencia-como-culposa-e-suas-consequencias\/\" \/>\n<meta property=\"og:locale\" content=\"pt_PT\" \/>\n<meta property=\"og:type\" content=\"article\" \/>\n<meta property=\"og:title\" content=\"A possibilidade de qualifica\u00e7\u00e3o da insolv\u00eancia como culposa e suas consequ\u00eancias\" \/>\n<meta property=\"og:description\" content=\"A insolv\u00eancia \u00e9 considerada culposa quando a situa\u00e7\u00e3o de insolv\u00eancia tiver sido criada ou agravada em consequ\u00eancia da atua\u00e7\u00e3o, dolosa ou com culpa grave, do devedor, ou dos seus administradores, de direito ou de facto, nos tr\u00eas anos anteriores ao in\u00edcio do processo de insolv\u00eancia. Esta qualifica\u00e7\u00e3o pode abranger quer as pessoas singulares, quer as [&hellip;]\" \/>\n<meta property=\"og:url\" content=\"https:\/\/www.valadascoriel.com\/pt-pt\/areas-de-pratica\/insolvencia-per-e-peap\/a-possibilidade-de-qualificacao-da-insolvencia-como-culposa-e-suas-consequencias\/\" \/>\n<meta property=\"og:site_name\" content=\"VCA - Valadas Coriel e Associados\" \/>\n<meta property=\"article:publisher\" content=\"https:\/\/www.facebook.com\/ValadasCoriel\/\" \/>\n<meta property=\"article:modified_time\" content=\"2025-01-29T16:20:59+00:00\" \/>\n<meta name=\"twitter:card\" content=\"summary_large_image\" \/>\n<meta name=\"twitter:site\" content=\"@valadascoriel\" \/>\n<meta name=\"twitter:label1\" content=\"Tempo estimado de leitura\" \/>\n\t<meta name=\"twitter:data1\" content=\"3 minutos\" \/>\n<script type=\"application\/ld+json\" class=\"yoast-schema-graph\">{\"@context\":\"https:\/\/schema.org\",\"@graph\":[{\"@type\":\"WebPage\",\"@id\":\"https:\/\/www.valadascoriel.com\/pt-pt\/areas-de-pratica\/insolvencia-per-e-peap\/a-possibilidade-de-qualificacao-da-insolvencia-como-culposa-e-suas-consequencias\/\",\"url\":\"https:\/\/www.valadascoriel.com\/pt-pt\/areas-de-pratica\/insolvencia-per-e-peap\/a-possibilidade-de-qualificacao-da-insolvencia-como-culposa-e-suas-consequencias\/\",\"name\":\"A possibilidade de qualifica\u00e7\u00e3o da insolv\u00eancia como culposa e suas consequ\u00eancias - VCA - Valadas Coriel e Associados\",\"isPartOf\":{\"@id\":\"https:\/\/www.valadascoriel.com\/#website\"},\"datePublished\":\"2025-01-29T14:47:23+00:00\",\"dateModified\":\"2025-01-29T16:20:59+00:00\",\"breadcrumb\":{\"@id\":\"https:\/\/www.valadascoriel.com\/pt-pt\/areas-de-pratica\/insolvencia-per-e-peap\/a-possibilidade-de-qualificacao-da-insolvencia-como-culposa-e-suas-consequencias\/#breadcrumb\"},\"inLanguage\":\"pt-PT\",\"potentialAction\":[{\"@type\":\"ReadAction\",\"target\":[\"https:\/\/www.valadascoriel.com\/pt-pt\/areas-de-pratica\/insolvencia-per-e-peap\/a-possibilidade-de-qualificacao-da-insolvencia-como-culposa-e-suas-consequencias\/\"]}]},{\"@type\":\"BreadcrumbList\",\"@id\":\"https:\/\/www.valadascoriel.com\/pt-pt\/areas-de-pratica\/insolvencia-per-e-peap\/a-possibilidade-de-qualificacao-da-insolvencia-como-culposa-e-suas-consequencias\/#breadcrumb\",\"itemListElement\":[{\"@type\":\"ListItem\",\"position\":1,\"name\":\"In\u00edcio\",\"item\":\"https:\/\/www.valadascoriel.com\/pt-pt\/\"},{\"@type\":\"ListItem\",\"position\":2,\"name\":\"\u00c1reas de Pr\u00e1tica\",\"item\":\"https:\/\/www.valadascoriel.com\/pt-pt\/areas-de-pratica\/\"},{\"@type\":\"ListItem\",\"position\":3,\"name\":\"Insolv\u00eancia, PER e PEAP\",\"item\":\"https:\/\/www.valadascoriel.com\/pt-pt\/areas-de-pratica\/insolvencia-per-e-peap\/\"},{\"@type\":\"ListItem\",\"position\":4,\"name\":\"A possibilidade de qualifica\u00e7\u00e3o da insolv\u00eancia como culposa e suas consequ\u00eancias\"}]},{\"@type\":\"WebSite\",\"@id\":\"https:\/\/www.valadascoriel.com\/#website\",\"url\":\"https:\/\/www.valadascoriel.com\/\",\"name\":\"Valadas Coriel & Associados\",\"description\":\"A versatile legal firm combining experience, expertise &amp; creativity.\",\"publisher\":{\"@id\":\"https:\/\/www.valadascoriel.com\/#organization\"},\"potentialAction\":[{\"@type\":\"SearchAction\",\"target\":{\"@type\":\"EntryPoint\",\"urlTemplate\":\"https:\/\/www.valadascoriel.com\/?s={search_term_string}\"},\"query-input\":{\"@type\":\"PropertyValueSpecification\",\"valueRequired\":true,\"valueName\":\"search_term_string\"}}],\"inLanguage\":\"pt-PT\"},{\"@type\":\"Organization\",\"@id\":\"https:\/\/www.valadascoriel.com\/#organization\",\"name\":\"Valadas Coriel & Associados\",\"alternateName\":\"VCA\",\"url\":\"https:\/\/www.valadascoriel.com\/\",\"logo\":{\"@type\":\"ImageObject\",\"inLanguage\":\"pt-PT\",\"@id\":\"https:\/\/www.valadascoriel.com\/#\/schema\/logo\/image\/\",\"url\":\"https:\/\/www.valadascoriel.com\/wp-content\/uploads\/2023\/03\/cropped-favicon-1.png\",\"contentUrl\":\"https:\/\/www.valadascoriel.com\/wp-content\/uploads\/2023\/03\/cropped-favicon-1.png\",\"width\":512,\"height\":512,\"caption\":\"Valadas Coriel & Associados\"},\"image\":{\"@id\":\"https:\/\/www.valadascoriel.com\/#\/schema\/logo\/image\/\"},\"sameAs\":[\"https:\/\/www.facebook.com\/ValadasCoriel\/\",\"https:\/\/x.com\/valadascoriel\",\"https:\/\/pt.linkedin.com\/company\/vca-valadas-coriel-associados\",\"https:\/\/www.youtube.com\/channel\/UCic8dCFjoTtH5u890aEcW5Q\"]}]}<\/script>\n<!-- \/ Yoast SEO Premium plugin. -->","yoast_head_json":{"title":"A possibilidade de qualifica\u00e7\u00e3o da insolv\u00eancia como culposa e suas consequ\u00eancias - VCA - Valadas Coriel e Associados","robots":{"index":"index","follow":"follow","max-snippet":"max-snippet:-1","max-image-preview":"max-image-preview:large","max-video-preview":"max-video-preview:-1"},"canonical":"https:\/\/www.valadascoriel.com\/pt-pt\/areas-de-pratica\/insolvencia-per-e-peap\/a-possibilidade-de-qualificacao-da-insolvencia-como-culposa-e-suas-consequencias\/","og_locale":"pt_PT","og_type":"article","og_title":"A possibilidade de qualifica\u00e7\u00e3o da insolv\u00eancia como culposa e suas consequ\u00eancias","og_description":"A insolv\u00eancia \u00e9 considerada culposa quando a situa\u00e7\u00e3o de insolv\u00eancia tiver sido criada ou agravada em consequ\u00eancia da atua\u00e7\u00e3o, dolosa ou com culpa grave, do devedor, ou dos seus administradores, de direito ou de facto, nos tr\u00eas anos anteriores ao in\u00edcio do processo de insolv\u00eancia. Esta qualifica\u00e7\u00e3o pode abranger quer as pessoas singulares, quer as [&hellip;]","og_url":"https:\/\/www.valadascoriel.com\/pt-pt\/areas-de-pratica\/insolvencia-per-e-peap\/a-possibilidade-de-qualificacao-da-insolvencia-como-culposa-e-suas-consequencias\/","og_site_name":"VCA - Valadas Coriel e Associados","article_publisher":"https:\/\/www.facebook.com\/ValadasCoriel\/","article_modified_time":"2025-01-29T16:20:59+00:00","twitter_card":"summary_large_image","twitter_site":"@valadascoriel","twitter_misc":{"Tempo estimado de leitura":"3 minutos"},"schema":{"@context":"https:\/\/schema.org","@graph":[{"@type":"WebPage","@id":"https:\/\/www.valadascoriel.com\/pt-pt\/areas-de-pratica\/insolvencia-per-e-peap\/a-possibilidade-de-qualificacao-da-insolvencia-como-culposa-e-suas-consequencias\/","url":"https:\/\/www.valadascoriel.com\/pt-pt\/areas-de-pratica\/insolvencia-per-e-peap\/a-possibilidade-de-qualificacao-da-insolvencia-como-culposa-e-suas-consequencias\/","name":"A possibilidade de qualifica\u00e7\u00e3o da insolv\u00eancia como culposa e suas consequ\u00eancias - VCA - Valadas Coriel e Associados","isPartOf":{"@id":"https:\/\/www.valadascoriel.com\/#website"},"datePublished":"2025-01-29T14:47:23+00:00","dateModified":"2025-01-29T16:20:59+00:00","breadcrumb":{"@id":"https:\/\/www.valadascoriel.com\/pt-pt\/areas-de-pratica\/insolvencia-per-e-peap\/a-possibilidade-de-qualificacao-da-insolvencia-como-culposa-e-suas-consequencias\/#breadcrumb"},"inLanguage":"pt-PT","potentialAction":[{"@type":"ReadAction","target":["https:\/\/www.valadascoriel.com\/pt-pt\/areas-de-pratica\/insolvencia-per-e-peap\/a-possibilidade-de-qualificacao-da-insolvencia-como-culposa-e-suas-consequencias\/"]}]},{"@type":"BreadcrumbList","@id":"https:\/\/www.valadascoriel.com\/pt-pt\/areas-de-pratica\/insolvencia-per-e-peap\/a-possibilidade-de-qualificacao-da-insolvencia-como-culposa-e-suas-consequencias\/#breadcrumb","itemListElement":[{"@type":"ListItem","position":1,"name":"In\u00edcio","item":"https:\/\/www.valadascoriel.com\/pt-pt\/"},{"@type":"ListItem","position":2,"name":"\u00c1reas de Pr\u00e1tica","item":"https:\/\/www.valadascoriel.com\/pt-pt\/areas-de-pratica\/"},{"@type":"ListItem","position":3,"name":"Insolv\u00eancia, PER e PEAP","item":"https:\/\/www.valadascoriel.com\/pt-pt\/areas-de-pratica\/insolvencia-per-e-peap\/"},{"@type":"ListItem","position":4,"name":"A possibilidade de qualifica\u00e7\u00e3o da insolv\u00eancia como culposa e suas consequ\u00eancias"}]},{"@type":"WebSite","@id":"https:\/\/www.valadascoriel.com\/#website","url":"https:\/\/www.valadascoriel.com\/","name":"Valadas Coriel & Associados","description":"A versatile legal firm combining experience, expertise &amp; creativity.","publisher":{"@id":"https:\/\/www.valadascoriel.com\/#organization"},"potentialAction":[{"@type":"SearchAction","target":{"@type":"EntryPoint","urlTemplate":"https:\/\/www.valadascoriel.com\/?s={search_term_string}"},"query-input":{"@type":"PropertyValueSpecification","valueRequired":true,"valueName":"search_term_string"}}],"inLanguage":"pt-PT"},{"@type":"Organization","@id":"https:\/\/www.valadascoriel.com\/#organization","name":"Valadas Coriel & Associados","alternateName":"VCA","url":"https:\/\/www.valadascoriel.com\/","logo":{"@type":"ImageObject","inLanguage":"pt-PT","@id":"https:\/\/www.valadascoriel.com\/#\/schema\/logo\/image\/","url":"https:\/\/www.valadascoriel.com\/wp-content\/uploads\/2023\/03\/cropped-favicon-1.png","contentUrl":"https:\/\/www.valadascoriel.com\/wp-content\/uploads\/2023\/03\/cropped-favicon-1.png","width":512,"height":512,"caption":"Valadas Coriel & Associados"},"image":{"@id":"https:\/\/www.valadascoriel.com\/#\/schema\/logo\/image\/"},"sameAs":["https:\/\/www.facebook.com\/ValadasCoriel\/","https:\/\/x.com\/valadascoriel","https:\/\/pt.linkedin.com\/company\/vca-valadas-coriel-associados","https:\/\/www.youtube.com\/channel\/UCic8dCFjoTtH5u890aEcW5Q"]}]}},"_links":{"self":[{"href":"https:\/\/www.valadascoriel.com\/pt-pt\/wp-json\/wp\/v2\/pages\/16719","targetHints":{"allow":["GET"]}}],"collection":[{"href":"https:\/\/www.valadascoriel.com\/pt-pt\/wp-json\/wp\/v2\/pages"}],"about":[{"href":"https:\/\/www.valadascoriel.com\/pt-pt\/wp-json\/wp\/v2\/types\/page"}],"author":[{"embeddable":true,"href":"https:\/\/www.valadascoriel.com\/pt-pt\/wp-json\/wp\/v2\/users\/3"}],"replies":[{"embeddable":true,"href":"https:\/\/www.valadascoriel.com\/pt-pt\/wp-json\/wp\/v2\/comments?post=16719"}],"version-history":[{"count":2,"href":"https:\/\/www.valadascoriel.com\/pt-pt\/wp-json\/wp\/v2\/pages\/16719\/revisions"}],"predecessor-version":[{"id":16739,"href":"https:\/\/www.valadascoriel.com\/pt-pt\/wp-json\/wp\/v2\/pages\/16719\/revisions\/16739"}],"up":[{"embeddable":true,"href":"https:\/\/www.valadascoriel.com\/pt-pt\/wp-json\/wp\/v2\/pages\/14967"}],"wp:attachment":[{"href":"https:\/\/www.valadascoriel.com\/pt-pt\/wp-json\/wp\/v2\/media?parent=16719"}],"curies":[{"name":"wp","href":"https:\/\/api.w.org\/{rel}","templated":true}]}}