{"id":17152,"date":"2025-08-26T08:51:04","date_gmt":"2025-08-26T08:51:04","guid":{"rendered":"https:\/\/www.valadascoriel.com\/?page_id=17152"},"modified":"2025-09-19T09:02:33","modified_gmt":"2025-09-19T09:02:33","slug":"vanessa-dinis","status":"publish","type":"page","link":"https:\/\/www.valadascoriel.com\/pt-pt\/sociedade\/equipa\/vanessa-dinis\/","title":{"rendered":"Vanessa Dinis"},"content":{"rendered":"<div class=\"wp-bootstrap-blocks-row row\">\n\t\n\n<div class=\"col-12 col-md-3\">\n\t\t\t\n\n<p><strong>Contacto<\/strong><br \/><a href=\"mailto:vanessa.dinis@valadascoriel.com\">vanessa.dinis@valadascoriel.com<\/a><\/p>\n\n\n\n<div class=\"wp-block-outermost-icon-block\"><a class=\"icon-container has-icon-color has-dark-color\" href=\"https:\/\/www.linkedin.com\/in\/vanessa-sequeira-dinis-919633196\/\" target=\"_blank\" rel=\"noreferrer noopener\" style=\"color:#1f1f1f;width:2em;transform:rotate(0deg) scaleX(1) scaleY(1)\"><svg xmlns=\"http:\/\/www.w3.org\/2000\/svg\" viewBox=\"0 0 24 24\" aria-hidden=\"true\"><path d=\"M19.7,3H4.3C3.582,3,3,3.582,3,4.3v15.4C3,20.418,3.582,21,4.3,21h15.4c0.718,0,1.3-0.582,1.3-1.3V4.3 C21,3.582,20.418,3,19.7,3z M8.339,18.338H5.667v-8.59h2.672V18.338z M7.004,8.574c-0.857,0-1.549-0.694-1.549-1.548 c0-0.855,0.691-1.548,1.549-1.548c0.854,0,1.547,0.694,1.547,1.548C8.551,7.881,7.858,8.574,7.004,8.574z M18.339,18.338h-2.669 v-4.177c0-0.996-0.017-2.278-1.387-2.278c-1.389,0-1.601,1.086-1.601,2.206v4.249h-2.667v-8.59h2.559v1.174h0.037 c0.356-0.675,1.227-1.387,2.526-1.387c2.703,0,3.203,1.779,3.203,4.092V18.338z\"><\/path><\/svg><\/a><\/div>\n\n\n\n<div style=\"height:40px\" aria-hidden=\"true\" class=\"wp-block-spacer\"><\/div>\n\n\t<\/div>\n\n\n\n<div class=\"col-12 col-md-8\">\n\t\t\t\n\n<p>Vanessa Dinis \u00e9 Advogada na equipa de Imigra\u00e7\u00e3o da VCA, onde apoia clientes ao longo de todo o processo legal de&nbsp;imigra\u00e7\u00e3o&nbsp;e legaliza\u00e7\u00e3o em Portugal. Com uma experi\u00eancia de mais de uma d\u00e9cada em contencioso c\u00edvel e executivo, traz uma abordagem pr\u00e1tica e orientada para resultados.<\/p>\n\n\n\n<p>Desde 2021,&nbsp;a Vanessa&nbsp;dedicou-se ao Direito da Imigra\u00e7\u00e3o, assessorando particulares e fam\u00edlias em pedidos de autoriza\u00e7\u00e3o de resid\u00eancia e nacionalidade portuguesa. Ao longo do seu percurso profissional, trabalhou tanto em sociedades de advogados como em departamentos jur\u00eddicos internos, o que refor\u00e7ou a sua vis\u00e3o multidisciplinar e sensibilidade pr\u00e1tica.<\/p>\n\n\n\n<p>Ingressou na VCA em julho de 2025, contribuindo para uma assessoria jur\u00eddica clara e estruturada, centrada nas necessidades de cada cliente.<\/p>\n\n\n\n<div style=\"height:10px\" aria-hidden=\"true\" class=\"wp-block-spacer\"><\/div>\n\n\n\n<h6 class=\"wp-block-heading has-primary-color has-text-color\"><strong>\u00c1reas de Atividade<\/strong><\/h6>\n\n\n\n<p>Imigra\u00e7\u00e3o<\/p>\n\n\n\n<div style=\"height:10px\" aria-hidden=\"true\" class=\"wp-block-spacer\"><\/div>\n\n\n\n<h6 class=\"wp-block-heading has-primary-color has-text-color\"><strong>Forma\u00e7\u00e3o Acad\u00e9mica<\/strong><\/h6>\n\n\n\n<p>Licenciatura em Direito \u2013\u00a0Faculdade de Direito,\u00a0Universidade Cat\u00f3lica Portuguesa (1999 &#8211;\u00a02005)<br \/>P\u00f3s-Gradua\u00e7\u00e3o em Processo Executivo \u2013 Faculdade de Direito,\u00a0Universidade de Lisboa &amp; Ordem dos Advogados (2010 &#8211;\u00a02011)<br \/>P\u00f3s-Gradua\u00e7\u00e3o em Pr\u00e1ticas de Tradu\u00e7\u00e3o,\u00a0Tradu\u00e7\u00e3o T\u00e9cnica e Jur\u00eddica (Ingl\u00eas\/Franc\u00eas) \u2013 Faculdade de Letras,\u00a0Universidade de Lisboa (2018 &#8211;\u00a02019)<br \/>P\u00f3s-Gradua\u00e7\u00e3o em Direito dos Estrangeiros e Nacionalidade \u2013 Nova School of Law (2024)<\/p>\n\n\n\n<div style=\"height:10px\" aria-hidden=\"true\" class=\"wp-block-spacer\"><\/div>\n\n\n\n<h6 class=\"wp-block-heading is-style-default has-primary-color has-text-color\"><strong>Associa\u00e7\u00f5es Profissionais<\/strong><\/h6>\n\n\n\n<p class=\"is-style-default\">Ordem dos Advogados Portuguesa<\/p>\n\n\n\n<div style=\"height:10px\" aria-hidden=\"true\" class=\"wp-block-spacer\"><\/div>\n\n\n\n<h6 class=\"wp-block-heading is-style-default has-primary-color has-text-color\"><strong>L\u00ednguas<\/strong><\/h6>\n\n\n\n<p class=\"is-style-default\">Portugu\u00eas, Ingl\u00eas, Franc\u00eas, e Italiano<\/p>\n\n\t<\/div>\n\n<\/div>\n","protected":false},"excerpt":{"rendered":"","protected":false},"author":3,"featured_media":17229,"parent":410,"menu_order":0,"comment_status":"closed","ping_status":"closed","template":"","meta":{"content-type":"","footnotes":""},"class_list":["post-17152","page","type-page","status-publish","has-post-thumbnail","hentry"],"yoast_head":"<!-- This site is optimized with the Yoast SEO Premium plugin v21.3 (Yoast SEO v26.1.1) - https:\/\/yoast.com\/wordpress\/plugins\/seo\/ -->\n<title>Vanessa Dinis - VCA - Valadas Coriel e Associados<\/title>\n<meta name=\"robots\" content=\"index, follow, max-snippet:-1, max-image-preview:large, max-video-preview:-1\" \/>\n<link rel=\"canonical\" href=\"https:\/\/www.valadascoriel.com\/pt-pt\/sociedade\/equipa\/vanessa-dinis\/\" \/>\n<meta property=\"og:locale\" content=\"pt_PT\" \/>\n<meta property=\"og:type\" content=\"article\" \/>\n<meta property=\"og:title\" content=\"Vanessa Dinis\" \/>\n<meta property=\"og:url\" content=\"https:\/\/www.valadascoriel.com\/pt-pt\/sociedade\/equipa\/vanessa-dinis\/\" \/>\n<meta property=\"og:site_name\" content=\"VCA - Valadas Coriel e Associados\" \/>\n<meta property=\"article:publisher\" content=\"https:\/\/www.facebook.com\/ValadasCoriel\/\" \/>\n<meta property=\"article:modified_time\" content=\"2025-09-19T09:02:33+00:00\" \/>\n<meta property=\"og:image\" content=\"https:\/\/www.valadascoriel.com\/wp-content\/uploads\/2025\/09\/VD_HEADER.png\" \/>\n\t<meta property=\"og:image:width\" content=\"1120\" \/>\n\t<meta property=\"og:image:height\" content=\"560\" \/>\n\t<meta property=\"og:image:type\" content=\"image\/png\" \/>\n<meta name=\"twitter:card\" content=\"summary_large_image\" \/>\n<meta name=\"twitter:site\" content=\"@valadascoriel\" \/>\n<meta name=\"twitter:label1\" content=\"Tempo estimado de leitura\" \/>\n\t<meta name=\"twitter:data1\" content=\"2 minutos\" \/>\n<script type=\"application\/ld+json\" class=\"yoast-schema-graph\">{\"@context\":\"https:\/\/schema.org\",\"@graph\":[{\"@type\":\"WebPage\",\"@id\":\"https:\/\/www.valadascoriel.com\/pt-pt\/sociedade\/equipa\/vanessa-dinis\/\",\"url\":\"https:\/\/www.valadascoriel.com\/pt-pt\/sociedade\/equipa\/vanessa-dinis\/\",\"name\":\"Vanessa Dinis - VCA - Valadas Coriel e Associados\",\"isPartOf\":{\"@id\":\"https:\/\/www.valadascoriel.com\/#website\"},\"primaryImageOfPage\":{\"@id\":\"https:\/\/www.valadascoriel.com\/pt-pt\/sociedade\/equipa\/vanessa-dinis\/#primaryimage\"},\"image\":{\"@id\":\"https:\/\/www.valadascoriel.com\/pt-pt\/sociedade\/equipa\/vanessa-dinis\/#primaryimage\"},\"thumbnailUrl\":\"https:\/\/www.valadascoriel.com\/wp-content\/uploads\/2025\/09\/VD_HEADER.png\",\"datePublished\":\"2025-08-26T08:51:04+00:00\",\"dateModified\":\"2025-09-19T09:02:33+00:00\",\"breadcrumb\":{\"@id\":\"https:\/\/www.valadascoriel.com\/pt-pt\/sociedade\/equipa\/vanessa-dinis\/#breadcrumb\"},\"inLanguage\":\"pt-PT\",\"potentialAction\":[{\"@type\":\"ReadAction\",\"target\":[\"https:\/\/www.valadascoriel.com\/pt-pt\/sociedade\/equipa\/vanessa-dinis\/\"]}]},{\"@type\":\"ImageObject\",\"inLanguage\":\"pt-PT\",\"@id\":\"https:\/\/www.valadascoriel.com\/pt-pt\/sociedade\/equipa\/vanessa-dinis\/#primaryimage\",\"url\":\"https:\/\/www.valadascoriel.com\/wp-content\/uploads\/2025\/09\/VD_HEADER.png\",\"contentUrl\":\"https:\/\/www.valadascoriel.com\/wp-content\/uploads\/2025\/09\/VD_HEADER.png\",\"width\":1120,\"height\":560},{\"@type\":\"BreadcrumbList\",\"@id\":\"https:\/\/www.valadascoriel.com\/pt-pt\/sociedade\/equipa\/vanessa-dinis\/#breadcrumb\",\"itemListElement\":[{\"@type\":\"ListItem\",\"position\":1,\"name\":\"In\u00edcio\",\"item\":\"https:\/\/www.valadascoriel.com\/pt-pt\/\"},{\"@type\":\"ListItem\",\"position\":2,\"name\":\"A Sociedade\",\"item\":\"https:\/\/www.valadascoriel.com\/pt-pt\/sociedade\/\"},{\"@type\":\"ListItem\",\"position\":3,\"name\":\"Equipa\",\"item\":\"https:\/\/www.valadascoriel.com\/pt-pt\/sociedade\/equipa\/\"},{\"@type\":\"ListItem\",\"position\":4,\"name\":\"Vanessa Dinis\"}]},{\"@type\":\"WebSite\",\"@id\":\"https:\/\/www.valadascoriel.com\/#website\",\"url\":\"https:\/\/www.valadascoriel.com\/\",\"name\":\"Valadas Coriel & Associados\",\"description\":\"A versatile legal firm combining experience, expertise &amp; creativity.\",\"publisher\":{\"@id\":\"https:\/\/www.valadascoriel.com\/#organization\"},\"potentialAction\":[{\"@type\":\"SearchAction\",\"target\":{\"@type\":\"EntryPoint\",\"urlTemplate\":\"https:\/\/www.valadascoriel.com\/?s={search_term_string}\"},\"query-input\":{\"@type\":\"PropertyValueSpecification\",\"valueRequired\":true,\"valueName\":\"search_term_string\"}}],\"inLanguage\":\"pt-PT\"},{\"@type\":\"Organization\",\"@id\":\"https:\/\/www.valadascoriel.com\/#organization\",\"name\":\"Valadas Coriel & Associados\",\"alternateName\":\"VCA\",\"url\":\"https:\/\/www.valadascoriel.com\/\",\"logo\":{\"@type\":\"ImageObject\",\"inLanguage\":\"pt-PT\",\"@id\":\"https:\/\/www.valadascoriel.com\/#\/schema\/logo\/image\/\",\"url\":\"https:\/\/www.valadascoriel.com\/wp-content\/uploads\/2023\/03\/cropped-favicon-1.png\",\"contentUrl\":\"https:\/\/www.valadascoriel.com\/wp-content\/uploads\/2023\/03\/cropped-favicon-1.png\",\"width\":512,\"height\":512,\"caption\":\"Valadas Coriel & Associados\"},\"image\":{\"@id\":\"https:\/\/www.valadascoriel.com\/#\/schema\/logo\/image\/\"},\"sameAs\":[\"https:\/\/www.facebook.com\/ValadasCoriel\/\",\"https:\/\/x.com\/valadascoriel\",\"https:\/\/pt.linkedin.com\/company\/vca-valadas-coriel-associados\",\"https:\/\/www.youtube.com\/channel\/UCic8dCFjoTtH5u890aEcW5Q\"]}]}<\/script>\n<!-- \/ Yoast SEO Premium plugin. -->","yoast_head_json":{"title":"Vanessa Dinis - VCA - Valadas Coriel e Associados","robots":{"index":"index","follow":"follow","max-snippet":"max-snippet:-1","max-image-preview":"max-image-preview:large","max-video-preview":"max-video-preview:-1"},"canonical":"https:\/\/www.valadascoriel.com\/pt-pt\/sociedade\/equipa\/vanessa-dinis\/","og_locale":"pt_PT","og_type":"article","og_title":"Vanessa Dinis","og_url":"https:\/\/www.valadascoriel.com\/pt-pt\/sociedade\/equipa\/vanessa-dinis\/","og_site_name":"VCA - Valadas Coriel e Associados","article_publisher":"https:\/\/www.facebook.com\/ValadasCoriel\/","article_modified_time":"2025-09-19T09:02:33+00:00","og_image":[{"width":1120,"height":560,"url":"https:\/\/www.valadascoriel.com\/wp-content\/uploads\/2025\/09\/VD_HEADER.png","type":"image\/png"}],"twitter_card":"summary_large_image","twitter_site":"@valadascoriel","twitter_misc":{"Tempo estimado de leitura":"2 minutos"},"schema":{"@context":"https:\/\/schema.org","@graph":[{"@type":"WebPage","@id":"https:\/\/www.valadascoriel.com\/pt-pt\/sociedade\/equipa\/vanessa-dinis\/","url":"https:\/\/www.valadascoriel.com\/pt-pt\/sociedade\/equipa\/vanessa-dinis\/","name":"Vanessa Dinis - VCA - Valadas Coriel e Associados","isPartOf":{"@id":"https:\/\/www.valadascoriel.com\/#website"},"primaryImageOfPage":{"@id":"https:\/\/www.valadascoriel.com\/pt-pt\/sociedade\/equipa\/vanessa-dinis\/#primaryimage"},"image":{"@id":"https:\/\/www.valadascoriel.com\/pt-pt\/sociedade\/equipa\/vanessa-dinis\/#primaryimage"},"thumbnailUrl":"https:\/\/www.valadascoriel.com\/wp-content\/uploads\/2025\/09\/VD_HEADER.png","datePublished":"2025-08-26T08:51:04+00:00","dateModified":"2025-09-19T09:02:33+00:00","breadcrumb":{"@id":"https:\/\/www.valadascoriel.com\/pt-pt\/sociedade\/equipa\/vanessa-dinis\/#breadcrumb"},"inLanguage":"pt-PT","potentialAction":[{"@type":"ReadAction","target":["https:\/\/www.valadascoriel.com\/pt-pt\/sociedade\/equipa\/vanessa-dinis\/"]}]},{"@type":"ImageObject","inLanguage":"pt-PT","@id":"https:\/\/www.valadascoriel.com\/pt-pt\/sociedade\/equipa\/vanessa-dinis\/#primaryimage","url":"https:\/\/www.valadascoriel.com\/wp-content\/uploads\/2025\/09\/VD_HEADER.png","contentUrl":"https:\/\/www.valadascoriel.com\/wp-content\/uploads\/2025\/09\/VD_HEADER.png","width":1120,"height":560},{"@type":"BreadcrumbList","@id":"https:\/\/www.valadascoriel.com\/pt-pt\/sociedade\/equipa\/vanessa-dinis\/#breadcrumb","itemListElement":[{"@type":"ListItem","position":1,"name":"In\u00edcio","item":"https:\/\/www.valadascoriel.com\/pt-pt\/"},{"@type":"ListItem","position":2,"name":"A Sociedade","item":"https:\/\/www.valadascoriel.com\/pt-pt\/sociedade\/"},{"@type":"ListItem","position":3,"name":"Equipa","item":"https:\/\/www.valadascoriel.com\/pt-pt\/sociedade\/equipa\/"},{"@type":"ListItem","position":4,"name":"Vanessa Dinis"}]},{"@type":"WebSite","@id":"https:\/\/www.valadascoriel.com\/#website","url":"https:\/\/www.valadascoriel.com\/","name":"Valadas Coriel & Associados","description":"A versatile legal firm combining experience, expertise &amp; creativity.","publisher":{"@id":"https:\/\/www.valadascoriel.com\/#organization"},"potentialAction":[{"@type":"SearchAction","target":{"@type":"EntryPoint","urlTemplate":"https:\/\/www.valadascoriel.com\/?s={search_term_string}"},"query-input":{"@type":"PropertyValueSpecification","valueRequired":true,"valueName":"search_term_string"}}],"inLanguage":"pt-PT"},{"@type":"Organization","@id":"https:\/\/www.valadascoriel.com\/#organization","name":"Valadas Coriel & Associados","alternateName":"VCA","url":"https:\/\/www.valadascoriel.com\/","logo":{"@type":"ImageObject","inLanguage":"pt-PT","@id":"https:\/\/www.valadascoriel.com\/#\/schema\/logo\/image\/","url":"https:\/\/www.valadascoriel.com\/wp-content\/uploads\/2023\/03\/cropped-favicon-1.png","contentUrl":"https:\/\/www.valadascoriel.com\/wp-content\/uploads\/2023\/03\/cropped-favicon-1.png","width":512,"height":512,"caption":"Valadas Coriel & Associados"},"image":{"@id":"https:\/\/www.valadascoriel.com\/#\/schema\/logo\/image\/"},"sameAs":["https:\/\/www.facebook.com\/ValadasCoriel\/","https:\/\/x.com\/valadascoriel","https:\/\/pt.linkedin.com\/company\/vca-valadas-coriel-associados","https:\/\/www.youtube.com\/channel\/UCic8dCFjoTtH5u890aEcW5Q"]}]}},"_links":{"self":[{"href":"https:\/\/www.valadascoriel.com\/pt-pt\/wp-json\/wp\/v2\/pages\/17152","targetHints":{"allow":["GET"]}}],"collection":[{"href":"https:\/\/www.valadascoriel.com\/pt-pt\/wp-json\/wp\/v2\/pages"}],"about":[{"href":"https:\/\/www.valadascoriel.com\/pt-pt\/wp-json\/wp\/v2\/types\/page"}],"author":[{"embeddable":true,"href":"https:\/\/www.valadascoriel.com\/pt-pt\/wp-json\/wp\/v2\/users\/3"}],"replies":[{"embeddable":true,"href":"https:\/\/www.valadascoriel.com\/pt-pt\/wp-json\/wp\/v2\/comments?post=17152"}],"version-history":[{"count":2,"href":"https:\/\/www.valadascoriel.com\/pt-pt\/wp-json\/wp\/v2\/pages\/17152\/revisions"}],"predecessor-version":[{"id":17156,"href":"https:\/\/www.valadascoriel.com\/pt-pt\/wp-json\/wp\/v2\/pages\/17152\/revisions\/17156"}],"up":[{"embeddable":true,"href":"https:\/\/www.valadascoriel.com\/pt-pt\/wp-json\/wp\/v2\/pages\/410"}],"wp:featuredmedia":[{"embeddable":true,"href":"https:\/\/www.valadascoriel.com\/pt-pt\/wp-json\/wp\/v2\/media\/17229"}],"wp:attachment":[{"href":"https:\/\/www.valadascoriel.com\/pt-pt\/wp-json\/wp\/v2\/media?parent=17152"}],"curies":[{"name":"wp","href":"https:\/\/api.w.org\/{rel}","templated":true}]}}