{"id":17657,"date":"2026-03-09T12:09:11","date_gmt":"2026-03-09T12:09:11","guid":{"rendered":"https:\/\/www.valadascoriel.com\/?page_id=17657"},"modified":"2026-03-20T10:45:10","modified_gmt":"2026-03-20T10:45:10","slug":"madalena-do-vale","status":"publish","type":"page","link":"https:\/\/www.valadascoriel.com\/pt-pt\/sociedade\/equipa\/madalena-do-vale\/","title":{"rendered":"Madalena do Vale"},"content":{"rendered":"<div class=\"wp-bootstrap-blocks-row row\">\n\t\n\n<div class=\"col-12 col-md-3\">\n\t\t\t\n\n<p><strong>Contacto<\/strong><br \/><a href=\"mailto:madalena.vale@valadascoriel.com\" target=\"_blank\" rel=\"noreferrer noopener\">madalena.vale@valadascoriel.com<\/a><\/p>\n\n\n\n<div class=\"wp-block-outermost-icon-block\"><a class=\"icon-container has-icon-color has-dark-color\" href=\"https:\/\/www.linkedin.com\/in\/madalenadiasdovale\/\" target=\"_blank\" rel=\"noreferrer noopener\" style=\"color:#1f1f1f;width:2em;transform:rotate(0deg) scaleX(1) scaleY(1)\"><svg xmlns=\"http:\/\/www.w3.org\/2000\/svg\" viewBox=\"0 0 24 24\" aria-hidden=\"true\"><path d=\"M19.7,3H4.3C3.582,3,3,3.582,3,4.3v15.4C3,20.418,3.582,21,4.3,21h15.4c0.718,0,1.3-0.582,1.3-1.3V4.3 C21,3.582,20.418,3,19.7,3z M8.339,18.338H5.667v-8.59h2.672V18.338z M7.004,8.574c-0.857,0-1.549-0.694-1.549-1.548 c0-0.855,0.691-1.548,1.549-1.548c0.854,0,1.547,0.694,1.547,1.548C8.551,7.881,7.858,8.574,7.004,8.574z M18.339,18.338h-2.669 v-4.177c0-0.996-0.017-2.278-1.387-2.278c-1.389,0-1.601,1.086-1.601,2.206v4.249h-2.667v-8.59h2.559v1.174h0.037 c0.356-0.675,1.227-1.387,2.526-1.387c2.703,0,3.203,1.779,3.203,4.092V18.338z\"><\/path><\/svg><\/a><\/div>\n\n\n\n<div style=\"height:40px\" aria-hidden=\"true\" class=\"wp-block-spacer\"><\/div>\n\n\t<\/div>\n\n\n\n<div class=\"col-12 col-md-8\">\n\t\t\t\n\n<p><strong>Madalena do Vale <\/strong>integra a equipa de <strong>Imigra\u00e7\u00e3o<\/strong> da VCA, onde presta apoio a clientes em <strong>processos de candidatura a Golden Visa<\/strong>.<\/p>\n\n\n\n<p>No \u00e2mbito das suas fun\u00e7\u00f5es, acompanha os clientes na prepara\u00e7\u00e3o e submiss\u00e3o das candidaturas junto das autoridades de imigra\u00e7\u00e3o portuguesas, assegurando o cumprimento dos requisitos documentais e orientando os clientes ao longo de todas as fases do processo. Madalena colabora com a VCA desde julho de 2021, contribuindo para o acompanhamento de clientes internacionais que procuram estabelecer-se em Portugal.<\/p>\n\n\n\n<p>Antes de integrar a VCA, realizou um <strong>est\u00e1gio<\/strong> <strong>Blue Book <\/strong>na<strong> Comiss\u00e3o Europeia<\/strong>, na Dire\u00e7\u00e3o-Geral para as Parcerias Internacionais, onde participou em projetos de apoio financeiro da Uni\u00e3o Europeia \u00e0s estrat\u00e9gias de desenvolvimento dos Pa\u00edses e Territ\u00f3rios Ultramarinos atrav\u00e9s do Fundo Europeu de Desenvolvimento.<\/p>\n\n\n\n<div style=\"height:10px\" aria-hidden=\"true\" class=\"wp-block-spacer\"><\/div>\n\n\n\n<h6 class=\"wp-block-heading has-primary-color has-text-color\" id=\"h-areas-de-atividade\">\u00c1reas de Atividade<\/h6>\n\n\n\n<p>Imigra\u00e7\u00e3o<\/p>\n\n\n\n<div style=\"height:10px\" aria-hidden=\"true\" class=\"wp-block-spacer\"><\/div>\n\n\n\n<h6 class=\"wp-block-heading has-primary-color has-text-color\" id=\"h-formacao-academica\">Forma\u00e7\u00e3o Acad\u00e9mica<\/h6>\n\n\n\n<p>Licenciatura em Ci\u00eancia Pol\u00edtica e Rela\u00e7\u00f5es Internacionais \u2013 Faculdade de Ci\u00eancias Sociais e Humanas, Universidade NOVA de Lisboa (2013\u20132016)<br \/>Mestrado em Desenvolvimento e Coopera\u00e7\u00e3o Internacional \u2013 ISEG, Universidade de Lisboa (2016\u20132019)<\/p>\n\n\n\n<div style=\"height:10px\" aria-hidden=\"true\" class=\"wp-block-spacer\"><\/div>\n\n\n\n<div style=\"height:10px\" aria-hidden=\"true\" class=\"wp-block-spacer\"><\/div>\n\n\n\n<h6 class=\"wp-block-heading has-primary-color has-text-color\" id=\"h-linguas\">L\u00ednguas<\/h6>\n\n\n\n<p>Portugu\u00eas e Ingl\u00eas<\/p>\n\n\t<\/div>\n\n<\/div>\n","protected":false},"excerpt":{"rendered":"","protected":false},"author":3,"featured_media":0,"parent":410,"menu_order":0,"comment_status":"closed","ping_status":"closed","template":"","meta":{"content-type":"","footnotes":""},"class_list":["post-17657","page","type-page","status-publish","hentry"],"yoast_head":"<!-- This site is optimized with the Yoast SEO Premium plugin v21.3 (Yoast SEO v26.1.1) - https:\/\/yoast.com\/wordpress\/plugins\/seo\/ -->\n<title>Madalena do Vale - VCA - Valadas Coriel e Associados<\/title>\n<meta name=\"robots\" content=\"index, follow, max-snippet:-1, max-image-preview:large, max-video-preview:-1\" \/>\n<link rel=\"canonical\" href=\"https:\/\/www.valadascoriel.com\/pt-pt\/sociedade\/equipa\/madalena-do-vale\/\" \/>\n<meta property=\"og:locale\" content=\"pt_PT\" \/>\n<meta property=\"og:type\" content=\"article\" \/>\n<meta property=\"og:title\" content=\"Madalena do Vale\" \/>\n<meta property=\"og:url\" content=\"https:\/\/www.valadascoriel.com\/pt-pt\/sociedade\/equipa\/madalena-do-vale\/\" \/>\n<meta property=\"og:site_name\" content=\"VCA - Valadas Coriel e Associados\" \/>\n<meta property=\"article:publisher\" content=\"https:\/\/www.facebook.com\/ValadasCoriel\/\" \/>\n<meta property=\"article:modified_time\" content=\"2026-03-20T10:45:10+00:00\" \/>\n<meta name=\"twitter:card\" content=\"summary_large_image\" \/>\n<meta name=\"twitter:site\" content=\"@valadascoriel\" \/>\n<meta name=\"twitter:label1\" content=\"Tempo estimado de leitura\" \/>\n\t<meta name=\"twitter:data1\" content=\"1 minuto\" \/>\n<script type=\"application\/ld+json\" class=\"yoast-schema-graph\">{\"@context\":\"https:\/\/schema.org\",\"@graph\":[{\"@type\":\"WebPage\",\"@id\":\"https:\/\/www.valadascoriel.com\/pt-pt\/sociedade\/equipa\/madalena-do-vale\/\",\"url\":\"https:\/\/www.valadascoriel.com\/pt-pt\/sociedade\/equipa\/madalena-do-vale\/\",\"name\":\"Madalena do Vale - VCA - Valadas Coriel e Associados\",\"isPartOf\":{\"@id\":\"https:\/\/www.valadascoriel.com\/#website\"},\"datePublished\":\"2026-03-09T12:09:11+00:00\",\"dateModified\":\"2026-03-20T10:45:10+00:00\",\"breadcrumb\":{\"@id\":\"https:\/\/www.valadascoriel.com\/pt-pt\/sociedade\/equipa\/madalena-do-vale\/#breadcrumb\"},\"inLanguage\":\"pt-PT\",\"potentialAction\":[{\"@type\":\"ReadAction\",\"target\":[\"https:\/\/www.valadascoriel.com\/pt-pt\/sociedade\/equipa\/madalena-do-vale\/\"]}]},{\"@type\":\"BreadcrumbList\",\"@id\":\"https:\/\/www.valadascoriel.com\/pt-pt\/sociedade\/equipa\/madalena-do-vale\/#breadcrumb\",\"itemListElement\":[{\"@type\":\"ListItem\",\"position\":1,\"name\":\"In\u00edcio\",\"item\":\"https:\/\/www.valadascoriel.com\/pt-pt\/\"},{\"@type\":\"ListItem\",\"position\":2,\"name\":\"A Sociedade\",\"item\":\"https:\/\/www.valadascoriel.com\/pt-pt\/sociedade\/\"},{\"@type\":\"ListItem\",\"position\":3,\"name\":\"Equipa\",\"item\":\"https:\/\/www.valadascoriel.com\/pt-pt\/sociedade\/equipa\/\"},{\"@type\":\"ListItem\",\"position\":4,\"name\":\"Madalena do Vale\"}]},{\"@type\":\"WebSite\",\"@id\":\"https:\/\/www.valadascoriel.com\/#website\",\"url\":\"https:\/\/www.valadascoriel.com\/\",\"name\":\"Valadas Coriel & Associados\",\"description\":\"A versatile legal firm combining experience, expertise &amp; creativity.\",\"publisher\":{\"@id\":\"https:\/\/www.valadascoriel.com\/#organization\"},\"potentialAction\":[{\"@type\":\"SearchAction\",\"target\":{\"@type\":\"EntryPoint\",\"urlTemplate\":\"https:\/\/www.valadascoriel.com\/?s={search_term_string}\"},\"query-input\":{\"@type\":\"PropertyValueSpecification\",\"valueRequired\":true,\"valueName\":\"search_term_string\"}}],\"inLanguage\":\"pt-PT\"},{\"@type\":\"Organization\",\"@id\":\"https:\/\/www.valadascoriel.com\/#organization\",\"name\":\"Valadas Coriel & Associados\",\"alternateName\":\"VCA\",\"url\":\"https:\/\/www.valadascoriel.com\/\",\"logo\":{\"@type\":\"ImageObject\",\"inLanguage\":\"pt-PT\",\"@id\":\"https:\/\/www.valadascoriel.com\/#\/schema\/logo\/image\/\",\"url\":\"https:\/\/www.valadascoriel.com\/wp-content\/uploads\/2023\/03\/cropped-favicon-1.png\",\"contentUrl\":\"https:\/\/www.valadascoriel.com\/wp-content\/uploads\/2023\/03\/cropped-favicon-1.png\",\"width\":512,\"height\":512,\"caption\":\"Valadas Coriel & Associados\"},\"image\":{\"@id\":\"https:\/\/www.valadascoriel.com\/#\/schema\/logo\/image\/\"},\"sameAs\":[\"https:\/\/www.facebook.com\/ValadasCoriel\/\",\"https:\/\/x.com\/valadascoriel\",\"https:\/\/pt.linkedin.com\/company\/vca-valadas-coriel-associados\",\"https:\/\/www.youtube.com\/channel\/UCic8dCFjoTtH5u890aEcW5Q\"]}]}<\/script>\n<!-- \/ Yoast SEO Premium plugin. -->","yoast_head_json":{"title":"Madalena do Vale - VCA - Valadas Coriel e Associados","robots":{"index":"index","follow":"follow","max-snippet":"max-snippet:-1","max-image-preview":"max-image-preview:large","max-video-preview":"max-video-preview:-1"},"canonical":"https:\/\/www.valadascoriel.com\/pt-pt\/sociedade\/equipa\/madalena-do-vale\/","og_locale":"pt_PT","og_type":"article","og_title":"Madalena do Vale","og_url":"https:\/\/www.valadascoriel.com\/pt-pt\/sociedade\/equipa\/madalena-do-vale\/","og_site_name":"VCA - Valadas Coriel e Associados","article_publisher":"https:\/\/www.facebook.com\/ValadasCoriel\/","article_modified_time":"2026-03-20T10:45:10+00:00","twitter_card":"summary_large_image","twitter_site":"@valadascoriel","twitter_misc":{"Tempo estimado de leitura":"1 minuto"},"schema":{"@context":"https:\/\/schema.org","@graph":[{"@type":"WebPage","@id":"https:\/\/www.valadascoriel.com\/pt-pt\/sociedade\/equipa\/madalena-do-vale\/","url":"https:\/\/www.valadascoriel.com\/pt-pt\/sociedade\/equipa\/madalena-do-vale\/","name":"Madalena do Vale - VCA - Valadas Coriel e Associados","isPartOf":{"@id":"https:\/\/www.valadascoriel.com\/#website"},"datePublished":"2026-03-09T12:09:11+00:00","dateModified":"2026-03-20T10:45:10+00:00","breadcrumb":{"@id":"https:\/\/www.valadascoriel.com\/pt-pt\/sociedade\/equipa\/madalena-do-vale\/#breadcrumb"},"inLanguage":"pt-PT","potentialAction":[{"@type":"ReadAction","target":["https:\/\/www.valadascoriel.com\/pt-pt\/sociedade\/equipa\/madalena-do-vale\/"]}]},{"@type":"BreadcrumbList","@id":"https:\/\/www.valadascoriel.com\/pt-pt\/sociedade\/equipa\/madalena-do-vale\/#breadcrumb","itemListElement":[{"@type":"ListItem","position":1,"name":"In\u00edcio","item":"https:\/\/www.valadascoriel.com\/pt-pt\/"},{"@type":"ListItem","position":2,"name":"A Sociedade","item":"https:\/\/www.valadascoriel.com\/pt-pt\/sociedade\/"},{"@type":"ListItem","position":3,"name":"Equipa","item":"https:\/\/www.valadascoriel.com\/pt-pt\/sociedade\/equipa\/"},{"@type":"ListItem","position":4,"name":"Madalena do Vale"}]},{"@type":"WebSite","@id":"https:\/\/www.valadascoriel.com\/#website","url":"https:\/\/www.valadascoriel.com\/","name":"Valadas Coriel & Associados","description":"A versatile legal firm combining experience, expertise &amp; creativity.","publisher":{"@id":"https:\/\/www.valadascoriel.com\/#organization"},"potentialAction":[{"@type":"SearchAction","target":{"@type":"EntryPoint","urlTemplate":"https:\/\/www.valadascoriel.com\/?s={search_term_string}"},"query-input":{"@type":"PropertyValueSpecification","valueRequired":true,"valueName":"search_term_string"}}],"inLanguage":"pt-PT"},{"@type":"Organization","@id":"https:\/\/www.valadascoriel.com\/#organization","name":"Valadas Coriel & Associados","alternateName":"VCA","url":"https:\/\/www.valadascoriel.com\/","logo":{"@type":"ImageObject","inLanguage":"pt-PT","@id":"https:\/\/www.valadascoriel.com\/#\/schema\/logo\/image\/","url":"https:\/\/www.valadascoriel.com\/wp-content\/uploads\/2023\/03\/cropped-favicon-1.png","contentUrl":"https:\/\/www.valadascoriel.com\/wp-content\/uploads\/2023\/03\/cropped-favicon-1.png","width":512,"height":512,"caption":"Valadas Coriel & Associados"},"image":{"@id":"https:\/\/www.valadascoriel.com\/#\/schema\/logo\/image\/"},"sameAs":["https:\/\/www.facebook.com\/ValadasCoriel\/","https:\/\/x.com\/valadascoriel","https:\/\/pt.linkedin.com\/company\/vca-valadas-coriel-associados","https:\/\/www.youtube.com\/channel\/UCic8dCFjoTtH5u890aEcW5Q"]}]}},"_links":{"self":[{"href":"https:\/\/www.valadascoriel.com\/pt-pt\/wp-json\/wp\/v2\/pages\/17657","targetHints":{"allow":["GET"]}}],"collection":[{"href":"https:\/\/www.valadascoriel.com\/pt-pt\/wp-json\/wp\/v2\/pages"}],"about":[{"href":"https:\/\/www.valadascoriel.com\/pt-pt\/wp-json\/wp\/v2\/types\/page"}],"author":[{"embeddable":true,"href":"https:\/\/www.valadascoriel.com\/pt-pt\/wp-json\/wp\/v2\/users\/3"}],"replies":[{"embeddable":true,"href":"https:\/\/www.valadascoriel.com\/pt-pt\/wp-json\/wp\/v2\/comments?post=17657"}],"version-history":[{"count":1,"href":"https:\/\/www.valadascoriel.com\/pt-pt\/wp-json\/wp\/v2\/pages\/17657\/revisions"}],"predecessor-version":[{"id":17658,"href":"https:\/\/www.valadascoriel.com\/pt-pt\/wp-json\/wp\/v2\/pages\/17657\/revisions\/17658"}],"up":[{"embeddable":true,"href":"https:\/\/www.valadascoriel.com\/pt-pt\/wp-json\/wp\/v2\/pages\/410"}],"wp:attachment":[{"href":"https:\/\/www.valadascoriel.com\/pt-pt\/wp-json\/wp\/v2\/media?parent=17657"}],"curies":[{"name":"wp","href":"https:\/\/api.w.org\/{rel}","templated":true}]}}