{"id":352,"date":"2023-02-21T11:15:16","date_gmt":"2023-02-21T11:15:16","guid":{"rendered":"https:\/\/www.valadascoriel.com\/?page_id=352"},"modified":"2024-12-03T09:27:28","modified_gmt":"2024-12-03T09:27:28","slug":"sociedade","status":"publish","type":"page","link":"https:\/\/www.valadascoriel.com\/pt-pt\/sociedade\/","title":{"rendered":"A Sociedade"},"content":{"rendered":"\n<div id=\"mb-block-bb4c0cfc-7bdf-41c4-8211-8a91de19bb98\" class=\"odin-group bg-white alignfull\">\n\t<div class=\"container-fluid\">\n\t\t<div class=\"row justify-content-center\">\n\t\t\t<div class=\"col-12\">\n\t\t\t\t\n\n<div id=\"mb-block-bef16bd8-accd-4025-bda0-2351903b1d81\" class=\"odin-aside is-flipped image-contain\">\n\t<div class=\"odin-aside-default\">\n\t<div>\n\t\t<div class=\"row justify-content-between\">\n\t\t\t<div class=\"col-12 col-lg-5 order-lg-2\">\n\t\t\t\t<div class=\"odin-aside--image\">\n\t\t\t\t\t<img loading=\"lazy\" decoding=\"async\" width=\"600\" height=\"600\" src=\"https:\/\/www.valadascoriel.com\/wp-content\/uploads\/2023\/08\/THE-FIRM-EXPERIENCE-VCA.png\" class=\"attachment-odin_large_square size-odin_large_square\" alt=\"\" srcset=\"https:\/\/www.valadascoriel.com\/wp-content\/uploads\/2023\/08\/THE-FIRM-EXPERIENCE-VCA.png 601w, https:\/\/www.valadascoriel.com\/wp-content\/uploads\/2023\/08\/THE-FIRM-EXPERIENCE-VCA-300x300.png 300w, https:\/\/www.valadascoriel.com\/wp-content\/uploads\/2023\/08\/THE-FIRM-EXPERIENCE-VCA-150x150.png 150w, https:\/\/www.valadascoriel.com\/wp-content\/uploads\/2023\/08\/THE-FIRM-EXPERIENCE-VCA-180x180.png 180w, https:\/\/www.valadascoriel.com\/wp-content\/uploads\/2023\/08\/THE-FIRM-EXPERIENCE-VCA-380x380.png 380w\" sizes=\"auto, (max-width: 600px) 100vw, 600px\" \/>\t\t\t\t<\/div>\n\t\t\t<\/div>\n\t\t\t<div class=\"col-12 col-lg-6 order-lg-1\">\n\t\t\t\t<div class=\"odin-aside--inner\">\n\t\t\t\t\t\n\n<h2 class=\"wp-block-heading has-primary-color has-text-color\">Experi\u00eancia<\/h2>\n\n\n\n<p>O nosso escrit\u00f3rio tem uma equipa muito en\u00e9rgica de 7 s\u00f3cios e mais de 20 associados que combinam experi\u00eancia, especializa\u00e7\u00e3o, inova\u00e7\u00e3o e criatividade. A nossa equipa trabalha em todo o tipo de casos, desde contencioso e resolu\u00e7\u00e3o de lit\u00edgios a projectos laborais, imobili\u00e1rios, empresariais, energ\u00e9ticos, financeiros e internacionais, para clientes de todas as dimens\u00f5es, tanto nacionais como internacionais. Temos tamb\u00e9m uma forte atividade centrada em clientes privados e no mundo da arte, apoiando v\u00e1rias pessoas a investir ou a mudarem-se para Portugal.<\/p>\n\n\n\n<p>Trabalhamos em contencioso para duas das maiores empresas portuguesas cotadas em bolsa, de forma permanente, em conjunto com um grupo de pr\u00e1tica focado em PMEs e clientes privados. Estamos aptos a responder eficazmente aos clientes em todos os dom\u00ednios jur\u00eddicos, regulamentares e fiscais.<\/p>\n\n\n<div class=\"odin-buttons inherit\">\n\t<a href=\"https:\/\/www.valadascoriel.com\/sociedade\/equipa\/\" class=\"odin-button odin-button-link\">\n\t<span>\n\t\t<span class=\"odin-button-anchor\">Conhe\u00e7a a equipa<\/span>\n\t\t<span class=\"odin-icon odin-icon--font-awesome\"><svg xmlns=\"http:\/\/www.w3.org\/2000\/svg\" viewBox=\"0 0 448 512\"><!--! Font Awesome Pro 6.2.0 by @fontawesome - https:\/\/fontawesome.com License - https:\/\/fontawesome.com\/license (Commercial License) Copyright 2022 Fonticons, Inc. --><path d=\"M438.6 278.6c12.5-12.5 12.5-32.8 0-45.3l-160-160c-12.5-12.5-32.8-12.5-45.3 0s-12.5 32.8 0 45.3L338.8 224 32 224c-17.7 0-32 14.3-32 32s14.3 32 32 32l306.7 0L233.4 393.4c-12.5 12.5-12.5 32.8 0 45.3s32.8 12.5 45.3 0l160-160z\"><\/path><\/svg><\/span>\t<\/span>\n<\/a><\/div>\n\n\t\t\t\t<\/div>\n\t\t\t<\/div>\n\t\t<\/div>\n\t<\/div>\n<\/div><\/div>\n\n\t\t\t<\/div>\n\t\t<\/div>\n\t<\/div>\n<\/div>\n\n\n<div id=\"mb-block-98aaf0d5-be07-407d-86cb-20c79e706d85\" class=\"odin-group bg-white has-white-color alignfull\">\n\t<div class=\"container-fluid\">\n\t\t<div class=\"row justify-content-center\">\n\t\t\t<div class=\"col-12\">\n\t\t\t\t\n\n<div id=\"mb-block-36735a70-d15e-4251-8e5b-f0dcf385d42f\" class=\"odin-aside image-cover\">\n\t<div class=\"odin-aside-default\">\n\t<div>\n\t\t<div class=\"row justify-content-between\">\n\t\t\t<div class=\"col-12 col-lg-5 \">\n\t\t\t\t<div class=\"odin-aside--image\">\n\t\t\t\t\t<img loading=\"lazy\" decoding=\"async\" width=\"600\" height=\"600\" src=\"https:\/\/www.valadascoriel.com\/wp-content\/uploads\/2023\/08\/THE-FIRM-EXPERTISE-VCA-1.png\" class=\"attachment-odin_large_square size-odin_large_square\" alt=\"\" srcset=\"https:\/\/www.valadascoriel.com\/wp-content\/uploads\/2023\/08\/THE-FIRM-EXPERTISE-VCA-1.png 601w, https:\/\/www.valadascoriel.com\/wp-content\/uploads\/2023\/08\/THE-FIRM-EXPERTISE-VCA-1-300x300.png 300w, https:\/\/www.valadascoriel.com\/wp-content\/uploads\/2023\/08\/THE-FIRM-EXPERTISE-VCA-1-150x150.png 150w, https:\/\/www.valadascoriel.com\/wp-content\/uploads\/2023\/08\/THE-FIRM-EXPERTISE-VCA-1-180x180.png 180w, https:\/\/www.valadascoriel.com\/wp-content\/uploads\/2023\/08\/THE-FIRM-EXPERTISE-VCA-1-380x380.png 380w\" sizes=\"auto, (max-width: 600px) 100vw, 600px\" \/>\t\t\t\t<\/div>\n\t\t\t<\/div>\n\t\t\t<div class=\"col-12 col-lg-6 \">\n\t\t\t\t<div class=\"odin-aside--inner\">\n\t\t\t\t\t\n\n<h2 class=\"wp-block-heading has-dark-color has-text-color\">Expertise<\/h2>\n\n\n\n<p class=\"has-dark-color has-text-color\">Devido ao seu empenho e ativismo, a VCA foi eleita Membro do ano de 2018 pelos seus peers na <a href=\"http:\/\/irglobal.com\" target=\"_blank\" rel=\"noreferrer noopener\">IR Global<\/a>, uma rede de mais de 900 sociedades em 155 jurisdi\u00e7\u00f5es. Mais recentemente, a VCA aderiu \u00e0 <a href=\"http:\/\/grimaldilex.com\/en\/grimaldi-alliance\/\" target=\"_blank\" rel=\"noreferrer noopener\">Grimaldi Alliance<\/a>, uma rede criada pelo Grimaldi Studio Legale, uma sociedade de advogados italiana l\u00edder com sede em Mil\u00e3o, com escrit\u00f3rios e sociedades de advogados associadas em 44 jurisdi\u00e7\u00f5es na Europa, M\u00e9dio Oriente, \u00c1frica, Am\u00e9ricas e \u00c1sia.<br \/>Contribuimos para estas alian\u00e7as com a nossa pr\u00f3pria experi\u00eancia internacional e com uma forte pr\u00e1tica de projectos internacionais. A VCA \u00c1frica trabalha em v\u00e1rias jurisdi\u00e7\u00f5es africanas, no Brasil e em Timor-Leste. A VCA \u00c1frica estabeleceu uma associa\u00e7\u00e3o com uma prestigiada sociedade de advogados local na Costa do Marfim e expatriou para a sua capital econ\u00f3mica, Abidjan, a sua s\u00f3cia Vera Chala\u00e7a.<\/p>\n\n\n<div class=\"odin-buttons justify-content-end\">\n\t<a href=\"https:\/\/www.valadascoriel.com\/areas-de-pratica\/\" class=\"odin-button odin-button-link\">\n\t<span>\n\t\t<span class=\"odin-button-anchor\">A nossas \u00c1reas de Pr\u00e1tica<\/span>\n\t\t<span class=\"odin-icon odin-icon--font-awesome\"><svg xmlns=\"http:\/\/www.w3.org\/2000\/svg\" viewBox=\"0 0 448 512\"><!--! Font Awesome Pro 6.2.0 by @fontawesome - https:\/\/fontawesome.com License - https:\/\/fontawesome.com\/license (Commercial License) Copyright 2022 Fonticons, Inc. --><path d=\"M438.6 278.6c12.5-12.5 12.5-32.8 0-45.3l-160-160c-12.5-12.5-32.8-12.5-45.3 0s-12.5 32.8 0 45.3L338.8 224 32 224c-17.7 0-32 14.3-32 32s14.3 32 32 32l306.7 0L233.4 393.4c-12.5 12.5-12.5 32.8 0 45.3s32.8 12.5 45.3 0l160-160z\"><\/path><\/svg><\/span>\t<\/span>\n<\/a><\/div>\n\n\t\t\t\t<\/div>\n\t\t\t<\/div>\n\t\t<\/div>\n\t<\/div>\n<\/div><\/div>\n\n\n\n\n\n\t\t\t<\/div>\n\t\t<\/div>\n\t<\/div>\n<\/div>\n\n\n<div id=\"mb-block-a4d47ce8-3d7d-484b-a1f0-c0aecd78d6a3\" class=\"odin-group bg-white alignfull\">\n\t<div class=\"container-fluid\">\n\t\t<div class=\"row justify-content-center\">\n\t\t\t<div class=\"col-12\">\n\t\t\t\t\n\n<div id=\"mb-block-c1609450-3867-44c1-bd74-30e0e4f21d82\" class=\"odin-aside is-flipped image-cover\">\n\t<div class=\"odin-aside-default\">\n\t<div>\n\t\t<div class=\"row justify-content-between\">\n\t\t\t<div class=\"col-12 col-lg-5 order-lg-2\">\n\t\t\t\t<div class=\"odin-aside--image\">\n\t\t\t\t\t<img loading=\"lazy\" decoding=\"async\" width=\"600\" height=\"600\" src=\"https:\/\/www.valadascoriel.com\/wp-content\/uploads\/2023\/08\/THE-FIRM-CREATIVITY-VCA-2.png\" class=\"attachment-odin_large_square size-odin_large_square\" alt=\"\" srcset=\"https:\/\/www.valadascoriel.com\/wp-content\/uploads\/2023\/08\/THE-FIRM-CREATIVITY-VCA-2.png 601w, https:\/\/www.valadascoriel.com\/wp-content\/uploads\/2023\/08\/THE-FIRM-CREATIVITY-VCA-2-300x300.png 300w, https:\/\/www.valadascoriel.com\/wp-content\/uploads\/2023\/08\/THE-FIRM-CREATIVITY-VCA-2-150x150.png 150w, https:\/\/www.valadascoriel.com\/wp-content\/uploads\/2023\/08\/THE-FIRM-CREATIVITY-VCA-2-180x180.png 180w, https:\/\/www.valadascoriel.com\/wp-content\/uploads\/2023\/08\/THE-FIRM-CREATIVITY-VCA-2-380x380.png 380w\" sizes=\"auto, (max-width: 600px) 100vw, 600px\" \/>\t\t\t\t<\/div>\n\t\t\t<\/div>\n\t\t\t<div class=\"col-12 col-lg-6 order-lg-1\">\n\t\t\t\t<div class=\"odin-aside--inner\">\n\t\t\t\t\t\n\n<h2 class=\"wp-block-heading has-primary-color has-text-color\">Criatividade<\/h2>\n\n\n\n<p>Acreditamos que cada caso \u00e9 t\u00e3o \u00fanico como as pessoas neles envolvidas. Abordamos cada desafio jur\u00eddico n\u00e3o s\u00f3 com conhecimentos especializados e experi\u00eancia, mas tamb\u00e9m com uma criatividade inigual\u00e1vel que nos distingue na \u00e1rea jur\u00eddica. A nossa equipa reconhece que por detr\u00e1s de cada caso est\u00e1 uma pessoa, uma fam\u00edlia, uma empresa ou uma comunidade, dependendo da sua natureza. Assim, asseguramos que os nossos clientes permanecem no centro da nossa aten\u00e7\u00e3o, orientando cada decis\u00e3o que tomamos.<br \/>As nossas estrat\u00e9gias inovadoras s\u00e3o adaptadas \u00e0s necessidades espec\u00edficas dos nossos clientes, assegurando que os seus melhores interesses est\u00e3o sempre em primeiro plano. Para n\u00f3s, os clientes n\u00e3o s\u00e3o apenas n\u00fameros ou ficheiros, mas a pr\u00f3pria ess\u00eancia da raz\u00e3o pela qual exercemos a advocacia com tanta dedica\u00e7\u00e3o e paix\u00e3o.<\/p>\n\n\n<div class=\"odin-buttons inherit\">\n\t<a href=\"https:\/\/www.valadascoriel.com\/contato\/\" class=\"odin-button odin-button-link\">\n\t<span>\n\t\t<span class=\"odin-button-anchor\">Contacte-nos<\/span>\n\t\t<span class=\"odin-icon odin-icon--font-awesome\"><svg xmlns=\"http:\/\/www.w3.org\/2000\/svg\" viewBox=\"0 0 448 512\"><!--! Font Awesome Pro 6.2.0 by @fontawesome - https:\/\/fontawesome.com License - https:\/\/fontawesome.com\/license (Commercial License) Copyright 2022 Fonticons, Inc. --><path d=\"M438.6 278.6c12.5-12.5 12.5-32.8 0-45.3l-160-160c-12.5-12.5-32.8-12.5-45.3 0s-12.5 32.8 0 45.3L338.8 224 32 224c-17.7 0-32 14.3-32 32s14.3 32 32 32l306.7 0L233.4 393.4c-12.5 12.5-12.5 32.8 0 45.3s32.8 12.5 45.3 0l160-160z\"><\/path><\/svg><\/span>\t<\/span>\n<\/a><\/div>\n\n\t\t\t\t<\/div>\n\t\t\t<\/div>\n\t\t<\/div>\n\t<\/div>\n<\/div><\/div>\n\n\t\t\t<\/div>\n\t\t<\/div>\n\t<\/div>\n<\/div>","protected":false},"excerpt":{"rendered":"","protected":false},"author":1,"featured_media":0,"parent":0,"menu_order":0,"comment_status":"closed","ping_status":"closed","template":"","meta":{"content-type":"","footnotes":""},"class_list":["post-352","page","type-page","status-publish","hentry"],"yoast_head":"<!-- This site is optimized with the Yoast SEO Premium plugin v21.3 (Yoast SEO v26.1.1) - https:\/\/yoast.com\/wordpress\/plugins\/seo\/ -->\n<title>A Sociedade - VCA - Valadas Coriel e Associados<\/title>\n<meta name=\"robots\" content=\"index, follow, max-snippet:-1, max-image-preview:large, max-video-preview:-1\" \/>\n<link rel=\"canonical\" href=\"https:\/\/www.valadascoriel.com\/pt-pt\/sociedade\/\" \/>\n<meta property=\"og:locale\" content=\"pt_PT\" \/>\n<meta property=\"og:type\" content=\"article\" \/>\n<meta property=\"og:title\" content=\"A Sociedade\" \/>\n<meta property=\"og:url\" content=\"https:\/\/www.valadascoriel.com\/pt-pt\/sociedade\/\" \/>\n<meta property=\"og:site_name\" content=\"VCA - Valadas Coriel e Associados\" \/>\n<meta property=\"article:publisher\" content=\"https:\/\/www.facebook.com\/ValadasCoriel\/\" \/>\n<meta property=\"article:modified_time\" content=\"2024-12-03T09:27:28+00:00\" \/>\n<meta name=\"twitter:card\" content=\"summary_large_image\" \/>\n<meta name=\"twitter:site\" content=\"@valadascoriel\" \/>\n<script type=\"application\/ld+json\" class=\"yoast-schema-graph\">{\"@context\":\"https:\/\/schema.org\",\"@graph\":[{\"@type\":\"WebPage\",\"@id\":\"https:\/\/www.valadascoriel.com\/pt-pt\/sociedade\/\",\"url\":\"https:\/\/www.valadascoriel.com\/pt-pt\/sociedade\/\",\"name\":\"A Sociedade - VCA - Valadas Coriel e Associados\",\"isPartOf\":{\"@id\":\"https:\/\/www.valadascoriel.com\/#website\"},\"datePublished\":\"2023-02-21T11:15:16+00:00\",\"dateModified\":\"2024-12-03T09:27:28+00:00\",\"breadcrumb\":{\"@id\":\"https:\/\/www.valadascoriel.com\/pt-pt\/sociedade\/#breadcrumb\"},\"inLanguage\":\"pt-PT\",\"potentialAction\":[{\"@type\":\"ReadAction\",\"target\":[\"https:\/\/www.valadascoriel.com\/pt-pt\/sociedade\/\"]}]},{\"@type\":\"BreadcrumbList\",\"@id\":\"https:\/\/www.valadascoriel.com\/pt-pt\/sociedade\/#breadcrumb\",\"itemListElement\":[{\"@type\":\"ListItem\",\"position\":1,\"name\":\"In\u00edcio\",\"item\":\"https:\/\/www.valadascoriel.com\/pt-pt\/\"},{\"@type\":\"ListItem\",\"position\":2,\"name\":\"A Sociedade\"}]},{\"@type\":\"WebSite\",\"@id\":\"https:\/\/www.valadascoriel.com\/#website\",\"url\":\"https:\/\/www.valadascoriel.com\/\",\"name\":\"Valadas Coriel & Associados\",\"description\":\"A versatile legal firm combining experience, expertise &amp; creativity.\",\"publisher\":{\"@id\":\"https:\/\/www.valadascoriel.com\/#organization\"},\"potentialAction\":[{\"@type\":\"SearchAction\",\"target\":{\"@type\":\"EntryPoint\",\"urlTemplate\":\"https:\/\/www.valadascoriel.com\/?s={search_term_string}\"},\"query-input\":{\"@type\":\"PropertyValueSpecification\",\"valueRequired\":true,\"valueName\":\"search_term_string\"}}],\"inLanguage\":\"pt-PT\"},{\"@type\":\"Organization\",\"@id\":\"https:\/\/www.valadascoriel.com\/#organization\",\"name\":\"Valadas Coriel & Associados\",\"alternateName\":\"VCA\",\"url\":\"https:\/\/www.valadascoriel.com\/\",\"logo\":{\"@type\":\"ImageObject\",\"inLanguage\":\"pt-PT\",\"@id\":\"https:\/\/www.valadascoriel.com\/#\/schema\/logo\/image\/\",\"url\":\"https:\/\/www.valadascoriel.com\/wp-content\/uploads\/2023\/03\/cropped-favicon-1.png\",\"contentUrl\":\"https:\/\/www.valadascoriel.com\/wp-content\/uploads\/2023\/03\/cropped-favicon-1.png\",\"width\":512,\"height\":512,\"caption\":\"Valadas Coriel & Associados\"},\"image\":{\"@id\":\"https:\/\/www.valadascoriel.com\/#\/schema\/logo\/image\/\"},\"sameAs\":[\"https:\/\/www.facebook.com\/ValadasCoriel\/\",\"https:\/\/x.com\/valadascoriel\",\"https:\/\/pt.linkedin.com\/company\/vca-valadas-coriel-associados\",\"https:\/\/www.youtube.com\/channel\/UCic8dCFjoTtH5u890aEcW5Q\"]}]}<\/script>\n<!-- \/ Yoast SEO Premium plugin. -->","yoast_head_json":{"title":"A Sociedade - VCA - Valadas Coriel e Associados","robots":{"index":"index","follow":"follow","max-snippet":"max-snippet:-1","max-image-preview":"max-image-preview:large","max-video-preview":"max-video-preview:-1"},"canonical":"https:\/\/www.valadascoriel.com\/pt-pt\/sociedade\/","og_locale":"pt_PT","og_type":"article","og_title":"A Sociedade","og_url":"https:\/\/www.valadascoriel.com\/pt-pt\/sociedade\/","og_site_name":"VCA - Valadas Coriel e Associados","article_publisher":"https:\/\/www.facebook.com\/ValadasCoriel\/","article_modified_time":"2024-12-03T09:27:28+00:00","twitter_card":"summary_large_image","twitter_site":"@valadascoriel","schema":{"@context":"https:\/\/schema.org","@graph":[{"@type":"WebPage","@id":"https:\/\/www.valadascoriel.com\/pt-pt\/sociedade\/","url":"https:\/\/www.valadascoriel.com\/pt-pt\/sociedade\/","name":"A Sociedade - VCA - Valadas Coriel e Associados","isPartOf":{"@id":"https:\/\/www.valadascoriel.com\/#website"},"datePublished":"2023-02-21T11:15:16+00:00","dateModified":"2024-12-03T09:27:28+00:00","breadcrumb":{"@id":"https:\/\/www.valadascoriel.com\/pt-pt\/sociedade\/#breadcrumb"},"inLanguage":"pt-PT","potentialAction":[{"@type":"ReadAction","target":["https:\/\/www.valadascoriel.com\/pt-pt\/sociedade\/"]}]},{"@type":"BreadcrumbList","@id":"https:\/\/www.valadascoriel.com\/pt-pt\/sociedade\/#breadcrumb","itemListElement":[{"@type":"ListItem","position":1,"name":"In\u00edcio","item":"https:\/\/www.valadascoriel.com\/pt-pt\/"},{"@type":"ListItem","position":2,"name":"A Sociedade"}]},{"@type":"WebSite","@id":"https:\/\/www.valadascoriel.com\/#website","url":"https:\/\/www.valadascoriel.com\/","name":"Valadas Coriel & Associados","description":"A versatile legal firm combining experience, expertise &amp; creativity.","publisher":{"@id":"https:\/\/www.valadascoriel.com\/#organization"},"potentialAction":[{"@type":"SearchAction","target":{"@type":"EntryPoint","urlTemplate":"https:\/\/www.valadascoriel.com\/?s={search_term_string}"},"query-input":{"@type":"PropertyValueSpecification","valueRequired":true,"valueName":"search_term_string"}}],"inLanguage":"pt-PT"},{"@type":"Organization","@id":"https:\/\/www.valadascoriel.com\/#organization","name":"Valadas Coriel & Associados","alternateName":"VCA","url":"https:\/\/www.valadascoriel.com\/","logo":{"@type":"ImageObject","inLanguage":"pt-PT","@id":"https:\/\/www.valadascoriel.com\/#\/schema\/logo\/image\/","url":"https:\/\/www.valadascoriel.com\/wp-content\/uploads\/2023\/03\/cropped-favicon-1.png","contentUrl":"https:\/\/www.valadascoriel.com\/wp-content\/uploads\/2023\/03\/cropped-favicon-1.png","width":512,"height":512,"caption":"Valadas Coriel & Associados"},"image":{"@id":"https:\/\/www.valadascoriel.com\/#\/schema\/logo\/image\/"},"sameAs":["https:\/\/www.facebook.com\/ValadasCoriel\/","https:\/\/x.com\/valadascoriel","https:\/\/pt.linkedin.com\/company\/vca-valadas-coriel-associados","https:\/\/www.youtube.com\/channel\/UCic8dCFjoTtH5u890aEcW5Q"]}]}},"_links":{"self":[{"href":"https:\/\/www.valadascoriel.com\/pt-pt\/wp-json\/wp\/v2\/pages\/352","targetHints":{"allow":["GET"]}}],"collection":[{"href":"https:\/\/www.valadascoriel.com\/pt-pt\/wp-json\/wp\/v2\/pages"}],"about":[{"href":"https:\/\/www.valadascoriel.com\/pt-pt\/wp-json\/wp\/v2\/types\/page"}],"author":[{"embeddable":true,"href":"https:\/\/www.valadascoriel.com\/pt-pt\/wp-json\/wp\/v2\/users\/1"}],"replies":[{"embeddable":true,"href":"https:\/\/www.valadascoriel.com\/pt-pt\/wp-json\/wp\/v2\/comments?post=352"}],"version-history":[{"count":19,"href":"https:\/\/www.valadascoriel.com\/pt-pt\/wp-json\/wp\/v2\/pages\/352\/revisions"}],"predecessor-version":[{"id":16525,"href":"https:\/\/www.valadascoriel.com\/pt-pt\/wp-json\/wp\/v2\/pages\/352\/revisions\/16525"}],"wp:attachment":[{"href":"https:\/\/www.valadascoriel.com\/pt-pt\/wp-json\/wp\/v2\/media?parent=352"}],"curies":[{"name":"wp","href":"https:\/\/api.w.org\/{rel}","templated":true}]}}