{"id":382,"date":"2023-02-21T10:06:10","date_gmt":"2023-02-21T10:06:10","guid":{"rendered":"https:\/\/www.valadascoriel.com\/?page_id=382"},"modified":"2026-02-19T12:07:40","modified_gmt":"2026-02-19T12:07:40","slug":"lei-de-imigracao","status":"publish","type":"page","link":"https:\/\/www.valadascoriel.com\/pt-pt\/areas-de-pratica\/lei-de-imigracao\/","title":{"rendered":"Imigra\u00e7\u00e3o"},"content":{"rendered":"\n<div id=\"mb-block-37e46537-52bc-49a6-a422-cc4cd4c52267\" class=\"odin-group odin-pt odin-pb bg-white alignfull\">\n\t<div class=\"container-fluid\">\n\t\t<div class=\"row justify-content-center\">\n\t\t\t<div class=\"col-12\">\n\t\t\t\t\n<div class=\"wp-bootstrap-blocks-row row\">\n\t\n\n<div class=\"col-12 col-md-6\">\n\t\t\t\n\n<p>Temos um profundo conhecimento do Direito dos Estrangeiros e da Imigra\u00e7\u00e3o e uma vasta experi\u00eancia e know-how para aconselhar sobre qualquer processo de pedido de visto, fornecendo orienta\u00e7\u00e3o jur\u00eddica e pr\u00e1tica sobre a melhor rota de investimento para cada caso espec\u00edfico.<\/p>\n\n\n\n<p>A nossa equipa orienta os candidatos adequados ao longo de todas as fases das suas candidaturas, desde o atendimento aos requisitos administrativos, at\u00e9 ao aconselhamento sobre os investimentos adequados.<\/p>\n\n\t<\/div>\n\n\n\n<div class=\"col-12 col-md-6\">\n\t\t\t\n\n<h2 class=\"wp-block-heading\" id=\"h-principais-servicos\">Principais Servi\u00e7os<\/h2>\n\n\n\n<ul class=\"wp-block-list is-style-default\">\n<li>Pedido de Golden Visa<\/li>\n\n\n\n<li>Actividades de investimento do Golden Visa<\/li>\n\n\n\n<li>Pedidos de Visto D2 &#8211; Empreendedores<\/li>\n\n\n\n<li>Pedidos de Visto D7 &#8211; Rendimento passivo<\/li>\n\n\n\n<li>Pedidos de Visto D8 &#8211; N\u00f3madas Digitais<\/li>\n<\/ul>\n\n\t<\/div>\n\n<\/div>\n\n\n\t\t\t<\/div>\n\t\t<\/div>\n\t<\/div>\n<\/div>\n\n\n<div id=\"mb-block-f961fde7-4644-4d04-9613-aebc30dcdc6e\" class=\"odin-group odin-pb bg-white alignfull\">\n\t<div class=\"container-fluid\">\n\t\t<div class=\"row justify-content-center\">\n\t\t\t<div class=\"col-12\">\n\t\t\t\t\n<div class=\"wp-bootstrap-blocks-row row mb-4\">\n\t\n\n<div class=\"col-12 col-md-8\">\n\t\t\t<div class=\"h-100 d-flex flex-column justify-content-center\">\n\t\t\t\n\n<h2 class=\"wp-block-heading mb-3 mb-lg-0 has-primary-color has-text-color\" id=\"h-principais-contactos\">Principais Contactos<\/h2>\n\n\t\t<\/div>\n\t<\/div>\n\n\n\n<div class=\"col-12 col-md-4\">\n\t\t\t<div class=\"h-100 d-flex flex-column justify-content-center\">\n\t\t\t\n<div class=\"odin-buttons justify-content-end\">\n\t<a href=\"https:\/\/www.valadascoriel.com\/contact-us\/\" class=\"odin-button odin-button-link\">\n\t<span>\n\t\t<span class=\"odin-button-anchor\">Contacte a nossa equipa<\/span>\n\t\t<span class=\"odin-icon odin-icon--font-awesome\"><svg xmlns=\"http:\/\/www.w3.org\/2000\/svg\" viewBox=\"0 0 448 512\"><!--! Font Awesome Pro 6.2.0 by @fontawesome - https:\/\/fontawesome.com License - https:\/\/fontawesome.com\/license (Commercial License) Copyright 2022 Fonticons, Inc. --><path d=\"M438.6 278.6c12.5-12.5 12.5-32.8 0-45.3l-160-160c-12.5-12.5-32.8-12.5-45.3 0s-12.5 32.8 0 45.3L338.8 224 32 224c-17.7 0-32 14.3-32 32s14.3 32 32 32l306.7 0L233.4 393.4c-12.5 12.5-12.5 32.8 0 45.3s32.8 12.5 45.3 0l160-160z\"><\/path><\/svg><\/span>\t<\/span>\n<\/a><\/div>\n\t\t<\/div>\n\t<\/div>\n\n<\/div>\n\n\n<div class=\"wp-bootstrap-blocks-row row\">\n\t\n\n<div class=\"col-12 col-md-4\">\n\t\t\t\n<div class=\"odin-card odin-card-person-default\">\n\t<div class=\"odin-card-image\">\n\t\t<img loading=\"lazy\" decoding=\"async\" width=\"600\" height=\"600\" src=\"https:\/\/www.valadascoriel.com\/wp-content\/uploads\/2025\/05\/PVC_PATRICIA-VALADAS-CORIEL_2025-600x600.png\" class=\"attachment-odin_large_square size-odin_large_square\" alt=\"Patricia\" srcset=\"https:\/\/www.valadascoriel.com\/wp-content\/uploads\/2025\/05\/PVC_PATRICIA-VALADAS-CORIEL_2025-600x600.png 600w, https:\/\/www.valadascoriel.com\/wp-content\/uploads\/2025\/05\/PVC_PATRICIA-VALADAS-CORIEL_2025-300x300.png 300w, https:\/\/www.valadascoriel.com\/wp-content\/uploads\/2025\/05\/PVC_PATRICIA-VALADAS-CORIEL_2025-1024x1024.png 1024w, https:\/\/www.valadascoriel.com\/wp-content\/uploads\/2025\/05\/PVC_PATRICIA-VALADAS-CORIEL_2025-150x150.png 150w, https:\/\/www.valadascoriel.com\/wp-content\/uploads\/2025\/05\/PVC_PATRICIA-VALADAS-CORIEL_2025-768x768.png 768w, https:\/\/www.valadascoriel.com\/wp-content\/uploads\/2025\/05\/PVC_PATRICIA-VALADAS-CORIEL_2025-180x180.png 180w, https:\/\/www.valadascoriel.com\/wp-content\/uploads\/2025\/05\/PVC_PATRICIA-VALADAS-CORIEL_2025-380x380.png 380w, https:\/\/www.valadascoriel.com\/wp-content\/uploads\/2025\/05\/PVC_PATRICIA-VALADAS-CORIEL_2025.png 1200w\" sizes=\"auto, (max-width: 600px) 100vw, 600px\" \/>\t<\/div>\n\t<div class=\"odin-card-body\">\n\t\t\t\t<p class=\"role\">S\u00f3cia<\/p>\t\t\t\t<h3>\n\t\t\t<a class=\"stretched-link\" href=\"https:\/\/www.valadascoriel.com\/pt-pt\/sociedade\/equipa\/patricia-valadas-coriel\/\">Patricia<\/a>\n\t\t<\/h3>\n\t\t\t<\/div>\n<\/div>\n\t<\/div>\n\n\n\n<div class=\"col-12 col-md-4\">\n\t\t\t\n<div class=\"odin-card odin-card-person-default\">\n\t<div class=\"odin-card-image\">\n\t\t<img loading=\"lazy\" decoding=\"async\" width=\"600\" height=\"600\" src=\"https:\/\/www.valadascoriel.com\/wp-content\/uploads\/2023\/08\/VCC_VANDA-CARREIRO_2023-600x600.png\" class=\"attachment-odin_large_square size-odin_large_square\" alt=\"Vanda Carreiro\" srcset=\"https:\/\/www.valadascoriel.com\/wp-content\/uploads\/2023\/08\/VCC_VANDA-CARREIRO_2023-600x600.png 600w, https:\/\/www.valadascoriel.com\/wp-content\/uploads\/2023\/08\/VCC_VANDA-CARREIRO_2023-300x300.png 300w, https:\/\/www.valadascoriel.com\/wp-content\/uploads\/2023\/08\/VCC_VANDA-CARREIRO_2023-1024x1024.png 1024w, https:\/\/www.valadascoriel.com\/wp-content\/uploads\/2023\/08\/VCC_VANDA-CARREIRO_2023-150x150.png 150w, https:\/\/www.valadascoriel.com\/wp-content\/uploads\/2023\/08\/VCC_VANDA-CARREIRO_2023-768x768.png 768w, https:\/\/www.valadascoriel.com\/wp-content\/uploads\/2023\/08\/VCC_VANDA-CARREIRO_2023-180x180.png 180w, https:\/\/www.valadascoriel.com\/wp-content\/uploads\/2023\/08\/VCC_VANDA-CARREIRO_2023-380x380.png 380w, https:\/\/www.valadascoriel.com\/wp-content\/uploads\/2023\/08\/VCC_VANDA-CARREIRO_2023.png 1200w\" sizes=\"auto, (max-width: 600px) 100vw, 600px\" \/>\t<\/div>\n\t<div class=\"odin-card-body\">\n\t\t<p class=\"role_filter d-none\">Paralegals<\/p>\t\t<p class=\"role\">Diretora de Departamento<\/p>\t\t\t\t<h3>\n\t\t\t<a class=\"stretched-link\" href=\"https:\/\/www.valadascoriel.com\/pt-pt\/sociedade\/equipa\/vanda-carreiro\/\">Vanda Carreiro<\/a>\n\t\t<\/h3>\n\t\t\t<\/div>\n<\/div>\n\t<\/div>\n\n\n\n<div class=\"col-12 col-md-4\">\n\t\t\t\t<\/div>\n\n<\/div>\n\n\n\t\t\t<\/div>\n\t\t<\/div>\n\t<\/div>\n<\/div>","protected":false},"excerpt":{"rendered":"","protected":false},"author":1,"featured_media":17090,"parent":401,"menu_order":4,"comment_status":"closed","ping_status":"closed","template":"","meta":{"content-type":"","footnotes":""},"class_list":["post-382","page","type-page","status-publish","has-post-thumbnail","hentry"],"yoast_head":"<!-- This site is optimized with the Yoast SEO Premium plugin v21.3 (Yoast SEO v26.1.1) - https:\/\/yoast.com\/wordpress\/plugins\/seo\/ -->\n<title>Imigra\u00e7\u00e3o - VCA - Valadas Coriel e Associados<\/title>\n<meta name=\"robots\" content=\"index, follow, max-snippet:-1, max-image-preview:large, max-video-preview:-1\" \/>\n<link rel=\"canonical\" href=\"https:\/\/www.valadascoriel.com\/pt-pt\/areas-de-pratica\/lei-de-imigracao\/\" \/>\n<meta property=\"og:locale\" content=\"pt_PT\" \/>\n<meta property=\"og:type\" content=\"article\" \/>\n<meta property=\"og:title\" content=\"Imigra\u00e7\u00e3o\" \/>\n<meta property=\"og:url\" content=\"https:\/\/www.valadascoriel.com\/pt-pt\/areas-de-pratica\/lei-de-imigracao\/\" \/>\n<meta property=\"og:site_name\" content=\"VCA - Valadas Coriel e Associados\" \/>\n<meta property=\"article:publisher\" content=\"https:\/\/www.facebook.com\/ValadasCoriel\/\" \/>\n<meta property=\"article:modified_time\" content=\"2026-02-19T12:07:40+00:00\" \/>\n<meta property=\"og:image\" content=\"https:\/\/www.valadascoriel.com\/wp-content\/uploads\/2025\/07\/VCA-Immigration-1024x576.png\" \/>\n\t<meta property=\"og:image:width\" content=\"1024\" \/>\n\t<meta property=\"og:image:height\" content=\"576\" \/>\n\t<meta property=\"og:image:type\" content=\"image\/png\" \/>\n<meta name=\"twitter:card\" content=\"summary_large_image\" \/>\n<meta name=\"twitter:site\" content=\"@valadascoriel\" \/>\n<meta name=\"twitter:label1\" content=\"Tempo estimado de leitura\" \/>\n\t<meta name=\"twitter:data1\" content=\"1 minuto\" \/>\n<script type=\"application\/ld+json\" class=\"yoast-schema-graph\">{\"@context\":\"https:\/\/schema.org\",\"@graph\":[{\"@type\":\"WebPage\",\"@id\":\"https:\/\/www.valadascoriel.com\/pt-pt\/areas-de-pratica\/lei-de-imigracao\/\",\"url\":\"https:\/\/www.valadascoriel.com\/pt-pt\/areas-de-pratica\/lei-de-imigracao\/\",\"name\":\"Imigra\u00e7\u00e3o - VCA - Valadas Coriel e Associados\",\"isPartOf\":{\"@id\":\"https:\/\/www.valadascoriel.com\/#website\"},\"primaryImageOfPage\":{\"@id\":\"https:\/\/www.valadascoriel.com\/pt-pt\/areas-de-pratica\/lei-de-imigracao\/#primaryimage\"},\"image\":{\"@id\":\"https:\/\/www.valadascoriel.com\/pt-pt\/areas-de-pratica\/lei-de-imigracao\/#primaryimage\"},\"thumbnailUrl\":\"https:\/\/www.valadascoriel.com\/wp-content\/uploads\/2025\/07\/VCA-Immigration.png\",\"datePublished\":\"2023-02-21T10:06:10+00:00\",\"dateModified\":\"2026-02-19T12:07:40+00:00\",\"breadcrumb\":{\"@id\":\"https:\/\/www.valadascoriel.com\/pt-pt\/areas-de-pratica\/lei-de-imigracao\/#breadcrumb\"},\"inLanguage\":\"pt-PT\",\"potentialAction\":[{\"@type\":\"ReadAction\",\"target\":[\"https:\/\/www.valadascoriel.com\/pt-pt\/areas-de-pratica\/lei-de-imigracao\/\"]}]},{\"@type\":\"ImageObject\",\"inLanguage\":\"pt-PT\",\"@id\":\"https:\/\/www.valadascoriel.com\/pt-pt\/areas-de-pratica\/lei-de-imigracao\/#primaryimage\",\"url\":\"https:\/\/www.valadascoriel.com\/wp-content\/uploads\/2025\/07\/VCA-Immigration.png\",\"contentUrl\":\"https:\/\/www.valadascoriel.com\/wp-content\/uploads\/2025\/07\/VCA-Immigration.png\",\"width\":2240,\"height\":1260},{\"@type\":\"BreadcrumbList\",\"@id\":\"https:\/\/www.valadascoriel.com\/pt-pt\/areas-de-pratica\/lei-de-imigracao\/#breadcrumb\",\"itemListElement\":[{\"@type\":\"ListItem\",\"position\":1,\"name\":\"In\u00edcio\",\"item\":\"https:\/\/www.valadascoriel.com\/pt-pt\/\"},{\"@type\":\"ListItem\",\"position\":2,\"name\":\"\u00c1reas de Pr\u00e1tica\",\"item\":\"https:\/\/www.valadascoriel.com\/pt-pt\/areas-de-pratica\/\"},{\"@type\":\"ListItem\",\"position\":3,\"name\":\"Imigra\u00e7\u00e3o\"}]},{\"@type\":\"WebSite\",\"@id\":\"https:\/\/www.valadascoriel.com\/#website\",\"url\":\"https:\/\/www.valadascoriel.com\/\",\"name\":\"Valadas Coriel & Associados\",\"description\":\"A versatile legal firm combining experience, expertise &amp; creativity.\",\"publisher\":{\"@id\":\"https:\/\/www.valadascoriel.com\/#organization\"},\"potentialAction\":[{\"@type\":\"SearchAction\",\"target\":{\"@type\":\"EntryPoint\",\"urlTemplate\":\"https:\/\/www.valadascoriel.com\/?s={search_term_string}\"},\"query-input\":{\"@type\":\"PropertyValueSpecification\",\"valueRequired\":true,\"valueName\":\"search_term_string\"}}],\"inLanguage\":\"pt-PT\"},{\"@type\":\"Organization\",\"@id\":\"https:\/\/www.valadascoriel.com\/#organization\",\"name\":\"Valadas Coriel & Associados\",\"alternateName\":\"VCA\",\"url\":\"https:\/\/www.valadascoriel.com\/\",\"logo\":{\"@type\":\"ImageObject\",\"inLanguage\":\"pt-PT\",\"@id\":\"https:\/\/www.valadascoriel.com\/#\/schema\/logo\/image\/\",\"url\":\"https:\/\/www.valadascoriel.com\/wp-content\/uploads\/2023\/03\/cropped-favicon-1.png\",\"contentUrl\":\"https:\/\/www.valadascoriel.com\/wp-content\/uploads\/2023\/03\/cropped-favicon-1.png\",\"width\":512,\"height\":512,\"caption\":\"Valadas Coriel & Associados\"},\"image\":{\"@id\":\"https:\/\/www.valadascoriel.com\/#\/schema\/logo\/image\/\"},\"sameAs\":[\"https:\/\/www.facebook.com\/ValadasCoriel\/\",\"https:\/\/x.com\/valadascoriel\",\"https:\/\/pt.linkedin.com\/company\/vca-valadas-coriel-associados\",\"https:\/\/www.youtube.com\/channel\/UCic8dCFjoTtH5u890aEcW5Q\"]}]}<\/script>\n<!-- \/ Yoast SEO Premium plugin. -->","yoast_head_json":{"title":"Imigra\u00e7\u00e3o - VCA - Valadas Coriel e Associados","robots":{"index":"index","follow":"follow","max-snippet":"max-snippet:-1","max-image-preview":"max-image-preview:large","max-video-preview":"max-video-preview:-1"},"canonical":"https:\/\/www.valadascoriel.com\/pt-pt\/areas-de-pratica\/lei-de-imigracao\/","og_locale":"pt_PT","og_type":"article","og_title":"Imigra\u00e7\u00e3o","og_url":"https:\/\/www.valadascoriel.com\/pt-pt\/areas-de-pratica\/lei-de-imigracao\/","og_site_name":"VCA - Valadas Coriel e Associados","article_publisher":"https:\/\/www.facebook.com\/ValadasCoriel\/","article_modified_time":"2026-02-19T12:07:40+00:00","og_image":[{"width":1024,"height":576,"url":"https:\/\/www.valadascoriel.com\/wp-content\/uploads\/2025\/07\/VCA-Immigration-1024x576.png","type":"image\/png"}],"twitter_card":"summary_large_image","twitter_site":"@valadascoriel","twitter_misc":{"Tempo estimado de leitura":"1 minuto"},"schema":{"@context":"https:\/\/schema.org","@graph":[{"@type":"WebPage","@id":"https:\/\/www.valadascoriel.com\/pt-pt\/areas-de-pratica\/lei-de-imigracao\/","url":"https:\/\/www.valadascoriel.com\/pt-pt\/areas-de-pratica\/lei-de-imigracao\/","name":"Imigra\u00e7\u00e3o - VCA - Valadas Coriel e Associados","isPartOf":{"@id":"https:\/\/www.valadascoriel.com\/#website"},"primaryImageOfPage":{"@id":"https:\/\/www.valadascoriel.com\/pt-pt\/areas-de-pratica\/lei-de-imigracao\/#primaryimage"},"image":{"@id":"https:\/\/www.valadascoriel.com\/pt-pt\/areas-de-pratica\/lei-de-imigracao\/#primaryimage"},"thumbnailUrl":"https:\/\/www.valadascoriel.com\/wp-content\/uploads\/2025\/07\/VCA-Immigration.png","datePublished":"2023-02-21T10:06:10+00:00","dateModified":"2026-02-19T12:07:40+00:00","breadcrumb":{"@id":"https:\/\/www.valadascoriel.com\/pt-pt\/areas-de-pratica\/lei-de-imigracao\/#breadcrumb"},"inLanguage":"pt-PT","potentialAction":[{"@type":"ReadAction","target":["https:\/\/www.valadascoriel.com\/pt-pt\/areas-de-pratica\/lei-de-imigracao\/"]}]},{"@type":"ImageObject","inLanguage":"pt-PT","@id":"https:\/\/www.valadascoriel.com\/pt-pt\/areas-de-pratica\/lei-de-imigracao\/#primaryimage","url":"https:\/\/www.valadascoriel.com\/wp-content\/uploads\/2025\/07\/VCA-Immigration.png","contentUrl":"https:\/\/www.valadascoriel.com\/wp-content\/uploads\/2025\/07\/VCA-Immigration.png","width":2240,"height":1260},{"@type":"BreadcrumbList","@id":"https:\/\/www.valadascoriel.com\/pt-pt\/areas-de-pratica\/lei-de-imigracao\/#breadcrumb","itemListElement":[{"@type":"ListItem","position":1,"name":"In\u00edcio","item":"https:\/\/www.valadascoriel.com\/pt-pt\/"},{"@type":"ListItem","position":2,"name":"\u00c1reas de Pr\u00e1tica","item":"https:\/\/www.valadascoriel.com\/pt-pt\/areas-de-pratica\/"},{"@type":"ListItem","position":3,"name":"Imigra\u00e7\u00e3o"}]},{"@type":"WebSite","@id":"https:\/\/www.valadascoriel.com\/#website","url":"https:\/\/www.valadascoriel.com\/","name":"Valadas Coriel & Associados","description":"A versatile legal firm combining experience, expertise &amp; creativity.","publisher":{"@id":"https:\/\/www.valadascoriel.com\/#organization"},"potentialAction":[{"@type":"SearchAction","target":{"@type":"EntryPoint","urlTemplate":"https:\/\/www.valadascoriel.com\/?s={search_term_string}"},"query-input":{"@type":"PropertyValueSpecification","valueRequired":true,"valueName":"search_term_string"}}],"inLanguage":"pt-PT"},{"@type":"Organization","@id":"https:\/\/www.valadascoriel.com\/#organization","name":"Valadas Coriel & Associados","alternateName":"VCA","url":"https:\/\/www.valadascoriel.com\/","logo":{"@type":"ImageObject","inLanguage":"pt-PT","@id":"https:\/\/www.valadascoriel.com\/#\/schema\/logo\/image\/","url":"https:\/\/www.valadascoriel.com\/wp-content\/uploads\/2023\/03\/cropped-favicon-1.png","contentUrl":"https:\/\/www.valadascoriel.com\/wp-content\/uploads\/2023\/03\/cropped-favicon-1.png","width":512,"height":512,"caption":"Valadas Coriel & Associados"},"image":{"@id":"https:\/\/www.valadascoriel.com\/#\/schema\/logo\/image\/"},"sameAs":["https:\/\/www.facebook.com\/ValadasCoriel\/","https:\/\/x.com\/valadascoriel","https:\/\/pt.linkedin.com\/company\/vca-valadas-coriel-associados","https:\/\/www.youtube.com\/channel\/UCic8dCFjoTtH5u890aEcW5Q"]}]}},"_links":{"self":[{"href":"https:\/\/www.valadascoriel.com\/pt-pt\/wp-json\/wp\/v2\/pages\/382","targetHints":{"allow":["GET"]}}],"collection":[{"href":"https:\/\/www.valadascoriel.com\/pt-pt\/wp-json\/wp\/v2\/pages"}],"about":[{"href":"https:\/\/www.valadascoriel.com\/pt-pt\/wp-json\/wp\/v2\/types\/page"}],"author":[{"embeddable":true,"href":"https:\/\/www.valadascoriel.com\/pt-pt\/wp-json\/wp\/v2\/users\/1"}],"replies":[{"embeddable":true,"href":"https:\/\/www.valadascoriel.com\/pt-pt\/wp-json\/wp\/v2\/comments?post=382"}],"version-history":[{"count":22,"href":"https:\/\/www.valadascoriel.com\/pt-pt\/wp-json\/wp\/v2\/pages\/382\/revisions"}],"predecessor-version":[{"id":17537,"href":"https:\/\/www.valadascoriel.com\/pt-pt\/wp-json\/wp\/v2\/pages\/382\/revisions\/17537"}],"up":[{"embeddable":true,"href":"https:\/\/www.valadascoriel.com\/pt-pt\/wp-json\/wp\/v2\/pages\/401"}],"wp:featuredmedia":[{"embeddable":true,"href":"https:\/\/www.valadascoriel.com\/pt-pt\/wp-json\/wp\/v2\/media\/17090"}],"wp:attachment":[{"href":"https:\/\/www.valadascoriel.com\/pt-pt\/wp-json\/wp\/v2\/media?parent=382"}],"curies":[{"name":"wp","href":"https:\/\/api.w.org\/{rel}","templated":true}]}}