{"id":388,"date":"2023-02-21T10:06:11","date_gmt":"2023-02-21T10:06:11","guid":{"rendered":"https:\/\/www.valadascoriel.com\/?page_id=388"},"modified":"2025-07-29T12:19:08","modified_gmt":"2025-07-29T12:19:08","slug":"riqueza-privada","status":"publish","type":"page","link":"https:\/\/www.valadascoriel.com\/pt-pt\/areas-de-pratica\/riqueza-privada\/","title":{"rendered":"Private Wealth"},"content":{"rendered":"\n<div id=\"mb-block-6f7514e8-25b7-4691-bfc6-f65bf2c7f5bf\" class=\"odin-group odin-pt odin-pb bg-white alignfull\">\n\t<div class=\"container-fluid\">\n\t\t<div class=\"row justify-content-center\">\n\t\t\t<div class=\"col-12\">\n\t\t\t\t\n\n<h2 class=\"wp-block-heading\"><strong>Aconselhamento jur\u00eddico de confian\u00e7a para indiv\u00edduos, fam\u00edlias e os seus patrim\u00f3nios<\/strong><strong>.<\/strong><\/h2>\n\n\n\n<p>Na VCA, assessoramos indiv\u00edduos com elevado patrim\u00f3nio, empresas familiares e <em>family offices<\/em> na estrutura\u00e7\u00e3o legal e fiscal dos seus bens, neg\u00f3cios e sucess\u00f5es. A nossa interven\u00e7\u00e3o acompanha v\u00e1rias gera\u00e7\u00f5es e jurisdi\u00e7\u00f5es, sempre com clareza, discri\u00e7\u00e3o e uma vis\u00e3o de longo prazo.<\/p>\n\n\n\n<p>Sabemos que patrim\u00f3nio privado \u00e9 mais do que ativos \u2014 s\u00e3o rela\u00e7\u00f5es, hist\u00f3rias e legado. A nossa equipa oferece um apoio jur\u00eddico personalizado e pragm\u00e1tico, desde o planeamento fiscal e sucess\u00f3rio internacional at\u00e9 ao investimento imobili\u00e1rio, \u00e0 estrutura\u00e7\u00e3o de empresas familiares e \u00e0 resolu\u00e7\u00e3o de quest\u00f5es familiares complexas.<\/p>\n\n\n\n<p>Se est\u00e1 a planear mudar-se para Portugal, gerir um patrim\u00f3nio internacional ou preparar a transi\u00e7\u00e3o de uma empresa familiar, somos o seu parceiro jur\u00eddico de confian\u00e7a \u2014 ajudando a navegar cada passo com seguran\u00e7a e aten\u00e7\u00e3o.<\/p>\n\n\n\n<p><strong>Presen\u00e7a Internacional<\/strong><br \/>Como membro do IRGlobal, do Law &amp; Numbers, e outras networks, a VCA colabora com uma rede de profissionais de refer\u00eancia em mais de 155 jurisdi\u00e7\u00f5es. Estas rela\u00e7\u00f5es permite-nos coordenar aconselhamento internacional com precis\u00e3o e agilidade, apoiando clientes com ativos internacionais, estruturas fiscais complexas e planos de realoca\u00e7\u00e3o para Portugal.<\/p>\n\n\n\t\t\t<\/div>\n\t\t<\/div>\n\t<\/div>\n<\/div>\n\n\n<div id=\"mb-block-39351c43-877d-4d32-9b2a-277b0896f052\" class=\"odin-group odin-pb bg-white alignfull\">\n\t<div class=\"container-fluid\">\n\t\t<div class=\"row justify-content-center\">\n\t\t\t<div class=\"col-12\">\n\t\t\t\t\n\n<h3 class=\"wp-block-heading has-primary-color has-text-color has-link-color wp-elements-ca07f70f6f71ca723ec9f4ad1742e4f0\"><strong>Principais Servi\u00e7os<\/strong><\/h3>\n\n\n<div class=\"wp-bootstrap-blocks-row row\">\n\t\n\n<div class=\"col-12 col-md-6\">\n\t\t\t\n\n<p><strong>Planeamento e Estrutura\u00e7\u00e3o Fiscal<\/strong><br \/>Planeamento fiscal nacional e internacional, otimiza\u00e7\u00e3o e cumprimento de obriga\u00e7\u00f5es para indiv\u00edduos e fam\u00edlias.<\/p>\n\n\n\n<p><strong>Planeamento Sucess\u00f3rio e Heran\u00e7as<\/strong><br \/>Testamentos, doa\u00e7\u00f5es e estruturas sucess\u00f3rias para proteger o patrim\u00f3nio familiar e garantir a continuidade.<\/p>\n\n\n\n<p><strong>Investimento Imobili\u00e1rio<\/strong><br \/>Apoio jur\u00eddico e fiscal na compra, gest\u00e3o e venda de im\u00f3veis em Portugal.<\/p>\n\n\n\n<p><strong>Empresas Familiares<\/strong><br \/>Assessoria na governa\u00e7\u00e3o, estrutura\u00e7\u00e3o e sucess\u00e3o de neg\u00f3cios familiares.<\/p>\n\n\t<\/div>\n\n\n\n<div class=\"col-12 col-md-6\">\n\t\t\t\n\n<p><strong>Realoca\u00e7\u00e3o e Imigra\u00e7\u00e3o<\/strong><br \/>Acompanhamento completo de indiv\u00edduos e fam\u00edlias que se estabelecem em Portugal.<\/p>\n\n\n\n<p><strong>Direito da Fam\u00edlia e Lit\u00edgios<\/strong><br \/>Resolu\u00e7\u00e3o de disputas relacionadas com heran\u00e7as, separa\u00e7\u00f5es, div\u00f3rcios e outras mat\u00e9rias familiares, nacionais ou internacionais.<\/p>\n\n\n\n<p><strong>Pens\u00f5es e Seguran\u00e7a Social<\/strong><br \/>Consultoria sobre contribui\u00e7\u00f5es, regimes de pens\u00f5es e coordena\u00e7\u00e3o internacional.<\/p>\n\n\n\n<p><strong>Propriedade Intelectual e Arte<\/strong><br \/>Prote\u00e7\u00e3o e estrutura\u00e7\u00e3o de cole\u00e7\u00f5es de arte e ativos intang\u00edveis de natureza pessoal ou familiar.<\/p>\n\n\t<\/div>\n\n<\/div>\n\n\n\t\t\t<\/div>\n\t\t<\/div>\n\t<\/div>\n<\/div>\n\n\n<div id=\"mb-block-99726d61-a9c6-43e1-837d-e54c83587349\" class=\"odin-group odin-pb bg-white alignfull\">\n\t<div class=\"container-fluid\">\n\t\t<div class=\"row justify-content-center\">\n\t\t\t<div class=\"col-12\">\n\t\t\t\t\n<div class=\"wp-bootstrap-blocks-row row mb-4\">\n\t\n\n<div class=\"col-12 col-md-8\">\n\t\t\t<div class=\"h-100 d-flex flex-column justify-content-center\">\n\t\t\t\n\n<h2 class=\"wp-block-heading mb-3 mb-lg-0 has-primary-color has-text-color\">Principais Contactos<\/h2>\n\n\t\t<\/div>\n\t<\/div>\n\n\n\n<div class=\"col-12 col-md-4\">\n\t\t\t<div class=\"h-100 d-flex flex-column justify-content-center\">\n\t\t\t\t\t<\/div>\n\t<\/div>\n\n<\/div>\n\n\n<div class=\"wp-bootstrap-blocks-row row\">\n\t\n\n<div class=\"col-12 col-md-4\">\n\t\t\t\n<div class=\"odin-card odin-card-person-default\">\n\t<div class=\"odin-card-image\">\n\t\t<img loading=\"lazy\" decoding=\"async\" width=\"600\" height=\"600\" src=\"https:\/\/www.valadascoriel.com\/wp-content\/uploads\/2023\/08\/JVC_JOAO-CORIEL_2023-600x600.png\" class=\"attachment-odin_large_square size-odin_large_square\" alt=\"Jo\u00e3o Valadas Coriel\" srcset=\"https:\/\/www.valadascoriel.com\/wp-content\/uploads\/2023\/08\/JVC_JOAO-CORIEL_2023-600x600.png 600w, https:\/\/www.valadascoriel.com\/wp-content\/uploads\/2023\/08\/JVC_JOAO-CORIEL_2023-300x300.png 300w, https:\/\/www.valadascoriel.com\/wp-content\/uploads\/2023\/08\/JVC_JOAO-CORIEL_2023-1024x1024.png 1024w, https:\/\/www.valadascoriel.com\/wp-content\/uploads\/2023\/08\/JVC_JOAO-CORIEL_2023-150x150.png 150w, https:\/\/www.valadascoriel.com\/wp-content\/uploads\/2023\/08\/JVC_JOAO-CORIEL_2023-768x768.png 768w, https:\/\/www.valadascoriel.com\/wp-content\/uploads\/2023\/08\/JVC_JOAO-CORIEL_2023-180x180.png 180w, https:\/\/www.valadascoriel.com\/wp-content\/uploads\/2023\/08\/JVC_JOAO-CORIEL_2023-380x380.png 380w, https:\/\/www.valadascoriel.com\/wp-content\/uploads\/2023\/08\/JVC_JOAO-CORIEL_2023.png 1200w\" sizes=\"auto, (max-width: 600px) 100vw, 600px\" \/>\t<\/div>\n\t<div class=\"odin-card-body\">\n\t\t\t\t<p class=\"role\">Managing Partner<\/p>\t\t\t\t<h3>\n\t\t\t<a class=\"stretched-link\" href=\"https:\/\/www.valadascoriel.com\/pt-pt\/sociedade\/equipa\/joao-valadas-coriel\/\">Jo\u00e3o Valadas Coriel<\/a>\n\t\t<\/h3>\n\t\t\t<\/div>\n<\/div>\n\t<\/div>\n\n\n\n<div class=\"col-12 col-md-4\">\n\t\t\t\n<div class=\"odin-card odin-card-person-default\">\n\t<div class=\"odin-card-image\">\n\t\t<img loading=\"lazy\" decoding=\"async\" width=\"600\" height=\"600\" src=\"https:\/\/www.valadascoriel.com\/wp-content\/uploads\/2023\/09\/SQ_SOFIA-QUENTAL-2_2023-600x600.png\" class=\"attachment-odin_large_square size-odin_large_square\" alt=\"Sofia Quental\" srcset=\"https:\/\/www.valadascoriel.com\/wp-content\/uploads\/2023\/09\/SQ_SOFIA-QUENTAL-2_2023-600x600.png 600w, https:\/\/www.valadascoriel.com\/wp-content\/uploads\/2023\/09\/SQ_SOFIA-QUENTAL-2_2023-300x300.png 300w, https:\/\/www.valadascoriel.com\/wp-content\/uploads\/2023\/09\/SQ_SOFIA-QUENTAL-2_2023-1024x1024.png 1024w, https:\/\/www.valadascoriel.com\/wp-content\/uploads\/2023\/09\/SQ_SOFIA-QUENTAL-2_2023-150x150.png 150w, https:\/\/www.valadascoriel.com\/wp-content\/uploads\/2023\/09\/SQ_SOFIA-QUENTAL-2_2023-768x768.png 768w, https:\/\/www.valadascoriel.com\/wp-content\/uploads\/2023\/09\/SQ_SOFIA-QUENTAL-2_2023-180x180.png 180w, https:\/\/www.valadascoriel.com\/wp-content\/uploads\/2023\/09\/SQ_SOFIA-QUENTAL-2_2023-380x380.png 380w, https:\/\/www.valadascoriel.com\/wp-content\/uploads\/2023\/09\/SQ_SOFIA-QUENTAL-2_2023.png 1200w\" sizes=\"auto, (max-width: 600px) 100vw, 600px\" \/>\t<\/div>\n\t<div class=\"odin-card-body\">\n\t\t\t\t<p class=\"role\">S\u00f3cia<\/p>\t\t\t\t<h3>\n\t\t\t<a class=\"stretched-link\" href=\"https:\/\/www.valadascoriel.com\/pt-pt\/sociedade\/equipa\/sofia-quental\/\">Sofia Quental<\/a>\n\t\t<\/h3>\n\t\t\t<\/div>\n<\/div>\n\t<\/div>\n\n\n\n<div class=\"col-12 col-md-4\">\n\t\t\t\t<\/div>\n\n<\/div>\n\n\n\n<div style=\"height:100px\" aria-hidden=\"true\" class=\"wp-block-spacer\"><\/div>\n\n\n<div class=\"wp-bootstrap-blocks-row row\">\n\t\n\n<div class=\"col-12 col-md-8\">\n\t\t\t\n\n<h3 class=\"wp-block-heading\"><strong>Se procura uma equipa jur\u00eddica experiente, atenta e de confian\u00e7a para gerir, proteger ou transferir o seu patrim\u00f3nio \u2014 em Portugal ou noutros pa\u00edses \u2014&nbsp;estamos aqui para o apoiar.<\/strong><\/h3>\n\n\t<\/div>\n\n\n\n<div class=\"col-12 col-md-4\">\n\t\t\t<div class=\"h-100 d-flex flex-column justify-content-end\">\n\t\t\t\n<div class=\"odin-buttons justify-content-end\">\n\t<a href=\"https:\/\/www.valadascoriel.com\/pt-pt\/contato\/\" class=\"odin-button odin-button-primary\">\n\t<span>\n\t\t<span class=\"odin-button-anchor\">Contacte a nossa equipa<\/span>\n\t<\/span>\n<\/a><\/div>\n\t\t<\/div>\n\t<\/div>\n\n<\/div>\n\n\n\t\t\t<\/div>\n\t\t<\/div>\n\t<\/div>\n<\/div>","protected":false},"excerpt":{"rendered":"","protected":false},"author":1,"featured_media":17098,"parent":401,"menu_order":5,"comment_status":"closed","ping_status":"closed","template":"","meta":{"content-type":"","footnotes":""},"class_list":["post-388","page","type-page","status-publish","has-post-thumbnail","hentry"],"yoast_head":"<!-- This site is optimized with the Yoast SEO Premium plugin v21.3 (Yoast SEO v26.1.1) - https:\/\/yoast.com\/wordpress\/plugins\/seo\/ -->\n<title>Private Wealth - VCA - Valadas Coriel e Associados<\/title>\n<meta name=\"robots\" content=\"index, follow, max-snippet:-1, max-image-preview:large, max-video-preview:-1\" \/>\n<link rel=\"canonical\" href=\"https:\/\/www.valadascoriel.com\/pt-pt\/areas-de-pratica\/riqueza-privada\/\" \/>\n<meta property=\"og:locale\" content=\"pt_PT\" \/>\n<meta property=\"og:type\" content=\"article\" \/>\n<meta property=\"og:title\" content=\"Private Wealth\" \/>\n<meta property=\"og:url\" content=\"https:\/\/www.valadascoriel.com\/pt-pt\/areas-de-pratica\/riqueza-privada\/\" \/>\n<meta property=\"og:site_name\" content=\"VCA - Valadas Coriel e Associados\" \/>\n<meta property=\"article:publisher\" content=\"https:\/\/www.facebook.com\/ValadasCoriel\/\" \/>\n<meta property=\"article:modified_time\" content=\"2025-07-29T12:19:08+00:00\" \/>\n<meta property=\"og:image\" content=\"https:\/\/www.valadascoriel.com\/wp-content\/uploads\/2025\/07\/VCA-Private-Wealth-1024x576.png\" \/>\n\t<meta property=\"og:image:width\" content=\"1024\" \/>\n\t<meta property=\"og:image:height\" content=\"576\" \/>\n\t<meta property=\"og:image:type\" content=\"image\/png\" \/>\n<meta name=\"twitter:card\" content=\"summary_large_image\" \/>\n<meta name=\"twitter:site\" content=\"@valadascoriel\" \/>\n<meta name=\"twitter:label1\" content=\"Tempo estimado de leitura\" \/>\n\t<meta name=\"twitter:data1\" content=\"2 minutos\" \/>\n<script type=\"application\/ld+json\" class=\"yoast-schema-graph\">{\"@context\":\"https:\/\/schema.org\",\"@graph\":[{\"@type\":\"WebPage\",\"@id\":\"https:\/\/www.valadascoriel.com\/pt-pt\/areas-de-pratica\/riqueza-privada\/\",\"url\":\"https:\/\/www.valadascoriel.com\/pt-pt\/areas-de-pratica\/riqueza-privada\/\",\"name\":\"Private Wealth - VCA - Valadas Coriel e Associados\",\"isPartOf\":{\"@id\":\"https:\/\/www.valadascoriel.com\/#website\"},\"primaryImageOfPage\":{\"@id\":\"https:\/\/www.valadascoriel.com\/pt-pt\/areas-de-pratica\/riqueza-privada\/#primaryimage\"},\"image\":{\"@id\":\"https:\/\/www.valadascoriel.com\/pt-pt\/areas-de-pratica\/riqueza-privada\/#primaryimage\"},\"thumbnailUrl\":\"https:\/\/www.valadascoriel.com\/wp-content\/uploads\/2025\/07\/VCA-Private-Wealth.png\",\"datePublished\":\"2023-02-21T10:06:11+00:00\",\"dateModified\":\"2025-07-29T12:19:08+00:00\",\"breadcrumb\":{\"@id\":\"https:\/\/www.valadascoriel.com\/pt-pt\/areas-de-pratica\/riqueza-privada\/#breadcrumb\"},\"inLanguage\":\"pt-PT\",\"potentialAction\":[{\"@type\":\"ReadAction\",\"target\":[\"https:\/\/www.valadascoriel.com\/pt-pt\/areas-de-pratica\/riqueza-privada\/\"]}]},{\"@type\":\"ImageObject\",\"inLanguage\":\"pt-PT\",\"@id\":\"https:\/\/www.valadascoriel.com\/pt-pt\/areas-de-pratica\/riqueza-privada\/#primaryimage\",\"url\":\"https:\/\/www.valadascoriel.com\/wp-content\/uploads\/2025\/07\/VCA-Private-Wealth.png\",\"contentUrl\":\"https:\/\/www.valadascoriel.com\/wp-content\/uploads\/2025\/07\/VCA-Private-Wealth.png\",\"width\":2240,\"height\":1260},{\"@type\":\"BreadcrumbList\",\"@id\":\"https:\/\/www.valadascoriel.com\/pt-pt\/areas-de-pratica\/riqueza-privada\/#breadcrumb\",\"itemListElement\":[{\"@type\":\"ListItem\",\"position\":1,\"name\":\"In\u00edcio\",\"item\":\"https:\/\/www.valadascoriel.com\/pt-pt\/\"},{\"@type\":\"ListItem\",\"position\":2,\"name\":\"\u00c1reas de Pr\u00e1tica\",\"item\":\"https:\/\/www.valadascoriel.com\/pt-pt\/areas-de-pratica\/\"},{\"@type\":\"ListItem\",\"position\":3,\"name\":\"Private Wealth\"}]},{\"@type\":\"WebSite\",\"@id\":\"https:\/\/www.valadascoriel.com\/#website\",\"url\":\"https:\/\/www.valadascoriel.com\/\",\"name\":\"Valadas Coriel & Associados\",\"description\":\"A versatile legal firm combining experience, expertise &amp; creativity.\",\"publisher\":{\"@id\":\"https:\/\/www.valadascoriel.com\/#organization\"},\"potentialAction\":[{\"@type\":\"SearchAction\",\"target\":{\"@type\":\"EntryPoint\",\"urlTemplate\":\"https:\/\/www.valadascoriel.com\/?s={search_term_string}\"},\"query-input\":{\"@type\":\"PropertyValueSpecification\",\"valueRequired\":true,\"valueName\":\"search_term_string\"}}],\"inLanguage\":\"pt-PT\"},{\"@type\":\"Organization\",\"@id\":\"https:\/\/www.valadascoriel.com\/#organization\",\"name\":\"Valadas Coriel & Associados\",\"alternateName\":\"VCA\",\"url\":\"https:\/\/www.valadascoriel.com\/\",\"logo\":{\"@type\":\"ImageObject\",\"inLanguage\":\"pt-PT\",\"@id\":\"https:\/\/www.valadascoriel.com\/#\/schema\/logo\/image\/\",\"url\":\"https:\/\/www.valadascoriel.com\/wp-content\/uploads\/2023\/03\/cropped-favicon-1.png\",\"contentUrl\":\"https:\/\/www.valadascoriel.com\/wp-content\/uploads\/2023\/03\/cropped-favicon-1.png\",\"width\":512,\"height\":512,\"caption\":\"Valadas Coriel & Associados\"},\"image\":{\"@id\":\"https:\/\/www.valadascoriel.com\/#\/schema\/logo\/image\/\"},\"sameAs\":[\"https:\/\/www.facebook.com\/ValadasCoriel\/\",\"https:\/\/x.com\/valadascoriel\",\"https:\/\/pt.linkedin.com\/company\/vca-valadas-coriel-associados\",\"https:\/\/www.youtube.com\/channel\/UCic8dCFjoTtH5u890aEcW5Q\"]}]}<\/script>\n<!-- \/ Yoast SEO Premium plugin. -->","yoast_head_json":{"title":"Private Wealth - VCA - Valadas Coriel e Associados","robots":{"index":"index","follow":"follow","max-snippet":"max-snippet:-1","max-image-preview":"max-image-preview:large","max-video-preview":"max-video-preview:-1"},"canonical":"https:\/\/www.valadascoriel.com\/pt-pt\/areas-de-pratica\/riqueza-privada\/","og_locale":"pt_PT","og_type":"article","og_title":"Private Wealth","og_url":"https:\/\/www.valadascoriel.com\/pt-pt\/areas-de-pratica\/riqueza-privada\/","og_site_name":"VCA - Valadas Coriel e Associados","article_publisher":"https:\/\/www.facebook.com\/ValadasCoriel\/","article_modified_time":"2025-07-29T12:19:08+00:00","og_image":[{"width":1024,"height":576,"url":"https:\/\/www.valadascoriel.com\/wp-content\/uploads\/2025\/07\/VCA-Private-Wealth-1024x576.png","type":"image\/png"}],"twitter_card":"summary_large_image","twitter_site":"@valadascoriel","twitter_misc":{"Tempo estimado de leitura":"2 minutos"},"schema":{"@context":"https:\/\/schema.org","@graph":[{"@type":"WebPage","@id":"https:\/\/www.valadascoriel.com\/pt-pt\/areas-de-pratica\/riqueza-privada\/","url":"https:\/\/www.valadascoriel.com\/pt-pt\/areas-de-pratica\/riqueza-privada\/","name":"Private Wealth - VCA - Valadas Coriel e Associados","isPartOf":{"@id":"https:\/\/www.valadascoriel.com\/#website"},"primaryImageOfPage":{"@id":"https:\/\/www.valadascoriel.com\/pt-pt\/areas-de-pratica\/riqueza-privada\/#primaryimage"},"image":{"@id":"https:\/\/www.valadascoriel.com\/pt-pt\/areas-de-pratica\/riqueza-privada\/#primaryimage"},"thumbnailUrl":"https:\/\/www.valadascoriel.com\/wp-content\/uploads\/2025\/07\/VCA-Private-Wealth.png","datePublished":"2023-02-21T10:06:11+00:00","dateModified":"2025-07-29T12:19:08+00:00","breadcrumb":{"@id":"https:\/\/www.valadascoriel.com\/pt-pt\/areas-de-pratica\/riqueza-privada\/#breadcrumb"},"inLanguage":"pt-PT","potentialAction":[{"@type":"ReadAction","target":["https:\/\/www.valadascoriel.com\/pt-pt\/areas-de-pratica\/riqueza-privada\/"]}]},{"@type":"ImageObject","inLanguage":"pt-PT","@id":"https:\/\/www.valadascoriel.com\/pt-pt\/areas-de-pratica\/riqueza-privada\/#primaryimage","url":"https:\/\/www.valadascoriel.com\/wp-content\/uploads\/2025\/07\/VCA-Private-Wealth.png","contentUrl":"https:\/\/www.valadascoriel.com\/wp-content\/uploads\/2025\/07\/VCA-Private-Wealth.png","width":2240,"height":1260},{"@type":"BreadcrumbList","@id":"https:\/\/www.valadascoriel.com\/pt-pt\/areas-de-pratica\/riqueza-privada\/#breadcrumb","itemListElement":[{"@type":"ListItem","position":1,"name":"In\u00edcio","item":"https:\/\/www.valadascoriel.com\/pt-pt\/"},{"@type":"ListItem","position":2,"name":"\u00c1reas de Pr\u00e1tica","item":"https:\/\/www.valadascoriel.com\/pt-pt\/areas-de-pratica\/"},{"@type":"ListItem","position":3,"name":"Private Wealth"}]},{"@type":"WebSite","@id":"https:\/\/www.valadascoriel.com\/#website","url":"https:\/\/www.valadascoriel.com\/","name":"Valadas Coriel & Associados","description":"A versatile legal firm combining experience, expertise &amp; creativity.","publisher":{"@id":"https:\/\/www.valadascoriel.com\/#organization"},"potentialAction":[{"@type":"SearchAction","target":{"@type":"EntryPoint","urlTemplate":"https:\/\/www.valadascoriel.com\/?s={search_term_string}"},"query-input":{"@type":"PropertyValueSpecification","valueRequired":true,"valueName":"search_term_string"}}],"inLanguage":"pt-PT"},{"@type":"Organization","@id":"https:\/\/www.valadascoriel.com\/#organization","name":"Valadas Coriel & Associados","alternateName":"VCA","url":"https:\/\/www.valadascoriel.com\/","logo":{"@type":"ImageObject","inLanguage":"pt-PT","@id":"https:\/\/www.valadascoriel.com\/#\/schema\/logo\/image\/","url":"https:\/\/www.valadascoriel.com\/wp-content\/uploads\/2023\/03\/cropped-favicon-1.png","contentUrl":"https:\/\/www.valadascoriel.com\/wp-content\/uploads\/2023\/03\/cropped-favicon-1.png","width":512,"height":512,"caption":"Valadas Coriel & Associados"},"image":{"@id":"https:\/\/www.valadascoriel.com\/#\/schema\/logo\/image\/"},"sameAs":["https:\/\/www.facebook.com\/ValadasCoriel\/","https:\/\/x.com\/valadascoriel","https:\/\/pt.linkedin.com\/company\/vca-valadas-coriel-associados","https:\/\/www.youtube.com\/channel\/UCic8dCFjoTtH5u890aEcW5Q"]}]}},"_links":{"self":[{"href":"https:\/\/www.valadascoriel.com\/pt-pt\/wp-json\/wp\/v2\/pages\/388","targetHints":{"allow":["GET"]}}],"collection":[{"href":"https:\/\/www.valadascoriel.com\/pt-pt\/wp-json\/wp\/v2\/pages"}],"about":[{"href":"https:\/\/www.valadascoriel.com\/pt-pt\/wp-json\/wp\/v2\/types\/page"}],"author":[{"embeddable":true,"href":"https:\/\/www.valadascoriel.com\/pt-pt\/wp-json\/wp\/v2\/users\/1"}],"replies":[{"embeddable":true,"href":"https:\/\/www.valadascoriel.com\/pt-pt\/wp-json\/wp\/v2\/comments?post=388"}],"version-history":[{"count":22,"href":"https:\/\/www.valadascoriel.com\/pt-pt\/wp-json\/wp\/v2\/pages\/388\/revisions"}],"predecessor-version":[{"id":17143,"href":"https:\/\/www.valadascoriel.com\/pt-pt\/wp-json\/wp\/v2\/pages\/388\/revisions\/17143"}],"up":[{"embeddable":true,"href":"https:\/\/www.valadascoriel.com\/pt-pt\/wp-json\/wp\/v2\/pages\/401"}],"wp:featuredmedia":[{"embeddable":true,"href":"https:\/\/www.valadascoriel.com\/pt-pt\/wp-json\/wp\/v2\/media\/17098"}],"wp:attachment":[{"href":"https:\/\/www.valadascoriel.com\/pt-pt\/wp-json\/wp\/v2\/media?parent=388"}],"curies":[{"name":"wp","href":"https:\/\/api.w.org\/{rel}","templated":true}]}}