{"id":401,"date":"2023-02-21T10:06:10","date_gmt":"2023-02-21T10:06:10","guid":{"rendered":"https:\/\/www.valadascoriel.com\/?page_id=401"},"modified":"2025-07-23T15:08:41","modified_gmt":"2025-07-23T15:08:41","slug":"areas-de-pratica","status":"publish","type":"page","link":"https:\/\/www.valadascoriel.com\/pt-pt\/areas-de-pratica\/","title":{"rendered":"\u00c1reas de Pr\u00e1tica"},"content":{"rendered":"\n<div style=\"height:40px\" aria-hidden=\"true\" class=\"wp-block-spacer\"><\/div>\n\n\n<div class=\"wp-bootstrap-blocks-row row\">\n\t\n\n<div class=\"col-12 col-md-6\">\n\t\t\t\n\n<p class=\"has-primary-color has-text-color\">A VCA tornou-se uma sociedade de advogados polim\u00e1ticos, com compet\u00eancias em \u00e1reas de pr\u00e1tica especializadas, mas que tamb\u00e9m se dedicam a outras \u00e1reas do direito que s\u00e3o intersectoriais com as nossas \u00e1reas de especializa\u00e7\u00e3o.<br \/>A nossa equipa de 25 advogados combina experi\u00eancia, antecipa\u00e7\u00e3o, criatividade e determina\u00e7\u00e3o, oferecendo aos clientes um conjunto de compet\u00eancias e recursos para os mais variados projectos, tanto a n\u00edvel nacional como internacional.<\/p>\n\n\t<\/div>\n\n\n\n<div class=\"col-12 col-md-6\">\n\t\t\t\n\n<p>Procuramos mergulhar nos seus casos. Queremos ser os seus conselheiros de confian\u00e7a, ser considerados n\u00e3o s\u00f3 advogados mas tamb\u00e9m parceiros fi\u00e1veis.<br \/>Os nossos advogados fazem um grande esfor\u00e7o para manter uma liga\u00e7\u00e3o de proximidade com os clientes que lhes s\u00e3o atribu\u00eddos. <strong>Na VCA, nunca se sentir\u00e1 apenas um n\u00famero.<\/strong><br \/>O nosso principal objetivo \u00e9 resolver cada caso utilizando solu\u00e7\u00f5es criativas e inovadoras. Aceitamos desafios. Somos resilientes por princ\u00edpio, maioritariamente conciliadores e sempre determinados.<\/p>\n\n\t<\/div>\n\n<\/div>\n\n\n\n<div style=\"height:20px\" aria-hidden=\"true\" class=\"wp-block-spacer\"><\/div>\n\n\n\n<hr class=\"wp-block-separator has-text-color has-primary-color has-alpha-channel-opacity has-primary-background-color has-background is-style-wide\"\/>\n\n\n\n<div style=\"height:20px\" aria-hidden=\"true\" class=\"wp-block-spacer\"><\/div>\n\n\n\n<div id=\"mb-block-6b7e79ff-2635-4cc5-8171-3683f5ef8a7e\" class=\"odin-group bg-white alignfull\">\n\t<div class=\"container-fluid\">\n\t\t<div class=\"row justify-content-center\">\n\t\t\t<div class=\"col-12\">\n\t\t\t\t\n<div class=\"row\"><div class=\"col-12 col-sm-6 col-lg-4 mb-4\"><div class=\"odin-card odin-card-page-default\">\n\t<div class=\"odin-card-image\">\n\t\t<img loading=\"lazy\" decoding=\"async\" width=\"600\" height=\"600\" src=\"https:\/\/www.valadascoriel.com\/wp-content\/uploads\/2025\/07\/VCA-Corporate-600x600.png\" class=\"attachment-odin_large_square size-odin_large_square\" alt=\"Societ\u00e1rio\" srcset=\"https:\/\/www.valadascoriel.com\/wp-content\/uploads\/2025\/07\/VCA-Corporate-600x600.png 600w, https:\/\/www.valadascoriel.com\/wp-content\/uploads\/2025\/07\/VCA-Corporate-150x150.png 150w, https:\/\/www.valadascoriel.com\/wp-content\/uploads\/2025\/07\/VCA-Corporate-380x380.png 380w\" sizes=\"auto, (max-width: 600px) 100vw, 600px\" \/>\t<\/div>\n\t<div class=\"odin-card-body\">\n\t\t\t\t<h3>\n\t\t\t<a class=\"stretched-link\" href=\"https:\/\/www.valadascoriel.com\/pt-pt\/areas-de-pratica\/corporativa\/\">Societ\u00e1rio<\/a>\n\t\t<\/h3>\n\t\t\t<\/div>\n<\/div><\/div><div class=\"col-12 col-sm-6 col-lg-4 mb-4\"><div class=\"odin-card odin-card-page-default\">\n\t<div class=\"odin-card-image\">\n\t\t<img loading=\"lazy\" decoding=\"async\" width=\"600\" height=\"600\" src=\"https:\/\/www.valadascoriel.com\/wp-content\/uploads\/2025\/07\/VCA-Dispute-Resolution-600x600.png\" class=\"attachment-odin_large_square size-odin_large_square\" alt=\"Contencioso\" srcset=\"https:\/\/www.valadascoriel.com\/wp-content\/uploads\/2025\/07\/VCA-Dispute-Resolution-600x600.png 600w, https:\/\/www.valadascoriel.com\/wp-content\/uploads\/2025\/07\/VCA-Dispute-Resolution-150x150.png 150w, https:\/\/www.valadascoriel.com\/wp-content\/uploads\/2025\/07\/VCA-Dispute-Resolution-380x380.png 380w\" sizes=\"auto, (max-width: 600px) 100vw, 600px\" \/>\t<\/div>\n\t<div class=\"odin-card-body\">\n\t\t\t\t<h3>\n\t\t\t<a class=\"stretched-link\" href=\"https:\/\/www.valadascoriel.com\/pt-pt\/areas-de-pratica\/resolucao-de-litigios-contencioso\/\">Contencioso<\/a>\n\t\t<\/h3>\n\t\t\t<\/div>\n<\/div><\/div><div class=\"col-12 col-sm-6 col-lg-4 mb-4\"><div class=\"odin-card odin-card-page-default\">\n\t<div class=\"odin-card-image\">\n\t\t<img loading=\"lazy\" decoding=\"async\" width=\"600\" height=\"600\" src=\"https:\/\/www.valadascoriel.com\/wp-content\/uploads\/2025\/07\/VCA-Maritime-Yatch-Law-600x600.png\" class=\"attachment-odin_large_square size-odin_large_square\" alt=\"Direito Mar\u00edtimo e de Iates\" srcset=\"https:\/\/www.valadascoriel.com\/wp-content\/uploads\/2025\/07\/VCA-Maritime-Yatch-Law-600x600.png 600w, https:\/\/www.valadascoriel.com\/wp-content\/uploads\/2025\/07\/VCA-Maritime-Yatch-Law-150x150.png 150w, https:\/\/www.valadascoriel.com\/wp-content\/uploads\/2025\/07\/VCA-Maritime-Yatch-Law-380x380.png 380w\" sizes=\"auto, (max-width: 600px) 100vw, 600px\" \/>\t<\/div>\n\t<div class=\"odin-card-body\">\n\t\t\t\t<h3>\n\t\t\t<a class=\"stretched-link\" href=\"https:\/\/www.valadascoriel.com\/pt-pt\/areas-de-pratica\/direito-maritimo-e-de-iates\/\">Direito Mar\u00edtimo e de Iates<\/a>\n\t\t<\/h3>\n\t\t\t<\/div>\n<\/div><\/div><div class=\"col-12 col-sm-6 col-lg-4 mb-4\"><div class=\"odin-card odin-card-page-default\">\n\t<div class=\"odin-card-image\">\n\t\t<img loading=\"lazy\" decoding=\"async\" width=\"600\" height=\"600\" src=\"https:\/\/www.valadascoriel.com\/wp-content\/uploads\/2025\/07\/VCA-Immigration-600x600.png\" class=\"attachment-odin_large_square size-odin_large_square\" alt=\"Imigra\u00e7\u00e3o\" srcset=\"https:\/\/www.valadascoriel.com\/wp-content\/uploads\/2025\/07\/VCA-Immigration-600x600.png 600w, https:\/\/www.valadascoriel.com\/wp-content\/uploads\/2025\/07\/VCA-Immigration-150x150.png 150w, https:\/\/www.valadascoriel.com\/wp-content\/uploads\/2025\/07\/VCA-Immigration-380x380.png 380w\" sizes=\"auto, (max-width: 600px) 100vw, 600px\" \/>\t<\/div>\n\t<div class=\"odin-card-body\">\n\t\t\t\t<h3>\n\t\t\t<a class=\"stretched-link\" href=\"https:\/\/www.valadascoriel.com\/pt-pt\/areas-de-pratica\/lei-de-imigracao\/\">Imigra\u00e7\u00e3o<\/a>\n\t\t<\/h3>\n\t\t\t<\/div>\n<\/div><\/div><div class=\"col-12 col-sm-6 col-lg-4 mb-4\"><div class=\"odin-card odin-card-page-default\">\n\t<div class=\"odin-card-image\">\n\t\t<img loading=\"lazy\" decoding=\"async\" width=\"600\" height=\"600\" src=\"https:\/\/www.valadascoriel.com\/wp-content\/uploads\/2025\/07\/VCA-Insolvency-PEAR-PEAP-1-600x600.png\" class=\"attachment-odin_large_square size-odin_large_square\" alt=\"Insolv\u00eancia, PER e PEAP\" srcset=\"https:\/\/www.valadascoriel.com\/wp-content\/uploads\/2025\/07\/VCA-Insolvency-PEAR-PEAP-1-600x600.png 600w, https:\/\/www.valadascoriel.com\/wp-content\/uploads\/2025\/07\/VCA-Insolvency-PEAR-PEAP-1-150x150.png 150w, https:\/\/www.valadascoriel.com\/wp-content\/uploads\/2025\/07\/VCA-Insolvency-PEAR-PEAP-1-380x380.png 380w\" sizes=\"auto, (max-width: 600px) 100vw, 600px\" \/>\t<\/div>\n\t<div class=\"odin-card-body\">\n\t\t\t\t<h3>\n\t\t\t<a class=\"stretched-link\" href=\"https:\/\/www.valadascoriel.com\/pt-pt\/areas-de-pratica\/insolvencia-per-e-peap\/\">Insolv\u00eancia, PER e PEAP<\/a>\n\t\t<\/h3>\n\t\t\t<\/div>\n<\/div><\/div><div class=\"col-12 col-sm-6 col-lg-4 mb-4\"><div class=\"odin-card odin-card-page-default\">\n\t<div class=\"odin-card-image\">\n\t\t<img loading=\"lazy\" decoding=\"async\" width=\"600\" height=\"600\" src=\"https:\/\/www.valadascoriel.com\/wp-content\/uploads\/2025\/07\/VCA-Labour-600x600.png\" class=\"attachment-odin_large_square size-odin_large_square\" alt=\"Laboral\" srcset=\"https:\/\/www.valadascoriel.com\/wp-content\/uploads\/2025\/07\/VCA-Labour-600x600.png 600w, https:\/\/www.valadascoriel.com\/wp-content\/uploads\/2025\/07\/VCA-Labour-150x150.png 150w, https:\/\/www.valadascoriel.com\/wp-content\/uploads\/2025\/07\/VCA-Labour-380x380.png 380w\" sizes=\"auto, (max-width: 600px) 100vw, 600px\" \/>\t<\/div>\n\t<div class=\"odin-card-body\">\n\t\t\t\t<h3>\n\t\t\t<a class=\"stretched-link\" href=\"https:\/\/www.valadascoriel.com\/pt-pt\/areas-de-pratica\/lei-trabalhista\/\">Laboral<\/a>\n\t\t<\/h3>\n\t\t\t<\/div>\n<\/div><\/div><div class=\"col-12 col-sm-6 col-lg-4 mb-4\"><div class=\"odin-card odin-card-page-default\">\n\t<div class=\"odin-card-image\">\n\t\t<img loading=\"lazy\" decoding=\"async\" width=\"600\" height=\"600\" src=\"https:\/\/www.valadascoriel.com\/wp-content\/uploads\/2025\/07\/VCA-Private-Wealth-600x600.png\" class=\"attachment-odin_large_square size-odin_large_square\" alt=\"Private Wealth\" srcset=\"https:\/\/www.valadascoriel.com\/wp-content\/uploads\/2025\/07\/VCA-Private-Wealth-600x600.png 600w, https:\/\/www.valadascoriel.com\/wp-content\/uploads\/2025\/07\/VCA-Private-Wealth-150x150.png 150w, https:\/\/www.valadascoriel.com\/wp-content\/uploads\/2025\/07\/VCA-Private-Wealth-380x380.png 380w\" sizes=\"auto, (max-width: 600px) 100vw, 600px\" \/>\t<\/div>\n\t<div class=\"odin-card-body\">\n\t\t\t\t<h3>\n\t\t\t<a class=\"stretched-link\" href=\"https:\/\/www.valadascoriel.com\/pt-pt\/areas-de-pratica\/riqueza-privada\/\">Private Wealth<\/a>\n\t\t<\/h3>\n\t\t\t<\/div>\n<\/div><\/div><div class=\"col-12 col-sm-6 col-lg-4 mb-4\"><div class=\"odin-card odin-card-page-default\">\n\t<div class=\"odin-card-image\">\n\t\t<img loading=\"lazy\" decoding=\"async\" width=\"600\" height=\"600\" src=\"https:\/\/www.valadascoriel.com\/wp-content\/uploads\/2025\/07\/VCA-Real-Estate-600x600.png\" class=\"attachment-odin_large_square size-odin_large_square\" alt=\"Imobili\u00e1rio\" srcset=\"https:\/\/www.valadascoriel.com\/wp-content\/uploads\/2025\/07\/VCA-Real-Estate-600x600.png 600w, https:\/\/www.valadascoriel.com\/wp-content\/uploads\/2025\/07\/VCA-Real-Estate-150x150.png 150w, https:\/\/www.valadascoriel.com\/wp-content\/uploads\/2025\/07\/VCA-Real-Estate-380x380.png 380w\" sizes=\"auto, (max-width: 600px) 100vw, 600px\" \/>\t<\/div>\n\t<div class=\"odin-card-body\">\n\t\t\t\t<h3>\n\t\t\t<a class=\"stretched-link\" href=\"https:\/\/www.valadascoriel.com\/pt-pt\/areas-de-pratica\/imobiliario\/\">Imobili\u00e1rio<\/a>\n\t\t<\/h3>\n\t\t\t<\/div>\n<\/div><\/div><div class=\"col-12 col-sm-6 col-lg-4 mb-4\"><div class=\"odin-card odin-card-page-default\">\n\t<div class=\"odin-card-image\">\n\t\t<img loading=\"lazy\" decoding=\"async\" width=\"600\" height=\"600\" src=\"https:\/\/www.valadascoriel.com\/wp-content\/uploads\/2025\/07\/VCA-Tax-Law-600x600.png\" class=\"attachment-odin_large_square size-odin_large_square\" alt=\"Fiscal\" srcset=\"https:\/\/www.valadascoriel.com\/wp-content\/uploads\/2025\/07\/VCA-Tax-Law-600x600.png 600w, https:\/\/www.valadascoriel.com\/wp-content\/uploads\/2025\/07\/VCA-Tax-Law-150x150.png 150w, https:\/\/www.valadascoriel.com\/wp-content\/uploads\/2025\/07\/VCA-Tax-Law-380x380.png 380w\" sizes=\"auto, (max-width: 600px) 100vw, 600px\" \/>\t<\/div>\n\t<div class=\"odin-card-body\">\n\t\t\t\t<h3>\n\t\t\t<a class=\"stretched-link\" href=\"https:\/\/www.valadascoriel.com\/pt-pt\/areas-de-pratica\/lei-de-imposto\/\">Fiscal<\/a>\n\t\t<\/h3>\n\t\t\t<\/div>\n<\/div><\/div><\/div>\n\n\t\t\t<\/div>\n\t\t<\/div>\n\t<\/div>\n<\/div>","protected":false},"excerpt":{"rendered":"","protected":false},"author":1,"featured_media":0,"parent":0,"menu_order":0,"comment_status":"closed","ping_status":"closed","template":"","meta":{"content-type":"","footnotes":""},"class_list":["post-401","page","type-page","status-publish","hentry"],"yoast_head":"<!-- This site is optimized with the Yoast SEO Premium plugin v21.3 (Yoast SEO v26.1.1) - https:\/\/yoast.com\/wordpress\/plugins\/seo\/ -->\n<title>\u00c1reas de Pr\u00e1tica - VCA - Valadas Coriel e Associados<\/title>\n<meta name=\"robots\" content=\"index, follow, max-snippet:-1, max-image-preview:large, max-video-preview:-1\" \/>\n<link rel=\"canonical\" href=\"https:\/\/www.valadascoriel.com\/pt-pt\/areas-de-pratica\/\" \/>\n<meta property=\"og:locale\" content=\"pt_PT\" \/>\n<meta property=\"og:type\" content=\"article\" \/>\n<meta property=\"og:title\" content=\"\u00c1reas de Pr\u00e1tica\" \/>\n<meta property=\"og:url\" content=\"https:\/\/www.valadascoriel.com\/pt-pt\/areas-de-pratica\/\" \/>\n<meta property=\"og:site_name\" content=\"VCA - Valadas Coriel e Associados\" \/>\n<meta property=\"article:publisher\" content=\"https:\/\/www.facebook.com\/ValadasCoriel\/\" \/>\n<meta property=\"article:modified_time\" content=\"2025-07-23T15:08:41+00:00\" \/>\n<meta name=\"twitter:card\" content=\"summary_large_image\" \/>\n<meta name=\"twitter:site\" content=\"@valadascoriel\" \/>\n<meta name=\"twitter:label1\" content=\"Tempo estimado de leitura\" \/>\n\t<meta name=\"twitter:data1\" content=\"1 minuto\" \/>\n<script type=\"application\/ld+json\" class=\"yoast-schema-graph\">{\"@context\":\"https:\/\/schema.org\",\"@graph\":[{\"@type\":\"WebPage\",\"@id\":\"https:\/\/www.valadascoriel.com\/pt-pt\/areas-de-pratica\/\",\"url\":\"https:\/\/www.valadascoriel.com\/pt-pt\/areas-de-pratica\/\",\"name\":\"\u00c1reas de Pr\u00e1tica - VCA - Valadas Coriel e Associados\",\"isPartOf\":{\"@id\":\"https:\/\/www.valadascoriel.com\/#website\"},\"datePublished\":\"2023-02-21T10:06:10+00:00\",\"dateModified\":\"2025-07-23T15:08:41+00:00\",\"breadcrumb\":{\"@id\":\"https:\/\/www.valadascoriel.com\/pt-pt\/areas-de-pratica\/#breadcrumb\"},\"inLanguage\":\"pt-PT\",\"potentialAction\":[{\"@type\":\"ReadAction\",\"target\":[\"https:\/\/www.valadascoriel.com\/pt-pt\/areas-de-pratica\/\"]}]},{\"@type\":\"BreadcrumbList\",\"@id\":\"https:\/\/www.valadascoriel.com\/pt-pt\/areas-de-pratica\/#breadcrumb\",\"itemListElement\":[{\"@type\":\"ListItem\",\"position\":1,\"name\":\"In\u00edcio\",\"item\":\"https:\/\/www.valadascoriel.com\/pt-pt\/\"},{\"@type\":\"ListItem\",\"position\":2,\"name\":\"\u00c1reas de Pr\u00e1tica\"}]},{\"@type\":\"WebSite\",\"@id\":\"https:\/\/www.valadascoriel.com\/#website\",\"url\":\"https:\/\/www.valadascoriel.com\/\",\"name\":\"Valadas Coriel & Associados\",\"description\":\"A versatile legal firm combining experience, expertise &amp; creativity.\",\"publisher\":{\"@id\":\"https:\/\/www.valadascoriel.com\/#organization\"},\"potentialAction\":[{\"@type\":\"SearchAction\",\"target\":{\"@type\":\"EntryPoint\",\"urlTemplate\":\"https:\/\/www.valadascoriel.com\/?s={search_term_string}\"},\"query-input\":{\"@type\":\"PropertyValueSpecification\",\"valueRequired\":true,\"valueName\":\"search_term_string\"}}],\"inLanguage\":\"pt-PT\"},{\"@type\":\"Organization\",\"@id\":\"https:\/\/www.valadascoriel.com\/#organization\",\"name\":\"Valadas Coriel & Associados\",\"alternateName\":\"VCA\",\"url\":\"https:\/\/www.valadascoriel.com\/\",\"logo\":{\"@type\":\"ImageObject\",\"inLanguage\":\"pt-PT\",\"@id\":\"https:\/\/www.valadascoriel.com\/#\/schema\/logo\/image\/\",\"url\":\"https:\/\/www.valadascoriel.com\/wp-content\/uploads\/2023\/03\/cropped-favicon-1.png\",\"contentUrl\":\"https:\/\/www.valadascoriel.com\/wp-content\/uploads\/2023\/03\/cropped-favicon-1.png\",\"width\":512,\"height\":512,\"caption\":\"Valadas Coriel & Associados\"},\"image\":{\"@id\":\"https:\/\/www.valadascoriel.com\/#\/schema\/logo\/image\/\"},\"sameAs\":[\"https:\/\/www.facebook.com\/ValadasCoriel\/\",\"https:\/\/x.com\/valadascoriel\",\"https:\/\/pt.linkedin.com\/company\/vca-valadas-coriel-associados\",\"https:\/\/www.youtube.com\/channel\/UCic8dCFjoTtH5u890aEcW5Q\"]}]}<\/script>\n<!-- \/ Yoast SEO Premium plugin. -->","yoast_head_json":{"title":"\u00c1reas de Pr\u00e1tica - VCA - Valadas Coriel e Associados","robots":{"index":"index","follow":"follow","max-snippet":"max-snippet:-1","max-image-preview":"max-image-preview:large","max-video-preview":"max-video-preview:-1"},"canonical":"https:\/\/www.valadascoriel.com\/pt-pt\/areas-de-pratica\/","og_locale":"pt_PT","og_type":"article","og_title":"\u00c1reas de Pr\u00e1tica","og_url":"https:\/\/www.valadascoriel.com\/pt-pt\/areas-de-pratica\/","og_site_name":"VCA - Valadas Coriel e Associados","article_publisher":"https:\/\/www.facebook.com\/ValadasCoriel\/","article_modified_time":"2025-07-23T15:08:41+00:00","twitter_card":"summary_large_image","twitter_site":"@valadascoriel","twitter_misc":{"Tempo estimado de leitura":"1 minuto"},"schema":{"@context":"https:\/\/schema.org","@graph":[{"@type":"WebPage","@id":"https:\/\/www.valadascoriel.com\/pt-pt\/areas-de-pratica\/","url":"https:\/\/www.valadascoriel.com\/pt-pt\/areas-de-pratica\/","name":"\u00c1reas de Pr\u00e1tica - VCA - Valadas Coriel e Associados","isPartOf":{"@id":"https:\/\/www.valadascoriel.com\/#website"},"datePublished":"2023-02-21T10:06:10+00:00","dateModified":"2025-07-23T15:08:41+00:00","breadcrumb":{"@id":"https:\/\/www.valadascoriel.com\/pt-pt\/areas-de-pratica\/#breadcrumb"},"inLanguage":"pt-PT","potentialAction":[{"@type":"ReadAction","target":["https:\/\/www.valadascoriel.com\/pt-pt\/areas-de-pratica\/"]}]},{"@type":"BreadcrumbList","@id":"https:\/\/www.valadascoriel.com\/pt-pt\/areas-de-pratica\/#breadcrumb","itemListElement":[{"@type":"ListItem","position":1,"name":"In\u00edcio","item":"https:\/\/www.valadascoriel.com\/pt-pt\/"},{"@type":"ListItem","position":2,"name":"\u00c1reas de Pr\u00e1tica"}]},{"@type":"WebSite","@id":"https:\/\/www.valadascoriel.com\/#website","url":"https:\/\/www.valadascoriel.com\/","name":"Valadas Coriel & Associados","description":"A versatile legal firm combining experience, expertise &amp; creativity.","publisher":{"@id":"https:\/\/www.valadascoriel.com\/#organization"},"potentialAction":[{"@type":"SearchAction","target":{"@type":"EntryPoint","urlTemplate":"https:\/\/www.valadascoriel.com\/?s={search_term_string}"},"query-input":{"@type":"PropertyValueSpecification","valueRequired":true,"valueName":"search_term_string"}}],"inLanguage":"pt-PT"},{"@type":"Organization","@id":"https:\/\/www.valadascoriel.com\/#organization","name":"Valadas Coriel & Associados","alternateName":"VCA","url":"https:\/\/www.valadascoriel.com\/","logo":{"@type":"ImageObject","inLanguage":"pt-PT","@id":"https:\/\/www.valadascoriel.com\/#\/schema\/logo\/image\/","url":"https:\/\/www.valadascoriel.com\/wp-content\/uploads\/2023\/03\/cropped-favicon-1.png","contentUrl":"https:\/\/www.valadascoriel.com\/wp-content\/uploads\/2023\/03\/cropped-favicon-1.png","width":512,"height":512,"caption":"Valadas Coriel & Associados"},"image":{"@id":"https:\/\/www.valadascoriel.com\/#\/schema\/logo\/image\/"},"sameAs":["https:\/\/www.facebook.com\/ValadasCoriel\/","https:\/\/x.com\/valadascoriel","https:\/\/pt.linkedin.com\/company\/vca-valadas-coriel-associados","https:\/\/www.youtube.com\/channel\/UCic8dCFjoTtH5u890aEcW5Q"]}]}},"_links":{"self":[{"href":"https:\/\/www.valadascoriel.com\/pt-pt\/wp-json\/wp\/v2\/pages\/401","targetHints":{"allow":["GET"]}}],"collection":[{"href":"https:\/\/www.valadascoriel.com\/pt-pt\/wp-json\/wp\/v2\/pages"}],"about":[{"href":"https:\/\/www.valadascoriel.com\/pt-pt\/wp-json\/wp\/v2\/types\/page"}],"author":[{"embeddable":true,"href":"https:\/\/www.valadascoriel.com\/pt-pt\/wp-json\/wp\/v2\/users\/1"}],"replies":[{"embeddable":true,"href":"https:\/\/www.valadascoriel.com\/pt-pt\/wp-json\/wp\/v2\/comments?post=401"}],"version-history":[{"count":23,"href":"https:\/\/www.valadascoriel.com\/pt-pt\/wp-json\/wp\/v2\/pages\/401\/revisions"}],"predecessor-version":[{"id":17116,"href":"https:\/\/www.valadascoriel.com\/pt-pt\/wp-json\/wp\/v2\/pages\/401\/revisions\/17116"}],"wp:attachment":[{"href":"https:\/\/www.valadascoriel.com\/pt-pt\/wp-json\/wp\/v2\/media?parent=401"}],"curies":[{"name":"wp","href":"https:\/\/api.w.org\/{rel}","templated":true}]}}