{"id":431,"date":"2023-02-23T10:33:36","date_gmt":"2023-02-23T10:33:36","guid":{"rendered":"https:\/\/www.valadascoriel.com\/?page_id=431"},"modified":"2026-03-13T11:23:56","modified_gmt":"2026-03-13T11:23:56","slug":"sofia-quental","status":"publish","type":"page","link":"https:\/\/www.valadascoriel.com\/pt-pt\/sociedade\/equipa\/sofia-quental\/","title":{"rendered":"Sofia Quental"},"content":{"rendered":"<div class=\"wp-bootstrap-blocks-row row\">\n\t\n\n<div class=\"col-12 col-md-3\">\n\t\t\t\n\n<p><strong>Contacto<br \/><\/strong><a href=\"mailto:sofia.quental@valadascoriel.com\">sofia.quental@valadascoriel.com<\/a><\/p>\n\n\n\n<div class=\"wp-block-outermost-icon-block\"><a class=\"icon-container has-icon-color has-dark-color\" href=\"https:\/\/www.linkedin.com\/in\/sofia-quental-b76a0323\/\" target=\"_blank\" rel=\"noreferrer noopener\" style=\"color:#1f1f1f;width:2em;transform:rotate(0deg) scaleX(1) scaleY(1)\"><svg xmlns=\"http:\/\/www.w3.org\/2000\/svg\" viewBox=\"0 0 24 24\" aria-hidden=\"true\"><path d=\"M19.7,3H4.3C3.582,3,3,3.582,3,4.3v15.4C3,20.418,3.582,21,4.3,21h15.4c0.718,0,1.3-0.582,1.3-1.3V4.3 C21,3.582,20.418,3,19.7,3z M8.339,18.338H5.667v-8.59h2.672V18.338z M7.004,8.574c-0.857,0-1.549-0.694-1.549-1.548 c0-0.855,0.691-1.548,1.549-1.548c0.854,0,1.547,0.694,1.547,1.548C8.551,7.881,7.858,8.574,7.004,8.574z M18.339,18.338h-2.669 v-4.177c0-0.996-0.017-2.278-1.387-2.278c-1.389,0-1.601,1.086-1.601,2.206v4.249h-2.667v-8.59h2.559v1.174h0.037 c0.356-0.675,1.227-1.387,2.526-1.387c2.703,0,3.203,1.779,3.203,4.092V18.338z\"><\/path><\/svg><\/a><\/div>\n\n\n\n<div style=\"height:40px\" aria-hidden=\"true\" class=\"wp-block-spacer\"><\/div>\n\n\t<\/div>\n\n\n\n<div class=\"col-12 col-md-8\">\n\t\t\t\n\n<p>Colabora com a VCA desde janeiro de 2015, onde actualmente \u00e9 S\u00f3cia do Departamento de Private Wealth &amp; Direito Fiscal. Conta com 20 anos de experi\u00eancia, dos quais cerca de 10 foi consultora fiscal na PricewaterhouseCoopers (PwC) em Lisboa, Dublin e Madrid, onde adquiriu compet\u00eancias espec\u00edficas nas \u00e1reas de contencioso e procedimento tribut\u00e1rio, planeamento fiscal, diagn\u00f3sticos de conting\u00eancias e oportunidades para clientes nacionais e internacionais. <br \/>Na VCA, Sofia assessoria clientes nacionais e internacionais em temas fiscais, diagn\u00f3sticos de conting\u00eancias e oportunidades, contencioso fiscal, <a href=\"https:\/\/www.valadascoriel.com\/en\/non-habitual-resident-portuguese-special-tax-regime\/\" target=\"_blank\" rel=\"noreferrer noopener\">Residentes-N\u00e3o-Habituais (RNH)<\/a>, impostos diretos e indiretos e impostos imobili\u00e1rios.<br \/>Sofia Quental \u00e9 \u00e1rbitro tribut\u00e1rio no Centro de Arbitragem Administrativa e Fiscal de Lisboa (CAAD), \u00e9 membro da IR Global e membro ativo da organiza\u00e7\u00e3o prestigiada International Fiscal Association (IFA).<\/p>\n\n\n\n<div style=\"height:10px\" aria-hidden=\"true\" class=\"wp-block-spacer\"><\/div>\n\n\n\n<h6 class=\"wp-block-heading has-primary-color has-text-color\" id=\"h-areas-de-actividade\"><strong>\u00c1reas de Actividade<\/strong><\/h6>\n\n\n\n<p>Private Wealth e Fiscal<\/p>\n\n\n\n<div style=\"height:10px\" aria-hidden=\"true\" class=\"wp-block-spacer\"><\/div>\n\n\n\n<h6 class=\"wp-block-heading has-primary-color has-text-color\" id=\"h-formacao-academica\"><strong>Forma\u00e7\u00e3o Acad\u00e9mica<\/strong><\/h6>\n\n\n\n<p>Licenciatura em Direito &#8211; Universidade Lus\u00edada de Lisboa (1995 &#8211; 1999)<br \/>P\u00f3s-gradua\u00e7\u00e3o em Fiscalidade &#8211; Instituto Superior de Gest\u00e3o em Lisboa (2000 &#8211; 2001)<br \/>P\u00f3s-Gradua\u00e7\u00e3o em Teoria e Pr\u00e1tica de Contencioso Tribut\u00e1rio &#8211; Instituto de Direito Econ\u00f3mico, Financeiro e Fiscal da Faculdade de Direito de Lisboa (2017)<\/p>\n\n\n\n<div style=\"height:10px\" aria-hidden=\"true\" class=\"wp-block-spacer\"><\/div>\n\n\n\n<h6 class=\"wp-block-heading has-primary-color has-text-color\" id=\"h-associacoes-profissionais\"><strong>Associa\u00e7\u00f5es Profissionais<\/strong><\/h6>\n\n\n\n<p>Ordem dos Advogados <strong>|<\/strong> Associa\u00e7\u00e3o Fiscal Portuguesa <strong>|<\/strong> International Bar Association (IBA) <strong>|<\/strong> International Fiscal Association (IFA)<\/p>\n\n\n\n<div style=\"height:10px\" aria-hidden=\"true\" class=\"wp-block-spacer\"><\/div>\n\n\n\n<h6 class=\"wp-block-heading has-primary-color has-text-color\" id=\"h-linguas\"><strong>L\u00ednguas<\/strong><\/h6>\n\n\n\n<p>Portugu\u00eas, Ingl\u00eas e Espanhol<\/p>\n\n\n\n<div style=\"height:40px\" aria-hidden=\"true\" class=\"wp-block-spacer\"><\/div>\n\n\n\n<h4 class=\"wp-block-heading has-primary-color has-text-color\" id=\"h-creditacoes\">Credita\u00e7\u00f5es<\/h4>\n\n\n\n<figure class=\"wp-block-image size-large\"><img loading=\"lazy\" decoding=\"async\" width=\"1024\" height=\"158\" src=\"https:\/\/www.valadascoriel.com\/wp-content\/uploads\/2025\/09\/Recognitions-HMB-VC-SQ-SET-2025-1024x158.png\" alt=\"\" class=\"wp-image-17217\" srcset=\"https:\/\/www.valadascoriel.com\/wp-content\/uploads\/2025\/09\/Recognitions-HMB-VC-SQ-SET-2025-1024x158.png 1024w, https:\/\/www.valadascoriel.com\/wp-content\/uploads\/2025\/09\/Recognitions-HMB-VC-SQ-SET-2025-300x46.png 300w, https:\/\/www.valadascoriel.com\/wp-content\/uploads\/2025\/09\/Recognitions-HMB-VC-SQ-SET-2025-768x119.png 768w, https:\/\/www.valadascoriel.com\/wp-content\/uploads\/2025\/09\/Recognitions-HMB-VC-SQ-SET-2025-1536x237.png 1536w, https:\/\/www.valadascoriel.com\/wp-content\/uploads\/2025\/09\/Recognitions-HMB-VC-SQ-SET-2025-2048x317.png 2048w, https:\/\/www.valadascoriel.com\/wp-content\/uploads\/2025\/09\/Recognitions-HMB-VC-SQ-SET-2025-180x28.png 180w\" sizes=\"auto, (max-width: 1024px) 100vw, 1024px\" \/><\/figure>\n\n\t<\/div>\n\n<\/div>\n","protected":false},"excerpt":{"rendered":"","protected":false},"author":1,"featured_media":14146,"parent":410,"menu_order":6,"comment_status":"closed","ping_status":"closed","template":"","meta":{"content-type":"","footnotes":""},"class_list":["post-431","page","type-page","status-publish","has-post-thumbnail","hentry"],"yoast_head":"<!-- This site is optimized with the Yoast SEO Premium plugin v21.3 (Yoast SEO v26.1.1) - https:\/\/yoast.com\/wordpress\/plugins\/seo\/ -->\n<title>Sofia Quental - VCA - Valadas Coriel e Associados<\/title>\n<meta name=\"robots\" content=\"index, follow, max-snippet:-1, max-image-preview:large, max-video-preview:-1\" \/>\n<link rel=\"canonical\" href=\"https:\/\/www.valadascoriel.com\/pt-pt\/sociedade\/equipa\/sofia-quental\/\" \/>\n<meta property=\"og:locale\" content=\"pt_PT\" \/>\n<meta property=\"og:type\" content=\"article\" \/>\n<meta property=\"og:title\" content=\"Sofia Quental\" \/>\n<meta property=\"og:url\" content=\"https:\/\/www.valadascoriel.com\/pt-pt\/sociedade\/equipa\/sofia-quental\/\" \/>\n<meta property=\"og:site_name\" content=\"VCA - Valadas Coriel e Associados\" \/>\n<meta property=\"article:publisher\" content=\"https:\/\/www.facebook.com\/ValadasCoriel\/\" \/>\n<meta property=\"article:modified_time\" content=\"2026-03-13T11:23:56+00:00\" \/>\n<meta property=\"og:image\" content=\"https:\/\/www.valadascoriel.com\/wp-content\/uploads\/2023\/09\/SQ_HEADER-2.png\" \/>\n\t<meta property=\"og:image:width\" content=\"1478\" \/>\n\t<meta property=\"og:image:height\" content=\"739\" \/>\n\t<meta property=\"og:image:type\" content=\"image\/png\" \/>\n<meta name=\"twitter:card\" content=\"summary_large_image\" \/>\n<meta name=\"twitter:site\" content=\"@valadascoriel\" \/>\n<meta name=\"twitter:label1\" content=\"Tempo estimado de leitura\" \/>\n\t<meta name=\"twitter:data1\" content=\"2 minutos\" \/>\n<script type=\"application\/ld+json\" class=\"yoast-schema-graph\">{\"@context\":\"https:\/\/schema.org\",\"@graph\":[{\"@type\":\"WebPage\",\"@id\":\"https:\/\/www.valadascoriel.com\/pt-pt\/sociedade\/equipa\/sofia-quental\/\",\"url\":\"https:\/\/www.valadascoriel.com\/pt-pt\/sociedade\/equipa\/sofia-quental\/\",\"name\":\"Sofia Quental - VCA - Valadas Coriel e Associados\",\"isPartOf\":{\"@id\":\"https:\/\/www.valadascoriel.com\/#website\"},\"primaryImageOfPage\":{\"@id\":\"https:\/\/www.valadascoriel.com\/pt-pt\/sociedade\/equipa\/sofia-quental\/#primaryimage\"},\"image\":{\"@id\":\"https:\/\/www.valadascoriel.com\/pt-pt\/sociedade\/equipa\/sofia-quental\/#primaryimage\"},\"thumbnailUrl\":\"https:\/\/www.valadascoriel.com\/wp-content\/uploads\/2023\/09\/SQ_HEADER-2.png\",\"datePublished\":\"2023-02-23T10:33:36+00:00\",\"dateModified\":\"2026-03-13T11:23:56+00:00\",\"breadcrumb\":{\"@id\":\"https:\/\/www.valadascoriel.com\/pt-pt\/sociedade\/equipa\/sofia-quental\/#breadcrumb\"},\"inLanguage\":\"pt-PT\",\"potentialAction\":[{\"@type\":\"ReadAction\",\"target\":[\"https:\/\/www.valadascoriel.com\/pt-pt\/sociedade\/equipa\/sofia-quental\/\"]}]},{\"@type\":\"ImageObject\",\"inLanguage\":\"pt-PT\",\"@id\":\"https:\/\/www.valadascoriel.com\/pt-pt\/sociedade\/equipa\/sofia-quental\/#primaryimage\",\"url\":\"https:\/\/www.valadascoriel.com\/wp-content\/uploads\/2023\/09\/SQ_HEADER-2.png\",\"contentUrl\":\"https:\/\/www.valadascoriel.com\/wp-content\/uploads\/2023\/09\/SQ_HEADER-2.png\",\"width\":1478,\"height\":739},{\"@type\":\"BreadcrumbList\",\"@id\":\"https:\/\/www.valadascoriel.com\/pt-pt\/sociedade\/equipa\/sofia-quental\/#breadcrumb\",\"itemListElement\":[{\"@type\":\"ListItem\",\"position\":1,\"name\":\"In\u00edcio\",\"item\":\"https:\/\/www.valadascoriel.com\/pt-pt\/\"},{\"@type\":\"ListItem\",\"position\":2,\"name\":\"A Sociedade\",\"item\":\"https:\/\/www.valadascoriel.com\/pt-pt\/sociedade\/\"},{\"@type\":\"ListItem\",\"position\":3,\"name\":\"Equipa\",\"item\":\"https:\/\/www.valadascoriel.com\/pt-pt\/sociedade\/equipa\/\"},{\"@type\":\"ListItem\",\"position\":4,\"name\":\"Sofia Quental\"}]},{\"@type\":\"WebSite\",\"@id\":\"https:\/\/www.valadascoriel.com\/#website\",\"url\":\"https:\/\/www.valadascoriel.com\/\",\"name\":\"Valadas Coriel & Associados\",\"description\":\"A versatile legal firm combining experience, expertise &amp; creativity.\",\"publisher\":{\"@id\":\"https:\/\/www.valadascoriel.com\/#organization\"},\"potentialAction\":[{\"@type\":\"SearchAction\",\"target\":{\"@type\":\"EntryPoint\",\"urlTemplate\":\"https:\/\/www.valadascoriel.com\/?s={search_term_string}\"},\"query-input\":{\"@type\":\"PropertyValueSpecification\",\"valueRequired\":true,\"valueName\":\"search_term_string\"}}],\"inLanguage\":\"pt-PT\"},{\"@type\":\"Organization\",\"@id\":\"https:\/\/www.valadascoriel.com\/#organization\",\"name\":\"Valadas Coriel & Associados\",\"alternateName\":\"VCA\",\"url\":\"https:\/\/www.valadascoriel.com\/\",\"logo\":{\"@type\":\"ImageObject\",\"inLanguage\":\"pt-PT\",\"@id\":\"https:\/\/www.valadascoriel.com\/#\/schema\/logo\/image\/\",\"url\":\"https:\/\/www.valadascoriel.com\/wp-content\/uploads\/2023\/03\/cropped-favicon-1.png\",\"contentUrl\":\"https:\/\/www.valadascoriel.com\/wp-content\/uploads\/2023\/03\/cropped-favicon-1.png\",\"width\":512,\"height\":512,\"caption\":\"Valadas Coriel & Associados\"},\"image\":{\"@id\":\"https:\/\/www.valadascoriel.com\/#\/schema\/logo\/image\/\"},\"sameAs\":[\"https:\/\/www.facebook.com\/ValadasCoriel\/\",\"https:\/\/x.com\/valadascoriel\",\"https:\/\/pt.linkedin.com\/company\/vca-valadas-coriel-associados\",\"https:\/\/www.youtube.com\/channel\/UCic8dCFjoTtH5u890aEcW5Q\"]}]}<\/script>\n<!-- \/ Yoast SEO Premium plugin. -->","yoast_head_json":{"title":"Sofia Quental - VCA - Valadas Coriel e Associados","robots":{"index":"index","follow":"follow","max-snippet":"max-snippet:-1","max-image-preview":"max-image-preview:large","max-video-preview":"max-video-preview:-1"},"canonical":"https:\/\/www.valadascoriel.com\/pt-pt\/sociedade\/equipa\/sofia-quental\/","og_locale":"pt_PT","og_type":"article","og_title":"Sofia Quental","og_url":"https:\/\/www.valadascoriel.com\/pt-pt\/sociedade\/equipa\/sofia-quental\/","og_site_name":"VCA - Valadas Coriel e Associados","article_publisher":"https:\/\/www.facebook.com\/ValadasCoriel\/","article_modified_time":"2026-03-13T11:23:56+00:00","og_image":[{"width":1478,"height":739,"url":"https:\/\/www.valadascoriel.com\/wp-content\/uploads\/2023\/09\/SQ_HEADER-2.png","type":"image\/png"}],"twitter_card":"summary_large_image","twitter_site":"@valadascoriel","twitter_misc":{"Tempo estimado de leitura":"2 minutos"},"schema":{"@context":"https:\/\/schema.org","@graph":[{"@type":"WebPage","@id":"https:\/\/www.valadascoriel.com\/pt-pt\/sociedade\/equipa\/sofia-quental\/","url":"https:\/\/www.valadascoriel.com\/pt-pt\/sociedade\/equipa\/sofia-quental\/","name":"Sofia Quental - VCA - Valadas Coriel e Associados","isPartOf":{"@id":"https:\/\/www.valadascoriel.com\/#website"},"primaryImageOfPage":{"@id":"https:\/\/www.valadascoriel.com\/pt-pt\/sociedade\/equipa\/sofia-quental\/#primaryimage"},"image":{"@id":"https:\/\/www.valadascoriel.com\/pt-pt\/sociedade\/equipa\/sofia-quental\/#primaryimage"},"thumbnailUrl":"https:\/\/www.valadascoriel.com\/wp-content\/uploads\/2023\/09\/SQ_HEADER-2.png","datePublished":"2023-02-23T10:33:36+00:00","dateModified":"2026-03-13T11:23:56+00:00","breadcrumb":{"@id":"https:\/\/www.valadascoriel.com\/pt-pt\/sociedade\/equipa\/sofia-quental\/#breadcrumb"},"inLanguage":"pt-PT","potentialAction":[{"@type":"ReadAction","target":["https:\/\/www.valadascoriel.com\/pt-pt\/sociedade\/equipa\/sofia-quental\/"]}]},{"@type":"ImageObject","inLanguage":"pt-PT","@id":"https:\/\/www.valadascoriel.com\/pt-pt\/sociedade\/equipa\/sofia-quental\/#primaryimage","url":"https:\/\/www.valadascoriel.com\/wp-content\/uploads\/2023\/09\/SQ_HEADER-2.png","contentUrl":"https:\/\/www.valadascoriel.com\/wp-content\/uploads\/2023\/09\/SQ_HEADER-2.png","width":1478,"height":739},{"@type":"BreadcrumbList","@id":"https:\/\/www.valadascoriel.com\/pt-pt\/sociedade\/equipa\/sofia-quental\/#breadcrumb","itemListElement":[{"@type":"ListItem","position":1,"name":"In\u00edcio","item":"https:\/\/www.valadascoriel.com\/pt-pt\/"},{"@type":"ListItem","position":2,"name":"A Sociedade","item":"https:\/\/www.valadascoriel.com\/pt-pt\/sociedade\/"},{"@type":"ListItem","position":3,"name":"Equipa","item":"https:\/\/www.valadascoriel.com\/pt-pt\/sociedade\/equipa\/"},{"@type":"ListItem","position":4,"name":"Sofia Quental"}]},{"@type":"WebSite","@id":"https:\/\/www.valadascoriel.com\/#website","url":"https:\/\/www.valadascoriel.com\/","name":"Valadas Coriel & Associados","description":"A versatile legal firm combining experience, expertise &amp; creativity.","publisher":{"@id":"https:\/\/www.valadascoriel.com\/#organization"},"potentialAction":[{"@type":"SearchAction","target":{"@type":"EntryPoint","urlTemplate":"https:\/\/www.valadascoriel.com\/?s={search_term_string}"},"query-input":{"@type":"PropertyValueSpecification","valueRequired":true,"valueName":"search_term_string"}}],"inLanguage":"pt-PT"},{"@type":"Organization","@id":"https:\/\/www.valadascoriel.com\/#organization","name":"Valadas Coriel & Associados","alternateName":"VCA","url":"https:\/\/www.valadascoriel.com\/","logo":{"@type":"ImageObject","inLanguage":"pt-PT","@id":"https:\/\/www.valadascoriel.com\/#\/schema\/logo\/image\/","url":"https:\/\/www.valadascoriel.com\/wp-content\/uploads\/2023\/03\/cropped-favicon-1.png","contentUrl":"https:\/\/www.valadascoriel.com\/wp-content\/uploads\/2023\/03\/cropped-favicon-1.png","width":512,"height":512,"caption":"Valadas Coriel & Associados"},"image":{"@id":"https:\/\/www.valadascoriel.com\/#\/schema\/logo\/image\/"},"sameAs":["https:\/\/www.facebook.com\/ValadasCoriel\/","https:\/\/x.com\/valadascoriel","https:\/\/pt.linkedin.com\/company\/vca-valadas-coriel-associados","https:\/\/www.youtube.com\/channel\/UCic8dCFjoTtH5u890aEcW5Q"]}]}},"_links":{"self":[{"href":"https:\/\/www.valadascoriel.com\/pt-pt\/wp-json\/wp\/v2\/pages\/431","targetHints":{"allow":["GET"]}}],"collection":[{"href":"https:\/\/www.valadascoriel.com\/pt-pt\/wp-json\/wp\/v2\/pages"}],"about":[{"href":"https:\/\/www.valadascoriel.com\/pt-pt\/wp-json\/wp\/v2\/types\/page"}],"author":[{"embeddable":true,"href":"https:\/\/www.valadascoriel.com\/pt-pt\/wp-json\/wp\/v2\/users\/1"}],"replies":[{"embeddable":true,"href":"https:\/\/www.valadascoriel.com\/pt-pt\/wp-json\/wp\/v2\/comments?post=431"}],"version-history":[{"count":18,"href":"https:\/\/www.valadascoriel.com\/pt-pt\/wp-json\/wp\/v2\/pages\/431\/revisions"}],"predecessor-version":[{"id":17726,"href":"https:\/\/www.valadascoriel.com\/pt-pt\/wp-json\/wp\/v2\/pages\/431\/revisions\/17726"}],"up":[{"embeddable":true,"href":"https:\/\/www.valadascoriel.com\/pt-pt\/wp-json\/wp\/v2\/pages\/410"}],"wp:featuredmedia":[{"embeddable":true,"href":"https:\/\/www.valadascoriel.com\/pt-pt\/wp-json\/wp\/v2\/media\/14146"}],"wp:attachment":[{"href":"https:\/\/www.valadascoriel.com\/pt-pt\/wp-json\/wp\/v2\/media?parent=431"}],"curies":[{"name":"wp","href":"https:\/\/api.w.org\/{rel}","templated":true}]}}