{"id":435,"date":"2023-02-23T09:39:39","date_gmt":"2023-02-23T09:39:39","guid":{"rendered":"https:\/\/www.valadascoriel.com\/?page_id=435"},"modified":"2023-02-23T11:10:55","modified_gmt":"2023-02-23T11:10:55","slug":"termos-e-condicoes","status":"publish","type":"page","link":"https:\/\/www.valadascoriel.com\/pt-pt\/termos-e-condicoes\/","title":{"rendered":"Termos e Condi\u00e7\u00f5es"},"content":{"rendered":"\n<p>Este website pertence \u00e0 VCA \u2013 Valadas Coriel &amp; Associados, RL. (\u201cVCA\u201d), regendo-se a sua utiliza\u00e7\u00e3o por estes Termos e Condi\u00e7\u00f5es.<\/p>\n\n\n\n<p>O website \u00e9 meramente informativo, n\u00e3o contem teor publicit\u00e1rio nem as suas informa\u00e7\u00f5es constituem qualquer presta\u00e7\u00e3o de servi\u00e7os jur\u00eddicos.<\/p>\n\n\n\n<p>O website pretende dar a conhecer aos utilizadores as actividades desenvolvidas pela VCA com conte\u00fados de car\u00e1cter meramente gen\u00e9rico, n\u00e3o vinculativos, podendo conter erros ou imprecis\u00f5es.<\/p>\n\n\n\n<p>O utilizador ao usar o nosso website reconhece ser conhecedor destes Termos e Condi\u00e7\u00f5es, assim como reconhece aceit\u00e1-los.<\/p>\n\n\n\n<h3 class=\"wp-block-heading\"><strong>Informa\u00e7\u00e3o recolhida<\/strong><\/h3>\n\n\n\n<p>Ao navegar atrav\u00e9s do nosso website o utilizador n\u00e3o fornece necessariamente os seus dados pessoais, pois n\u00e3o ficam registados dados que permitam identific\u00e1-lo directamente.<\/p>\n\n\n\n<p>Poderemos recolher informa\u00e7\u00e3o de car\u00e1cter n\u00e3o identific\u00e1vel para melhorar a navega\u00e7\u00e3o e os servi\u00e7os do nosso website, pelo que para mais informa\u00e7\u00e3o consulte a nossa&nbsp;<a href=\"https:\/\/www.valadascoriel.com\/politica-de-cookies\/\" target=\"_blank\" rel=\"noreferrer noopener\">Pol\u00edtica de Cookies<\/a>.<\/p>\n\n\n\n<p>No entanto, atrav\u00e9s do nosso website poder\u00e1 submeter a sua candidatura on-line, subscrever a nossa newsletter ou solicitar pedido de contacto da nossa parte, o que implicar\u00e1 necessariamente o fornecimento de dados pessoais que ser\u00e3o tratados no \u00e2mbito das&nbsp; finalidades previstas devendo ser consultada a nossa&nbsp;<a href=\"https:\/\/www.valadascoriel.com\/politica-de-privacidade\/\" target=\"_blank\" rel=\"noreferrer noopener\">Pol\u00edtica de Privacidade.<\/a><\/p>\n\n\n\n<h3 class=\"wp-block-heading\"><strong>Acesso ao Site<\/strong><\/h3>\n\n\n\n<p>O acesso ao website poder\u00e1 a qualquer momento ser suspenso, parcial ou totalmente, assim como poder\u00e1 ser sujeito a opera\u00e7\u00f5es de manuten\u00e7\u00e3o ou altera\u00e7\u00f5es, ou mesmo ser encerrado parcial ou definitivamente.<\/p>\n\n\n\n<h3 class=\"wp-block-heading\"><strong>Conte\u00fados do Site<\/strong><\/h3>\n\n\n\n<p>O utilizador reconhece expressamente que os conte\u00fados deste website est\u00e3o protegidos por direitos de propriedade intelectual os quais se obriga a respeitar.<\/p>\n\n\n\n<p>Estes direitos s\u00e3o exercidos quer sobre textos, imagens ou gr\u00e1ficos bem como sobre todas outras informa\u00e7\u00f5es e formas de representa\u00e7\u00e3o gr\u00e1fica.<\/p>\n\n\n\n<p>O utilizador reconhece os direitos de propriedade intelectual da VCA e reconhece n\u00e3o estar autorizado a publicar, copiar, utilizar, modificar ou distribuir os textos e imagens contidas no website ou qualquer outra informa\u00e7\u00e3o no mesmo disponibilizada, sem a autoriza\u00e7\u00e3o pr\u00e9via da VCA.<\/p>\n\n\n\n<h3 class=\"wp-block-heading\"><strong>Responsabilidade da VCA<\/strong><\/h3>\n\n\n\n<p>A VCA n\u00e3o ser\u00e1 respons\u00e1vel por erros ou falhas tempor\u00e1rias ou permanentes na disponibiliza\u00e7\u00e3o do website, assim como n\u00e3o ser\u00e1 respons\u00e1vel por quaisquer danos resultantes da utiliza\u00e7\u00e3o indevida do mesmo.<\/p>\n\n\n\n<p>A VCA disponibiliza&nbsp;<em>links<\/em>&nbsp;para websites de outras entidades. Estes websites n\u00e3o pertencem, n\u00e3o s\u00e3o disponibilizados nem tampouco controlados pela VCA, assim, o utilizador dever\u00e1, ao aceder aos&nbsp;<em>links<\/em>, consultar as pol\u00edticas de privacidade e termos e condi\u00e7\u00f5es dos mesmos.<\/p>\n\n\n\n<p>A cria\u00e7\u00e3o de&nbsp;<em>links<\/em>&nbsp;para o nosso website carece de autoriza\u00e7\u00e3o pr\u00e9via.<\/p>\n\n\n\n<h3 class=\"wp-block-heading\"><strong>Altera\u00e7\u00e3o dos Termos e Condi\u00e7\u00f5es<\/strong><\/h3>\n\n\n\n<p>Os presentes Termos e Condi\u00e7\u00f5es poder\u00e3o a qualquer momento ser modificados, pelo que n\u00e3o dispensam a consulta peri\u00f3dica por parte do utilizador no intuito de verificar a sua actualiza\u00e7\u00e3o.<\/p>\n\n\n\n<p>Se tiver alguma quest\u00e3o dever\u00e1 ser colocada atrav\u00e9s dos seguintes contactos:<\/p>\n\n\n\n<p>Telefone: (+351) 211&nbsp;62 57 00<br \/>E-mail:&nbsp;<a href=\"mailto:privacy@valadascoriel.com\">privacy@valadascoriel.com<\/a><br \/>Morada: Rua Tierno Galvan, n.\u00ba 10, Torre 3, 16\u00ba andar, 1099-008 Lisboa<\/p>\n","protected":false},"excerpt":{"rendered":"<p>Este website pertence \u00e0 VCA \u2013 Valadas Coriel &amp; Associados, RL. (\u201cVCA\u201d), regendo-se a sua utiliza\u00e7\u00e3o por estes Termos e Condi\u00e7\u00f5es. O website \u00e9 meramente informativo, n\u00e3o contem teor publicit\u00e1rio nem as suas informa\u00e7\u00f5es constituem qualquer presta\u00e7\u00e3o de servi\u00e7os jur\u00eddicos. O website pretende dar a conhecer aos utilizadores as actividades desenvolvidas pela VCA com conte\u00fados [&hellip;]<\/p>\n","protected":false},"author":1,"featured_media":0,"parent":0,"menu_order":18,"comment_status":"closed","ping_status":"closed","template":"","meta":{"content-type":"","footnotes":""},"class_list":["post-435","page","type-page","status-publish","hentry"],"yoast_head":"<!-- This site is optimized with the Yoast SEO Premium plugin v21.3 (Yoast SEO v26.1.1) - https:\/\/yoast.com\/wordpress\/plugins\/seo\/ -->\n<title>Termos e Condi\u00e7\u00f5es - VCA - Valadas Coriel e Associados<\/title>\n<meta name=\"robots\" content=\"index, follow, max-snippet:-1, max-image-preview:large, max-video-preview:-1\" \/>\n<link rel=\"canonical\" href=\"https:\/\/www.valadascoriel.com\/termos-e-condicoes\/\" \/>\n<meta property=\"og:locale\" content=\"pt_PT\" \/>\n<meta property=\"og:type\" content=\"article\" \/>\n<meta property=\"og:title\" content=\"Termos e Condi\u00e7\u00f5es\" \/>\n<meta property=\"og:description\" content=\"Este website pertence \u00e0 VCA \u2013 Valadas Coriel &amp; Associados, RL. (\u201cVCA\u201d), regendo-se a sua utiliza\u00e7\u00e3o por estes Termos e Condi\u00e7\u00f5es. O website \u00e9 meramente informativo, n\u00e3o contem teor publicit\u00e1rio nem as suas informa\u00e7\u00f5es constituem qualquer presta\u00e7\u00e3o de servi\u00e7os jur\u00eddicos. O website pretende dar a conhecer aos utilizadores as actividades desenvolvidas pela VCA com conte\u00fados [&hellip;]\" \/>\n<meta property=\"og:url\" content=\"https:\/\/www.valadascoriel.com\/termos-e-condicoes\/\" \/>\n<meta property=\"og:site_name\" content=\"VCA - Valadas Coriel e Associados\" \/>\n<meta property=\"article:publisher\" content=\"https:\/\/www.facebook.com\/ValadasCoriel\/\" \/>\n<meta property=\"article:modified_time\" content=\"2023-02-23T11:10:55+00:00\" \/>\n<meta name=\"twitter:card\" content=\"summary_large_image\" \/>\n<meta name=\"twitter:site\" content=\"@valadascoriel\" \/>\n<meta name=\"twitter:label1\" content=\"Tempo estimado de leitura\" \/>\n\t<meta name=\"twitter:data1\" content=\"3 minutos\" \/>\n<script type=\"application\/ld+json\" class=\"yoast-schema-graph\">{\"@context\":\"https:\/\/schema.org\",\"@graph\":[{\"@type\":\"WebPage\",\"@id\":\"https:\/\/www.valadascoriel.com\/termos-e-condicoes\/\",\"url\":\"https:\/\/www.valadascoriel.com\/termos-e-condicoes\/\",\"name\":\"Termos e Condi\u00e7\u00f5es - VCA - Valadas Coriel e Associados\",\"isPartOf\":{\"@id\":\"https:\/\/www.valadascoriel.com\/#website\"},\"datePublished\":\"2023-02-23T09:39:39+00:00\",\"dateModified\":\"2023-02-23T11:10:55+00:00\",\"breadcrumb\":{\"@id\":\"https:\/\/www.valadascoriel.com\/termos-e-condicoes\/#breadcrumb\"},\"inLanguage\":\"pt-PT\",\"potentialAction\":[{\"@type\":\"ReadAction\",\"target\":[\"https:\/\/www.valadascoriel.com\/termos-e-condicoes\/\"]}]},{\"@type\":\"BreadcrumbList\",\"@id\":\"https:\/\/www.valadascoriel.com\/termos-e-condicoes\/#breadcrumb\",\"itemListElement\":[{\"@type\":\"ListItem\",\"position\":1,\"name\":\"In\u00edcio\",\"item\":\"https:\/\/www.valadascoriel.com\/pt-pt\/\"},{\"@type\":\"ListItem\",\"position\":2,\"name\":\"Termos e Condi\u00e7\u00f5es\"}]},{\"@type\":\"WebSite\",\"@id\":\"https:\/\/www.valadascoriel.com\/#website\",\"url\":\"https:\/\/www.valadascoriel.com\/\",\"name\":\"Valadas Coriel & Associados\",\"description\":\"A versatile legal firm combining experience, expertise &amp; creativity.\",\"publisher\":{\"@id\":\"https:\/\/www.valadascoriel.com\/#organization\"},\"potentialAction\":[{\"@type\":\"SearchAction\",\"target\":{\"@type\":\"EntryPoint\",\"urlTemplate\":\"https:\/\/www.valadascoriel.com\/?s={search_term_string}\"},\"query-input\":{\"@type\":\"PropertyValueSpecification\",\"valueRequired\":true,\"valueName\":\"search_term_string\"}}],\"inLanguage\":\"pt-PT\"},{\"@type\":\"Organization\",\"@id\":\"https:\/\/www.valadascoriel.com\/#organization\",\"name\":\"Valadas Coriel & Associados\",\"alternateName\":\"VCA\",\"url\":\"https:\/\/www.valadascoriel.com\/\",\"logo\":{\"@type\":\"ImageObject\",\"inLanguage\":\"pt-PT\",\"@id\":\"https:\/\/www.valadascoriel.com\/#\/schema\/logo\/image\/\",\"url\":\"https:\/\/www.valadascoriel.com\/wp-content\/uploads\/2023\/03\/cropped-favicon-1.png\",\"contentUrl\":\"https:\/\/www.valadascoriel.com\/wp-content\/uploads\/2023\/03\/cropped-favicon-1.png\",\"width\":512,\"height\":512,\"caption\":\"Valadas Coriel & Associados\"},\"image\":{\"@id\":\"https:\/\/www.valadascoriel.com\/#\/schema\/logo\/image\/\"},\"sameAs\":[\"https:\/\/www.facebook.com\/ValadasCoriel\/\",\"https:\/\/x.com\/valadascoriel\",\"https:\/\/pt.linkedin.com\/company\/vca-valadas-coriel-associados\",\"https:\/\/www.youtube.com\/channel\/UCic8dCFjoTtH5u890aEcW5Q\"]}]}<\/script>\n<!-- \/ Yoast SEO Premium plugin. -->","yoast_head_json":{"title":"Termos e Condi\u00e7\u00f5es - VCA - Valadas Coriel e Associados","robots":{"index":"index","follow":"follow","max-snippet":"max-snippet:-1","max-image-preview":"max-image-preview:large","max-video-preview":"max-video-preview:-1"},"canonical":"https:\/\/www.valadascoriel.com\/termos-e-condicoes\/","og_locale":"pt_PT","og_type":"article","og_title":"Termos e Condi\u00e7\u00f5es","og_description":"Este website pertence \u00e0 VCA \u2013 Valadas Coriel &amp; Associados, RL. (\u201cVCA\u201d), regendo-se a sua utiliza\u00e7\u00e3o por estes Termos e Condi\u00e7\u00f5es. O website \u00e9 meramente informativo, n\u00e3o contem teor publicit\u00e1rio nem as suas informa\u00e7\u00f5es constituem qualquer presta\u00e7\u00e3o de servi\u00e7os jur\u00eddicos. O website pretende dar a conhecer aos utilizadores as actividades desenvolvidas pela VCA com conte\u00fados [&hellip;]","og_url":"https:\/\/www.valadascoriel.com\/termos-e-condicoes\/","og_site_name":"VCA - Valadas Coriel e Associados","article_publisher":"https:\/\/www.facebook.com\/ValadasCoriel\/","article_modified_time":"2023-02-23T11:10:55+00:00","twitter_card":"summary_large_image","twitter_site":"@valadascoriel","twitter_misc":{"Tempo estimado de leitura":"3 minutos"},"schema":{"@context":"https:\/\/schema.org","@graph":[{"@type":"WebPage","@id":"https:\/\/www.valadascoriel.com\/termos-e-condicoes\/","url":"https:\/\/www.valadascoriel.com\/termos-e-condicoes\/","name":"Termos e Condi\u00e7\u00f5es - VCA - Valadas Coriel e Associados","isPartOf":{"@id":"https:\/\/www.valadascoriel.com\/#website"},"datePublished":"2023-02-23T09:39:39+00:00","dateModified":"2023-02-23T11:10:55+00:00","breadcrumb":{"@id":"https:\/\/www.valadascoriel.com\/termos-e-condicoes\/#breadcrumb"},"inLanguage":"pt-PT","potentialAction":[{"@type":"ReadAction","target":["https:\/\/www.valadascoriel.com\/termos-e-condicoes\/"]}]},{"@type":"BreadcrumbList","@id":"https:\/\/www.valadascoriel.com\/termos-e-condicoes\/#breadcrumb","itemListElement":[{"@type":"ListItem","position":1,"name":"In\u00edcio","item":"https:\/\/www.valadascoriel.com\/pt-pt\/"},{"@type":"ListItem","position":2,"name":"Termos e Condi\u00e7\u00f5es"}]},{"@type":"WebSite","@id":"https:\/\/www.valadascoriel.com\/#website","url":"https:\/\/www.valadascoriel.com\/","name":"Valadas Coriel & Associados","description":"A versatile legal firm combining experience, expertise &amp; creativity.","publisher":{"@id":"https:\/\/www.valadascoriel.com\/#organization"},"potentialAction":[{"@type":"SearchAction","target":{"@type":"EntryPoint","urlTemplate":"https:\/\/www.valadascoriel.com\/?s={search_term_string}"},"query-input":{"@type":"PropertyValueSpecification","valueRequired":true,"valueName":"search_term_string"}}],"inLanguage":"pt-PT"},{"@type":"Organization","@id":"https:\/\/www.valadascoriel.com\/#organization","name":"Valadas Coriel & Associados","alternateName":"VCA","url":"https:\/\/www.valadascoriel.com\/","logo":{"@type":"ImageObject","inLanguage":"pt-PT","@id":"https:\/\/www.valadascoriel.com\/#\/schema\/logo\/image\/","url":"https:\/\/www.valadascoriel.com\/wp-content\/uploads\/2023\/03\/cropped-favicon-1.png","contentUrl":"https:\/\/www.valadascoriel.com\/wp-content\/uploads\/2023\/03\/cropped-favicon-1.png","width":512,"height":512,"caption":"Valadas Coriel & Associados"},"image":{"@id":"https:\/\/www.valadascoriel.com\/#\/schema\/logo\/image\/"},"sameAs":["https:\/\/www.facebook.com\/ValadasCoriel\/","https:\/\/x.com\/valadascoriel","https:\/\/pt.linkedin.com\/company\/vca-valadas-coriel-associados","https:\/\/www.youtube.com\/channel\/UCic8dCFjoTtH5u890aEcW5Q"]}]}},"_links":{"self":[{"href":"https:\/\/www.valadascoriel.com\/pt-pt\/wp-json\/wp\/v2\/pages\/435","targetHints":{"allow":["GET"]}}],"collection":[{"href":"https:\/\/www.valadascoriel.com\/pt-pt\/wp-json\/wp\/v2\/pages"}],"about":[{"href":"https:\/\/www.valadascoriel.com\/pt-pt\/wp-json\/wp\/v2\/types\/page"}],"author":[{"embeddable":true,"href":"https:\/\/www.valadascoriel.com\/pt-pt\/wp-json\/wp\/v2\/users\/1"}],"replies":[{"embeddable":true,"href":"https:\/\/www.valadascoriel.com\/pt-pt\/wp-json\/wp\/v2\/comments?post=435"}],"version-history":[{"count":2,"href":"https:\/\/www.valadascoriel.com\/pt-pt\/wp-json\/wp\/v2\/pages\/435\/revisions"}],"predecessor-version":[{"id":469,"href":"https:\/\/www.valadascoriel.com\/pt-pt\/wp-json\/wp\/v2\/pages\/435\/revisions\/469"}],"wp:attachment":[{"href":"https:\/\/www.valadascoriel.com\/pt-pt\/wp-json\/wp\/v2\/media?parent=435"}],"curies":[{"name":"wp","href":"https:\/\/api.w.org\/{rel}","templated":true}]}}