{"id":436,"date":"2023-02-23T09:39:39","date_gmt":"2023-02-23T09:39:39","guid":{"rendered":"https:\/\/www.valadascoriel.com\/?page_id=436"},"modified":"2023-02-23T11:12:14","modified_gmt":"2023-02-23T11:12:14","slug":"politica-de-privacidade","status":"publish","type":"page","link":"https:\/\/www.valadascoriel.com\/pt-pt\/politica-de-privacidade\/","title":{"rendered":"Pol\u00edtica de Privacidade"},"content":{"rendered":"\n<p>Bem-vindo ao website&nbsp;<strong>www.valadascoriel.<\/strong><strong>com<\/strong><\/p>\n\n\n\n<p>Este espa\u00e7o \u00e9 dedicado \u00e0 nossa Pol\u00edtica de Privacidade.<\/p>\n\n\n\n<p>Esta pol\u00edtica \u00e9 importante para si que deseja uma experi\u00eancia positiva na navega\u00e7\u00e3o do website e de confian\u00e7a nos nossos servi\u00e7os e, por conseguinte, \u00e9 importante para n\u00f3s, que procuramos corresponder da melhor forma poss\u00edvel \u00e0s suas expectativas.<\/p>\n\n\n\n<h3 class=\"wp-block-heading\"><strong>I. Quem somos<\/strong><\/h3>\n\n\n\n<p>A VCA \u2013 Valadas Coriel e Associados, RL, (\u201cVCA\u201d) pessoa colectiva n.\u00ba 5505580179, com sede na Rua Tierno Galvan, n.\u00ba 10, Torre 3, 16\u00ba andar, 1099-008 Lisboa, disponibilizando a utiliza\u00e7\u00e3o do website alojado em&nbsp;<strong>www.valadascoriel.com,<\/strong>&nbsp;actua na qualidade de respons\u00e1vel pelo tratamento.<\/p>\n\n\n\n<h3 class=\"wp-block-heading\"><strong>II. Tratamento de Dados<\/strong><\/h3>\n\n\n\n<p><strong><u>A VCA trata os seus dados para diversas finalidades<\/u>:<\/strong><\/p>\n\n\n\n<ul class=\"wp-block-list\">\n<li>Resposta ao seu pedido de contacto<\/li>\n\n\n\n<li>An\u00e1lise e gest\u00e3o da sua candidatura<\/li>\n\n\n\n<li>Subscri\u00e7\u00e3o da nossa Newsletter<\/li>\n\n\n\n<li>Cumprimento de um contrato de presta\u00e7\u00e3o de servi\u00e7os jur\u00eddicos<\/li>\n\n\n\n<li>Cumprimento de obriga\u00e7\u00f5es legais<\/li>\n\n\n\n<li>Prossecu\u00e7\u00e3o de um interesse leg\u00edtimo<\/li>\n<\/ul>\n\n\n\n<p>Os seus dados s\u00e3o tratados de acordo com as finalidades previstas durante a recolha e s\u00e3o armazenados de forma a garantir a sua seguran\u00e7a e confidencialidade.<\/p>\n\n\n\n<p>A VCA tamb\u00e9m recolhe informa\u00e7\u00e3o sobre o hardware e software utilizados por si. No entanto esta informa\u00e7\u00e3o \u00e9 destinada apenas a melhorar a qualidade da visita ao nosso website.<br \/>Para saber mais consulte a nossa&nbsp;<a href=\"https:\/\/www.valadascoriel.com\/politica-de-cookies\/\" target=\"_blank\" rel=\"noreferrer noopener\"><u>Pol\u00edtica de Cookies<\/u><\/a>.<\/p>\n\n\n\n<p>As nossas newsletters permitem-lhe aceder \u00e0 op\u00e7\u00e3o Opt-out caso pretenda deixar de fazer parte da nossa mailing-list.<\/p>\n\n\n\n<p><strong><u>Comunica\u00e7\u00e3o dos seus dados:<\/u><\/strong><\/p>\n\n\n\n<p>Os seus dados s\u00e3o-nos apenas destinados, mas, poderemos recorrer a outras entidades para a presta\u00e7\u00e3o de determinados servi\u00e7os o que poder\u00e1 implicar o acesso por estas aos seus dados pessoais. No entanto, estas entidades actuar\u00e3o na qualidade de subcontratantes da VCA estando estritamente obrigadas a seguir e cumprir as nossas instru\u00e7\u00f5es quanto ao tratamento de dados pessoais.<\/p>\n\n\n\n<p>Poderemos ainda comunicar os seus dados a entidades terceiras no \u00e2mbito da legisla\u00e7\u00e3o aplic\u00e1vel, por forma a assegurar o cumprimento de obriga\u00e7\u00f5es legais.<\/p>\n\n\n\n<p>Os links constantes deste website podem conduzir a outros sites e se decidir aceder aos mesmos dever\u00e1 consultar as pol\u00edticas de privacidade e termos e condi\u00e7\u00f5es destes, uma vez que a sua utiliza\u00e7\u00e3o e conte\u00fado s\u00e3o alheios \u00e0 VCA.<\/p>\n\n\n\n<p><strong><u>Transfer\u00eancia de dados para pa\u00edses terceiros:<\/u><\/strong><\/p>\n\n\n\n<p>Poderemos transferir dados pessoais para pa\u00edses terceiros no \u00e2mbito das finalidades previstas na presente pol\u00edtica. Assim comprometemo-nos a adoptar as medidas de seguran\u00e7a adequadas para assegurar a confidencialidade e protec\u00e7\u00e3o dos seus dados pessoais.<\/p>\n\n\n\n<p><strong><u>Durante quanto tempo conservamos os seus dados?<\/u><\/strong><\/p>\n\n\n\n<p>Apenas conservaremos os seus dados durante o per\u00edodo necess\u00e1rio \u00e0 observ\u00e2ncia dos prop\u00f3sitos pelos quais estes foram recolhidos ou, caso se assim se impuser, durante per\u00edodos mais longos no \u00e2mbito do cumprimento de obriga\u00e7\u00f5es legais.<\/p>\n\n\n\n<p>Nos casos em que o tratamento de dados tenha por base o seu consentimento, em qualquer altura este poder\u00e1 ser retirado, mas, sem comprometer a licitude do tratamento efectuado com base no consentimento previamente dado.<\/p>\n\n\n\n<h3 class=\"wp-block-heading\"><strong>III. Quais os seus direitos enquanto titular de dados<\/strong><\/h3>\n\n\n\n<p>Enquanto titular de dados poder\u00e1 solicitar \u00e0 VCA o acesso aos seus dados pessoais, obtendo a confirma\u00e7\u00e3o de que dados pessoais que lhe dizem respeito s\u00e3o objecto de tratamento.<\/p>\n\n\n\n<p>Tem o direito \u00e0 sua rectifica\u00e7\u00e3o, elimina\u00e7\u00e3o, limita\u00e7\u00e3o do seu tratamento, \u00e0 portabilidade dos seus dados, ou poder\u00e1 opor-se ao seu tratamento conforme a legisla\u00e7\u00e3o aplic\u00e1vel.<\/p>\n\n\n\n<p>Tem igualmente o direito de apresentar reclama\u00e7\u00e3o junto da autoridade de controlo se considerar que o tratamento dos seus dados pessoais viola o Regulamento Geral de Protec\u00e7\u00e3o de Dados, assim como poder\u00e1 propor ac\u00e7\u00e3o judicial contra as decis\u00f5es juridicamente vinculativas que lhe digam respeito emitidas por esta, ou considerando ter havido viola\u00e7\u00e3o dos direitos que lhe assistem, nos termos do Regulamento Geral de Protec\u00e7\u00e3o de Dados.<\/p>\n\n\n\n<p>Para o exerc\u00edcio de qualquer um dos direitos acima referidos, dever\u00e1 submeter um pedido escrito para os seguintes contactos:<\/p>\n\n\n\n<p>E-mail:&nbsp;<a href=\"mailto:privacy@valadascoriel.com\">privacy@valadascoriel.com<\/a><br \/>Morada: Rua Tierno Galvan, n.\u00ba 10, Torre 3, 16\u00ba andar, 1099-008 Lisboa<\/p>\n\n\n\n<p>Para informa\u00e7\u00e3o mais detalhada quanto aos seus direitos, por favor, verifique em:&nbsp;<a href=\"https:\/\/www.valadascoriel.com\/direitos-do-titular-de-dados\/\" target=\"_blank\" rel=\"noreferrer noopener\"><u>Direitos dos titulares de dados<\/u><\/a>.<\/p>\n\n\n\n<h3 class=\"wp-block-heading\"><strong>IV. Seguran\u00e7a e confidencialidade<\/strong><\/h3>\n\n\n\n<p>Estamos empenhados em garantir a confidencialidade dos dados dos utilizadores, para tal empreg\u00e1mos as medidas de seguran\u00e7a apropriadas para assegurar que estes n\u00e3o s\u00e3o acedidos por pessoas n\u00e3o autorizadas. Submetemos os nossos sistemas a an\u00e1lises de seguran\u00e7a peri\u00f3dicas de forma a garantir que os seus dados est\u00e3o protegidos e seguros. No entanto, a transmiss\u00e3o de informa\u00e7\u00e3o via internet n\u00e3o \u00e9 completamente segura, pelo que n\u00e3o podemos garantir absolutamente a seguran\u00e7a da informa\u00e7\u00e3o transmitida atrav\u00e9s do nosso site.<\/p>\n\n\n\n<p>Respeitamos o seu direito \u00e0 confidencialidade dos dados que nos transmite, pelo que n\u00e3o transmitimos os seus dados a entidades terceiras para quaisquer efeitos que n\u00e3o sejam o cumprimento de obriga\u00e7\u00f5es legais ou no \u00e2mbito da presta\u00e7\u00e3o de servi\u00e7os que contrate connosco.<\/p>\n\n\n\n<p><strong>A VCA poder\u00e1 actualizar esta Pol\u00edtica de Privacidade a todo o tempo alterando os presentes termos de tratamento de dados pessoais, por isso solicitamos-lhe que a reveja periodicamente.<\/strong><\/p>\n","protected":false},"excerpt":{"rendered":"<p>Bem-vindo ao website&nbsp;www.valadascoriel.com Este espa\u00e7o \u00e9 dedicado \u00e0 nossa Pol\u00edtica de Privacidade. Esta pol\u00edtica \u00e9 importante para si que deseja uma experi\u00eancia positiva na navega\u00e7\u00e3o do website e de confian\u00e7a nos nossos servi\u00e7os e, por conseguinte, \u00e9 importante para n\u00f3s, que procuramos corresponder da melhor forma poss\u00edvel \u00e0s suas expectativas. I. Quem somos A VCA [&hellip;]<\/p>\n","protected":false},"author":1,"featured_media":0,"parent":0,"menu_order":19,"comment_status":"closed","ping_status":"closed","template":"","meta":{"content-type":"","footnotes":""},"class_list":["post-436","page","type-page","status-publish","hentry"],"yoast_head":"<!-- This site is optimized with the Yoast SEO Premium plugin v21.3 (Yoast SEO v26.1.1) - https:\/\/yoast.com\/wordpress\/plugins\/seo\/ -->\n<title>Pol\u00edtica de Privacidade - VCA - Valadas Coriel e Associados<\/title>\n<meta name=\"robots\" content=\"index, follow, max-snippet:-1, max-image-preview:large, max-video-preview:-1\" \/>\n<link rel=\"canonical\" href=\"https:\/\/www.valadascoriel.com\/politica-de-privacidade\/\" \/>\n<meta property=\"og:locale\" content=\"pt_PT\" \/>\n<meta property=\"og:type\" content=\"article\" \/>\n<meta property=\"og:title\" content=\"Pol\u00edtica de Privacidade\" \/>\n<meta property=\"og:description\" content=\"Bem-vindo ao website&nbsp;www.valadascoriel.com Este espa\u00e7o \u00e9 dedicado \u00e0 nossa Pol\u00edtica de Privacidade. Esta pol\u00edtica \u00e9 importante para si que deseja uma experi\u00eancia positiva na navega\u00e7\u00e3o do website e de confian\u00e7a nos nossos servi\u00e7os e, por conseguinte, \u00e9 importante para n\u00f3s, que procuramos corresponder da melhor forma poss\u00edvel \u00e0s suas expectativas. I. Quem somos A VCA [&hellip;]\" \/>\n<meta property=\"og:url\" content=\"https:\/\/www.valadascoriel.com\/politica-de-privacidade\/\" \/>\n<meta property=\"og:site_name\" content=\"VCA - Valadas Coriel e Associados\" \/>\n<meta property=\"article:publisher\" content=\"https:\/\/www.facebook.com\/ValadasCoriel\/\" \/>\n<meta property=\"article:modified_time\" content=\"2023-02-23T11:12:14+00:00\" \/>\n<meta name=\"twitter:card\" content=\"summary_large_image\" \/>\n<meta name=\"twitter:site\" content=\"@valadascoriel\" \/>\n<meta name=\"twitter:label1\" content=\"Tempo estimado de leitura\" \/>\n\t<meta name=\"twitter:data1\" content=\"4 minutos\" \/>\n<script type=\"application\/ld+json\" class=\"yoast-schema-graph\">{\"@context\":\"https:\/\/schema.org\",\"@graph\":[{\"@type\":\"WebPage\",\"@id\":\"https:\/\/www.valadascoriel.com\/politica-de-privacidade\/\",\"url\":\"https:\/\/www.valadascoriel.com\/politica-de-privacidade\/\",\"name\":\"Pol\u00edtica de Privacidade - VCA - Valadas Coriel e Associados\",\"isPartOf\":{\"@id\":\"https:\/\/www.valadascoriel.com\/#website\"},\"datePublished\":\"2023-02-23T09:39:39+00:00\",\"dateModified\":\"2023-02-23T11:12:14+00:00\",\"breadcrumb\":{\"@id\":\"https:\/\/www.valadascoriel.com\/politica-de-privacidade\/#breadcrumb\"},\"inLanguage\":\"pt-PT\",\"potentialAction\":[{\"@type\":\"ReadAction\",\"target\":[\"https:\/\/www.valadascoriel.com\/politica-de-privacidade\/\"]}]},{\"@type\":\"BreadcrumbList\",\"@id\":\"https:\/\/www.valadascoriel.com\/politica-de-privacidade\/#breadcrumb\",\"itemListElement\":[{\"@type\":\"ListItem\",\"position\":1,\"name\":\"In\u00edcio\",\"item\":\"https:\/\/www.valadascoriel.com\/pt-pt\/\"},{\"@type\":\"ListItem\",\"position\":2,\"name\":\"Pol\u00edtica de Privacidade\"}]},{\"@type\":\"WebSite\",\"@id\":\"https:\/\/www.valadascoriel.com\/#website\",\"url\":\"https:\/\/www.valadascoriel.com\/\",\"name\":\"Valadas Coriel & Associados\",\"description\":\"A versatile legal firm combining experience, expertise &amp; creativity.\",\"publisher\":{\"@id\":\"https:\/\/www.valadascoriel.com\/#organization\"},\"potentialAction\":[{\"@type\":\"SearchAction\",\"target\":{\"@type\":\"EntryPoint\",\"urlTemplate\":\"https:\/\/www.valadascoriel.com\/?s={search_term_string}\"},\"query-input\":{\"@type\":\"PropertyValueSpecification\",\"valueRequired\":true,\"valueName\":\"search_term_string\"}}],\"inLanguage\":\"pt-PT\"},{\"@type\":\"Organization\",\"@id\":\"https:\/\/www.valadascoriel.com\/#organization\",\"name\":\"Valadas Coriel & Associados\",\"alternateName\":\"VCA\",\"url\":\"https:\/\/www.valadascoriel.com\/\",\"logo\":{\"@type\":\"ImageObject\",\"inLanguage\":\"pt-PT\",\"@id\":\"https:\/\/www.valadascoriel.com\/#\/schema\/logo\/image\/\",\"url\":\"https:\/\/www.valadascoriel.com\/wp-content\/uploads\/2023\/03\/cropped-favicon-1.png\",\"contentUrl\":\"https:\/\/www.valadascoriel.com\/wp-content\/uploads\/2023\/03\/cropped-favicon-1.png\",\"width\":512,\"height\":512,\"caption\":\"Valadas Coriel & Associados\"},\"image\":{\"@id\":\"https:\/\/www.valadascoriel.com\/#\/schema\/logo\/image\/\"},\"sameAs\":[\"https:\/\/www.facebook.com\/ValadasCoriel\/\",\"https:\/\/x.com\/valadascoriel\",\"https:\/\/pt.linkedin.com\/company\/vca-valadas-coriel-associados\",\"https:\/\/www.youtube.com\/channel\/UCic8dCFjoTtH5u890aEcW5Q\"]}]}<\/script>\n<!-- \/ Yoast SEO Premium plugin. -->","yoast_head_json":{"title":"Pol\u00edtica de Privacidade - VCA - Valadas Coriel e Associados","robots":{"index":"index","follow":"follow","max-snippet":"max-snippet:-1","max-image-preview":"max-image-preview:large","max-video-preview":"max-video-preview:-1"},"canonical":"https:\/\/www.valadascoriel.com\/politica-de-privacidade\/","og_locale":"pt_PT","og_type":"article","og_title":"Pol\u00edtica de Privacidade","og_description":"Bem-vindo ao website&nbsp;www.valadascoriel.com Este espa\u00e7o \u00e9 dedicado \u00e0 nossa Pol\u00edtica de Privacidade. Esta pol\u00edtica \u00e9 importante para si que deseja uma experi\u00eancia positiva na navega\u00e7\u00e3o do website e de confian\u00e7a nos nossos servi\u00e7os e, por conseguinte, \u00e9 importante para n\u00f3s, que procuramos corresponder da melhor forma poss\u00edvel \u00e0s suas expectativas. I. Quem somos A VCA [&hellip;]","og_url":"https:\/\/www.valadascoriel.com\/politica-de-privacidade\/","og_site_name":"VCA - Valadas Coriel e Associados","article_publisher":"https:\/\/www.facebook.com\/ValadasCoriel\/","article_modified_time":"2023-02-23T11:12:14+00:00","twitter_card":"summary_large_image","twitter_site":"@valadascoriel","twitter_misc":{"Tempo estimado de leitura":"4 minutos"},"schema":{"@context":"https:\/\/schema.org","@graph":[{"@type":"WebPage","@id":"https:\/\/www.valadascoriel.com\/politica-de-privacidade\/","url":"https:\/\/www.valadascoriel.com\/politica-de-privacidade\/","name":"Pol\u00edtica de Privacidade - VCA - Valadas Coriel e Associados","isPartOf":{"@id":"https:\/\/www.valadascoriel.com\/#website"},"datePublished":"2023-02-23T09:39:39+00:00","dateModified":"2023-02-23T11:12:14+00:00","breadcrumb":{"@id":"https:\/\/www.valadascoriel.com\/politica-de-privacidade\/#breadcrumb"},"inLanguage":"pt-PT","potentialAction":[{"@type":"ReadAction","target":["https:\/\/www.valadascoriel.com\/politica-de-privacidade\/"]}]},{"@type":"BreadcrumbList","@id":"https:\/\/www.valadascoriel.com\/politica-de-privacidade\/#breadcrumb","itemListElement":[{"@type":"ListItem","position":1,"name":"In\u00edcio","item":"https:\/\/www.valadascoriel.com\/pt-pt\/"},{"@type":"ListItem","position":2,"name":"Pol\u00edtica de Privacidade"}]},{"@type":"WebSite","@id":"https:\/\/www.valadascoriel.com\/#website","url":"https:\/\/www.valadascoriel.com\/","name":"Valadas Coriel & Associados","description":"A versatile legal firm combining experience, expertise &amp; creativity.","publisher":{"@id":"https:\/\/www.valadascoriel.com\/#organization"},"potentialAction":[{"@type":"SearchAction","target":{"@type":"EntryPoint","urlTemplate":"https:\/\/www.valadascoriel.com\/?s={search_term_string}"},"query-input":{"@type":"PropertyValueSpecification","valueRequired":true,"valueName":"search_term_string"}}],"inLanguage":"pt-PT"},{"@type":"Organization","@id":"https:\/\/www.valadascoriel.com\/#organization","name":"Valadas Coriel & Associados","alternateName":"VCA","url":"https:\/\/www.valadascoriel.com\/","logo":{"@type":"ImageObject","inLanguage":"pt-PT","@id":"https:\/\/www.valadascoriel.com\/#\/schema\/logo\/image\/","url":"https:\/\/www.valadascoriel.com\/wp-content\/uploads\/2023\/03\/cropped-favicon-1.png","contentUrl":"https:\/\/www.valadascoriel.com\/wp-content\/uploads\/2023\/03\/cropped-favicon-1.png","width":512,"height":512,"caption":"Valadas Coriel & Associados"},"image":{"@id":"https:\/\/www.valadascoriel.com\/#\/schema\/logo\/image\/"},"sameAs":["https:\/\/www.facebook.com\/ValadasCoriel\/","https:\/\/x.com\/valadascoriel","https:\/\/pt.linkedin.com\/company\/vca-valadas-coriel-associados","https:\/\/www.youtube.com\/channel\/UCic8dCFjoTtH5u890aEcW5Q"]}]}},"_links":{"self":[{"href":"https:\/\/www.valadascoriel.com\/pt-pt\/wp-json\/wp\/v2\/pages\/436","targetHints":{"allow":["GET"]}}],"collection":[{"href":"https:\/\/www.valadascoriel.com\/pt-pt\/wp-json\/wp\/v2\/pages"}],"about":[{"href":"https:\/\/www.valadascoriel.com\/pt-pt\/wp-json\/wp\/v2\/types\/page"}],"author":[{"embeddable":true,"href":"https:\/\/www.valadascoriel.com\/pt-pt\/wp-json\/wp\/v2\/users\/1"}],"replies":[{"embeddable":true,"href":"https:\/\/www.valadascoriel.com\/pt-pt\/wp-json\/wp\/v2\/comments?post=436"}],"version-history":[{"count":2,"href":"https:\/\/www.valadascoriel.com\/pt-pt\/wp-json\/wp\/v2\/pages\/436\/revisions"}],"predecessor-version":[{"id":471,"href":"https:\/\/www.valadascoriel.com\/pt-pt\/wp-json\/wp\/v2\/pages\/436\/revisions\/471"}],"wp:attachment":[{"href":"https:\/\/www.valadascoriel.com\/pt-pt\/wp-json\/wp\/v2\/media?parent=436"}],"curies":[{"name":"wp","href":"https:\/\/api.w.org\/{rel}","templated":true}]}}