{"id":437,"date":"2023-02-23T09:39:39","date_gmt":"2023-02-23T09:39:39","guid":{"rendered":"https:\/\/www.valadascoriel.com\/?page_id=437"},"modified":"2023-02-23T11:13:16","modified_gmt":"2023-02-23T11:13:16","slug":"politica-de-cookies","status":"publish","type":"page","link":"https:\/\/www.valadascoriel.com\/pt-pt\/politica-de-cookies\/","title":{"rendered":"Pol\u00edtica de Cookies"},"content":{"rendered":"\n<h3 class=\"wp-block-heading\"><strong>O que s\u00e3o cookies:<\/strong><\/h3>\n\n\n\n<p>Os cookies s\u00e3o pequenos ficheiros de texto que, embora n\u00e3o recolhem informa\u00e7\u00f5es pessoais que permitem identificar o utilizador, guardam no dispositivo de acesso, informa\u00e7\u00f5es gen\u00e9ricas sobre o utilizador que lhe permitem uma posterior utiliza\u00e7\u00e3o de sites de forma mais r\u00e1pida e eficiente.<\/p>\n\n\n\n<p>Os cookies t\u00eam fun\u00e7\u00f5es espec\u00edficas, sendo muito utilizados para gerir o funcionamento dos websites, para aumentar a efici\u00eancia dos mesmos, fornecer informa\u00e7\u00f5es \u00e0s entidades respons\u00e1veis pelos websites e\/ou gerir as sess\u00f5es dos utilizadores. Permitem direccionar a navega\u00e7\u00e3o do utilizador conforme os seus interesses e prefer\u00eancias. Podem durar a sess\u00e3o do utilizador ou prolongar-se ap\u00f3s o seu fecho, de forma persistente, conforme a fun\u00e7\u00e3o a que se destinem.<\/p>\n\n\n\n<h3 class=\"wp-block-heading\"><strong>Tipos de cookies:<\/strong><\/h3>\n\n\n\n<ul class=\"wp-block-list\">\n<li><strong>Necess\u00e1rios<\/strong>&nbsp;\u2013 cookies geralmente activos apenas durante a sess\u00e3o do utilizador permitindo identific\u00e1-lo. S\u00e3o essenciais ao funcionamento dos servi\u00e7os disponibilizados nos websites<\/li>\n\n\n\n<li><strong>De performance<\/strong>&nbsp;\u2013 cookies activos durante a sess\u00e3o do utilizador, ou de forma persistente, com o fim de melhorar o desempenho do website atrav\u00e9s da an\u00e1lise da forma como os utilizadores o usam<\/li>\n\n\n\n<li><strong>Funcionais<\/strong>&nbsp;\u2013 cookies activos durante a sess\u00e3o do utilizador, ou de forma persistente, com o fim de permitir ao utilizador uma navega\u00e7\u00e3o mais eficiente e individualizada<\/li>\n\n\n\n<li><strong>De publicidade<\/strong>&nbsp;\u2013 cookies activos de forma persistente, mas por per\u00edodo limitado, com o fim de recolherem informa\u00e7\u00e3o do utilizador sobre h\u00e1bitos de navega\u00e7\u00e3o na internet de modo a que a publicidade visualizada por aquele corresponda \u00e0s suas necessidades e interesses<\/li>\n<\/ul>\n\n\n\n<h3 class=\"wp-block-heading\"><strong>Os cookies no site<\/strong><strong>&nbsp;&nbsp;www.valadascoriel.com<\/strong><strong>:<\/strong><\/h3>\n\n\n\n<p>A VCA \u2013 Valadas Coriel &amp; Associados, RL., utiliza cookies no seu website para melhor gerir a navega\u00e7\u00e3o dos seus utilizadores, podendo esta gest\u00e3o ficar a cabo de websites de entidades externas, para efeitos de analise estat\u00edstica.<\/p>\n\n\n\n<p>S\u00e3o utilizados para diversos fins, tais como:<\/p>\n\n\n\n<ul class=\"wp-block-list\">\n<li>Reconhecimento do utilizador durante a sess\u00e3o<\/li>\n\n\n\n<li>Quest\u00f5es de seguran\u00e7a<\/li>\n\n\n\n<li>Personalizar a navega\u00e7\u00e3o no website em conson\u00e2ncia com as prefer\u00eancias do utilizador<\/li>\n\n\n\n<li>Para efeitos de obter dados estat\u00edsticos an\u00f3nimos como por exemplo, as p\u00e1ginas visitadas, o n\u00famero de visitantes num determinado website, entre outros.<\/li>\n<\/ul>\n\n\n\n<h3 class=\"wp-block-heading\"><strong>Para efeitos de Remarketing:<\/strong><\/h3>\n\n\n\n<p>Os cookies permitem aos prestadores de servi\u00e7os da VCA \u2013 Valadas Coriel &amp; Associados, RL incluindo o google, recolher informa\u00e7\u00f5es sobre visitas anteriores ao website e apresentar em websites de terceiros an\u00fancios da empresa com relev\u00e2ncia e interesse para os clientes e utilizadores.<\/p>\n\n\n\n<h3 class=\"wp-block-heading\"><strong>Desactiva\u00e7\u00e3o dos cookies:<\/strong><\/h3>\n\n\n\n<p>Todos os browsers permitem ao utilizador aceitar, recusar ou apagar cookies, nomeadamente atrav\u00e9s da selec\u00e7\u00e3o das defini\u00e7\u00f5es apropriadas no respectivo navegador, pelo que o utilizador pode, a qualquer momento, desactivar parcial ou totalmente os cookies utilizados no website da VCA \u2013 Valadas Coriel &amp; Associados, RL.<\/p>\n\n\n\n<p>Para obter mais informa\u00e7\u00f5es consulte as instru\u00e7\u00f5es e manuais do pr\u00f3prio navegador.<\/p>\n\n\n\n<p>Sobre cookies e a respectiva utiliza\u00e7\u00e3o consulte os seguintes links:<\/p>\n\n\n\n<ul class=\"wp-block-list\">\n<li><a href=\"http:\/\/www.microsoft.com\/info\/cookies.mspx\" target=\"_blank\" rel=\"noreferrer noopener\">Microsoft Cookies guide<\/a><\/li>\n\n\n\n<li><a href=\"http:\/\/www.allaboutcookies.org\/\" target=\"_blank\" rel=\"noreferrer noopener\">All About Cookies<\/a><\/li>\n<\/ul>\n\n\n\n<p>Contudo, informamos que ao desactivar os cookies o nosso website pode n\u00e3o funcionar correctamente, ficando prejudicada a experi\u00eancia de navega\u00e7\u00e3o.<\/p>\n","protected":false},"excerpt":{"rendered":"<p>O que s\u00e3o cookies: Os cookies s\u00e3o pequenos ficheiros de texto que, embora n\u00e3o recolhem informa\u00e7\u00f5es pessoais que permitem identificar o utilizador, guardam no dispositivo de acesso, informa\u00e7\u00f5es gen\u00e9ricas sobre o utilizador que lhe permitem uma posterior utiliza\u00e7\u00e3o de sites de forma mais r\u00e1pida e eficiente. Os cookies t\u00eam fun\u00e7\u00f5es espec\u00edficas, sendo muito utilizados para [&hellip;]<\/p>\n","protected":false},"author":1,"featured_media":0,"parent":0,"menu_order":20,"comment_status":"closed","ping_status":"closed","template":"","meta":{"content-type":"","footnotes":""},"class_list":["post-437","page","type-page","status-publish","hentry"],"yoast_head":"<!-- This site is optimized with the Yoast SEO Premium plugin v21.3 (Yoast SEO v26.1.1) - https:\/\/yoast.com\/wordpress\/plugins\/seo\/ -->\n<title>Pol\u00edtica de Cookies - VCA - Valadas Coriel e Associados<\/title>\n<meta name=\"robots\" content=\"index, follow, max-snippet:-1, max-image-preview:large, max-video-preview:-1\" \/>\n<link rel=\"canonical\" href=\"https:\/\/www.valadascoriel.com\/politica-de-cookies\/\" \/>\n<meta property=\"og:locale\" content=\"pt_PT\" \/>\n<meta property=\"og:type\" content=\"article\" \/>\n<meta property=\"og:title\" content=\"Pol\u00edtica de Cookies\" \/>\n<meta property=\"og:description\" content=\"O que s\u00e3o cookies: Os cookies s\u00e3o pequenos ficheiros de texto que, embora n\u00e3o recolhem informa\u00e7\u00f5es pessoais que permitem identificar o utilizador, guardam no dispositivo de acesso, informa\u00e7\u00f5es gen\u00e9ricas sobre o utilizador que lhe permitem uma posterior utiliza\u00e7\u00e3o de sites de forma mais r\u00e1pida e eficiente. Os cookies t\u00eam fun\u00e7\u00f5es espec\u00edficas, sendo muito utilizados para [&hellip;]\" \/>\n<meta property=\"og:url\" content=\"https:\/\/www.valadascoriel.com\/politica-de-cookies\/\" \/>\n<meta property=\"og:site_name\" content=\"VCA - Valadas Coriel e Associados\" \/>\n<meta property=\"article:publisher\" content=\"https:\/\/www.facebook.com\/ValadasCoriel\/\" \/>\n<meta property=\"article:modified_time\" content=\"2023-02-23T11:13:16+00:00\" \/>\n<meta name=\"twitter:card\" content=\"summary_large_image\" \/>\n<meta name=\"twitter:site\" content=\"@valadascoriel\" \/>\n<meta name=\"twitter:label1\" content=\"Tempo estimado de leitura\" \/>\n\t<meta name=\"twitter:data1\" content=\"3 minutos\" \/>\n<script type=\"application\/ld+json\" class=\"yoast-schema-graph\">{\"@context\":\"https:\/\/schema.org\",\"@graph\":[{\"@type\":\"WebPage\",\"@id\":\"https:\/\/www.valadascoriel.com\/politica-de-cookies\/\",\"url\":\"https:\/\/www.valadascoriel.com\/politica-de-cookies\/\",\"name\":\"Pol\u00edtica de Cookies - VCA - Valadas Coriel e Associados\",\"isPartOf\":{\"@id\":\"https:\/\/www.valadascoriel.com\/#website\"},\"datePublished\":\"2023-02-23T09:39:39+00:00\",\"dateModified\":\"2023-02-23T11:13:16+00:00\",\"breadcrumb\":{\"@id\":\"https:\/\/www.valadascoriel.com\/politica-de-cookies\/#breadcrumb\"},\"inLanguage\":\"pt-PT\",\"potentialAction\":[{\"@type\":\"ReadAction\",\"target\":[\"https:\/\/www.valadascoriel.com\/politica-de-cookies\/\"]}]},{\"@type\":\"BreadcrumbList\",\"@id\":\"https:\/\/www.valadascoriel.com\/politica-de-cookies\/#breadcrumb\",\"itemListElement\":[{\"@type\":\"ListItem\",\"position\":1,\"name\":\"In\u00edcio\",\"item\":\"https:\/\/www.valadascoriel.com\/pt-pt\/\"},{\"@type\":\"ListItem\",\"position\":2,\"name\":\"Pol\u00edtica de Cookies\"}]},{\"@type\":\"WebSite\",\"@id\":\"https:\/\/www.valadascoriel.com\/#website\",\"url\":\"https:\/\/www.valadascoriel.com\/\",\"name\":\"Valadas Coriel & Associados\",\"description\":\"A versatile legal firm combining experience, expertise &amp; creativity.\",\"publisher\":{\"@id\":\"https:\/\/www.valadascoriel.com\/#organization\"},\"potentialAction\":[{\"@type\":\"SearchAction\",\"target\":{\"@type\":\"EntryPoint\",\"urlTemplate\":\"https:\/\/www.valadascoriel.com\/?s={search_term_string}\"},\"query-input\":{\"@type\":\"PropertyValueSpecification\",\"valueRequired\":true,\"valueName\":\"search_term_string\"}}],\"inLanguage\":\"pt-PT\"},{\"@type\":\"Organization\",\"@id\":\"https:\/\/www.valadascoriel.com\/#organization\",\"name\":\"Valadas Coriel & Associados\",\"alternateName\":\"VCA\",\"url\":\"https:\/\/www.valadascoriel.com\/\",\"logo\":{\"@type\":\"ImageObject\",\"inLanguage\":\"pt-PT\",\"@id\":\"https:\/\/www.valadascoriel.com\/#\/schema\/logo\/image\/\",\"url\":\"https:\/\/www.valadascoriel.com\/wp-content\/uploads\/2023\/03\/cropped-favicon-1.png\",\"contentUrl\":\"https:\/\/www.valadascoriel.com\/wp-content\/uploads\/2023\/03\/cropped-favicon-1.png\",\"width\":512,\"height\":512,\"caption\":\"Valadas Coriel & Associados\"},\"image\":{\"@id\":\"https:\/\/www.valadascoriel.com\/#\/schema\/logo\/image\/\"},\"sameAs\":[\"https:\/\/www.facebook.com\/ValadasCoriel\/\",\"https:\/\/x.com\/valadascoriel\",\"https:\/\/pt.linkedin.com\/company\/vca-valadas-coriel-associados\",\"https:\/\/www.youtube.com\/channel\/UCic8dCFjoTtH5u890aEcW5Q\"]}]}<\/script>\n<!-- \/ Yoast SEO Premium plugin. -->","yoast_head_json":{"title":"Pol\u00edtica de Cookies - VCA - Valadas Coriel e Associados","robots":{"index":"index","follow":"follow","max-snippet":"max-snippet:-1","max-image-preview":"max-image-preview:large","max-video-preview":"max-video-preview:-1"},"canonical":"https:\/\/www.valadascoriel.com\/politica-de-cookies\/","og_locale":"pt_PT","og_type":"article","og_title":"Pol\u00edtica de Cookies","og_description":"O que s\u00e3o cookies: Os cookies s\u00e3o pequenos ficheiros de texto que, embora n\u00e3o recolhem informa\u00e7\u00f5es pessoais que permitem identificar o utilizador, guardam no dispositivo de acesso, informa\u00e7\u00f5es gen\u00e9ricas sobre o utilizador que lhe permitem uma posterior utiliza\u00e7\u00e3o de sites de forma mais r\u00e1pida e eficiente. Os cookies t\u00eam fun\u00e7\u00f5es espec\u00edficas, sendo muito utilizados para [&hellip;]","og_url":"https:\/\/www.valadascoriel.com\/politica-de-cookies\/","og_site_name":"VCA - Valadas Coriel e Associados","article_publisher":"https:\/\/www.facebook.com\/ValadasCoriel\/","article_modified_time":"2023-02-23T11:13:16+00:00","twitter_card":"summary_large_image","twitter_site":"@valadascoriel","twitter_misc":{"Tempo estimado de leitura":"3 minutos"},"schema":{"@context":"https:\/\/schema.org","@graph":[{"@type":"WebPage","@id":"https:\/\/www.valadascoriel.com\/politica-de-cookies\/","url":"https:\/\/www.valadascoriel.com\/politica-de-cookies\/","name":"Pol\u00edtica de Cookies - VCA - Valadas Coriel e Associados","isPartOf":{"@id":"https:\/\/www.valadascoriel.com\/#website"},"datePublished":"2023-02-23T09:39:39+00:00","dateModified":"2023-02-23T11:13:16+00:00","breadcrumb":{"@id":"https:\/\/www.valadascoriel.com\/politica-de-cookies\/#breadcrumb"},"inLanguage":"pt-PT","potentialAction":[{"@type":"ReadAction","target":["https:\/\/www.valadascoriel.com\/politica-de-cookies\/"]}]},{"@type":"BreadcrumbList","@id":"https:\/\/www.valadascoriel.com\/politica-de-cookies\/#breadcrumb","itemListElement":[{"@type":"ListItem","position":1,"name":"In\u00edcio","item":"https:\/\/www.valadascoriel.com\/pt-pt\/"},{"@type":"ListItem","position":2,"name":"Pol\u00edtica de Cookies"}]},{"@type":"WebSite","@id":"https:\/\/www.valadascoriel.com\/#website","url":"https:\/\/www.valadascoriel.com\/","name":"Valadas Coriel & Associados","description":"A versatile legal firm combining experience, expertise &amp; creativity.","publisher":{"@id":"https:\/\/www.valadascoriel.com\/#organization"},"potentialAction":[{"@type":"SearchAction","target":{"@type":"EntryPoint","urlTemplate":"https:\/\/www.valadascoriel.com\/?s={search_term_string}"},"query-input":{"@type":"PropertyValueSpecification","valueRequired":true,"valueName":"search_term_string"}}],"inLanguage":"pt-PT"},{"@type":"Organization","@id":"https:\/\/www.valadascoriel.com\/#organization","name":"Valadas Coriel & Associados","alternateName":"VCA","url":"https:\/\/www.valadascoriel.com\/","logo":{"@type":"ImageObject","inLanguage":"pt-PT","@id":"https:\/\/www.valadascoriel.com\/#\/schema\/logo\/image\/","url":"https:\/\/www.valadascoriel.com\/wp-content\/uploads\/2023\/03\/cropped-favicon-1.png","contentUrl":"https:\/\/www.valadascoriel.com\/wp-content\/uploads\/2023\/03\/cropped-favicon-1.png","width":512,"height":512,"caption":"Valadas Coriel & Associados"},"image":{"@id":"https:\/\/www.valadascoriel.com\/#\/schema\/logo\/image\/"},"sameAs":["https:\/\/www.facebook.com\/ValadasCoriel\/","https:\/\/x.com\/valadascoriel","https:\/\/pt.linkedin.com\/company\/vca-valadas-coriel-associados","https:\/\/www.youtube.com\/channel\/UCic8dCFjoTtH5u890aEcW5Q"]}]}},"_links":{"self":[{"href":"https:\/\/www.valadascoriel.com\/pt-pt\/wp-json\/wp\/v2\/pages\/437","targetHints":{"allow":["GET"]}}],"collection":[{"href":"https:\/\/www.valadascoriel.com\/pt-pt\/wp-json\/wp\/v2\/pages"}],"about":[{"href":"https:\/\/www.valadascoriel.com\/pt-pt\/wp-json\/wp\/v2\/types\/page"}],"author":[{"embeddable":true,"href":"https:\/\/www.valadascoriel.com\/pt-pt\/wp-json\/wp\/v2\/users\/1"}],"replies":[{"embeddable":true,"href":"https:\/\/www.valadascoriel.com\/pt-pt\/wp-json\/wp\/v2\/comments?post=437"}],"version-history":[{"count":2,"href":"https:\/\/www.valadascoriel.com\/pt-pt\/wp-json\/wp\/v2\/pages\/437\/revisions"}],"predecessor-version":[{"id":473,"href":"https:\/\/www.valadascoriel.com\/pt-pt\/wp-json\/wp\/v2\/pages\/437\/revisions\/473"}],"wp:attachment":[{"href":"https:\/\/www.valadascoriel.com\/pt-pt\/wp-json\/wp\/v2\/media?parent=437"}],"curies":[{"name":"wp","href":"https:\/\/api.w.org\/{rel}","templated":true}]}}